{"id":39043,"date":"2025-11-11T17:22:29","date_gmt":"2025-11-11T14:22:29","guid":{"rendered":"https:\/\/packmarkt.com\/product\/kuti-plastike-e-palosshme-e-shpuar-400x600x160mm\/"},"modified":"2025-11-11T17:22:29","modified_gmt":"2025-11-11T14:22:29","slug":"kuti-plastike-e-palosshme-e-shpuar-400x600x160mm","status":"publish","type":"product","link":"https:\/\/packmarkt.com\/sq\/produkt\/kuti-plastike-e-palosshme-e-shpuar-400x600x160mm\/","title":{"rendered":"Kuti plastike e palosshme e shpuar 400x600x160mm"},"content":{"rendered":"<p><strong>Kutia plastike e palosshme <\/strong>\u00ebsht\u00eb nj\u00eb zgjidhje praktike dhe e q\u00ebndrueshme p\u00ebr ruajtjen dhe transportin e produkteve. Dizajni i saj i palossh\u00ebm redukton ndjesh\u00ebm hap\u00ebsir\u00ebn e nevojshme kur nuk p\u00ebrdoret, duke ofruar fleksibilitet dhe ekonomi n\u00eb menaxhimin e logjistik\u00ebs. <\/p>\n<p>Dizajni i saj i shpuar e b\u00ebn at\u00eb ideal p\u00ebr ruajtjen dhe transportin e produkteve q\u00eb k\u00ebrkojn\u00eb ajrosje ose kullim t\u00eb mir\u00eb. E p\u00ebrshtatshme p\u00ebr p\u00ebrdorim profesional dhe sht\u00ebpiak, ofron prakticitet, higjien\u00eb dhe kursim hap\u00ebsire. <\/p>\n<p><strong>Karakteristika &amp; P\u00ebrfitime:<\/strong><\/p>\n<ul>\n<li><strong>Dizajn i shpuar<\/strong>: Lejon qarkullimin e lir\u00eb t\u00eb ajrit, duke parandaluar grumbullimin e lag\u00ebshtis\u00eb dhe duke leht\u00ebsuar kullimin.<\/li>\n<li><strong data-start=\"549\" data-end=\"579\">Dizajn i palossh\u00ebm:<\/strong> Kursim hap\u00ebsire kur nuk p\u00ebrdoret.<\/li>\n<li><strong data-start=\"466\" data-end=\"483\">E stivueshme:<\/strong> Stivohet n\u00eb m\u00ebnyr\u00eb t\u00eb sigurt kur \u00ebsht\u00eb plot, duke siguruar transport t\u00eb q\u00ebndruesh\u00ebm dhe t\u00eb sigurt.<\/li>\n<li><strong>Pastrim i leht\u00eb<\/strong>: Ideale p\u00ebr p\u00ebrdorim n\u00eb mjedise me k\u00ebrkesa t\u00eb larta higjienike.<\/li>\n<\/ul>\n<p><strong>Specifikime Teknike:<\/strong><\/p>\n<ul>\n<li><strong>Dimensionet e jashtme<\/strong>: 400x600x160mm<\/li>\n<li><strong>Ngjyrat<\/strong>: gri, e kuqe, e verdh\u00eb, jeshile, blu<\/li>\n<\/ul>\n<p><strong>Aplikime:<\/strong><\/p>\n<ul>\n<li><strong>Ambiente profesionale<\/strong> si magazina, punishte, laborator\u00eb dhe dyqane<\/li>\n<li><strong>Tregje dhe ferma<\/strong>, p\u00ebr transportin dhe ruajtjen e produkteve t\u00eb fresk\u00ebta<\/li>\n<li><strong>Ambiente sht\u00ebpiake<\/strong>, p\u00ebr organizimin ose ruajtjen e sendeve q\u00eb k\u00ebrkojn\u00eb ajrosje<\/li>\n<li><strong>Aplikime industriale<\/strong> ku k\u00ebrkohet higjien\u00eb dhe ajrosje e duhur e p\u00ebrmbajtjes<\/li>\n<\/ul>\n","protected":false},"excerpt":{"rendered":"<p><strong>Kodi:<\/strong> KSKK6016<br \/>\n<strong>Dimensionet e jashtme: <\/strong>400x600x160mm<br \/>\n<strong>Ngjyra: <\/strong>gri, e kuqe, e verdh\u00eb, jeshile, blu<br \/>\n<strong>Paketimi:<\/strong> 1 cop\u00eb<\/p>\n","protected":false},"featured_media":11022,"template":"","meta":[],"product_brand":[],"product_cat":[1326],"product_tag":[],"class_list":{"0":"post-39043","1":"product","2":"type-product","3":"status-publish","4":"has-post-thumbnail","6":"product_cat-kasa","7":"ts_product_brand-kayalar","9":"first","10":"instock","11":"taxable","12":"shipping-taxable","13":"product-type-simple"},"aioseo_notices":[],"_links":{"self":[{"href":"https:\/\/packmarkt.com\/sq\/wp-json\/wp\/v2\/product\/39043","targetHints":{"allow":["GET"]}}],"collection":[{"href":"https:\/\/packmarkt.com\/sq\/wp-json\/wp\/v2\/product"}],"about":[{"href":"https:\/\/packmarkt.com\/sq\/wp-json\/wp\/v2\/types\/product"}],"wp:featuredmedia":[{"embeddable":true,"href":"https:\/\/packmarkt.com\/sq\/wp-json\/wp\/v2\/media\/11022"}],"wp:attachment":[{"href":"https:\/\/packmarkt.com\/sq\/wp-json\/wp\/v2\/media?parent=39043"}],"wp:term":[{"taxonomy":"product_brand","embeddable":true,"href":"https:\/\/packmarkt.com\/sq\/wp-json\/wp\/v2\/product_brand?post=39043"},{"taxonomy":"product_cat","embeddable":true,"href":"https:\/\/packmarkt.com\/sq\/wp-json\/wp\/v2\/product_cat?post=39043"},{"taxonomy":"product_tag","embeddable":true,"href":"https:\/\/packmarkt.com\/sq\/wp-json\/wp\/v2\/product_tag?post=39043"}],"curies":[{"name":"wp","href":"https:\/\/api.w.org\/{rel}","templated":true}]}}