{"id":38945,"date":"2025-11-14T10:45:58","date_gmt":"2025-11-14T07:45:58","guid":{"rendered":"https:\/\/packmarkt.com\/product\/kuti-paletash-e-mbyllur-me-4-kembe-dhe-hapje-anesore-800x1200x800mm\/"},"modified":"2025-11-14T10:45:58","modified_gmt":"2025-11-14T07:45:58","slug":"kuti-paletash-e-mbyllur-me-4-kembe-dhe-hapje-anesore-800x1200x800mm","status":"publish","type":"product","link":"https:\/\/packmarkt.com\/sq\/produkt\/kuti-paletash-e-mbyllur-me-4-kembe-dhe-hapje-anesore-800x1200x800mm\/","title":{"rendered":"Kuti paletash e mbyllur me 4 k\u00ebmb\u00eb dhe hapje an\u00ebsore 800x1200x800mm"},"content":{"rendered":"<p>Kutia e paletave e tipit t\u00eb mbyllur me <strong data-start=\"256\" data-end=\"274\">hapje an\u00ebsore<\/strong> K9000SO \u00ebsht\u00eb nj\u00eb zgjidhje e fort\u00eb, praktike dhe e leht\u00eb p\u00ebr t&#8217;u p\u00ebrdorur p\u00ebr ruajtjen dhe transportin e produkteve. Hapja an\u00ebsore ofron qasje t\u00eb drejtp\u00ebrdrejt\u00eb n\u00eb brend\u00ebsi, duke leht\u00ebsuar ngarkimin dhe shkarkimin pa pasur nevoj\u00eb p\u00ebr zhvendosje ose heqje t\u00eb plot\u00eb t\u00eb kapakut t\u00eb kutis\u00eb. Dizajni i mbyllur mbron p\u00ebrmbajtjen nga pluhuri dhe lag\u00ebshtia, nd\u00ebrsa 4 k\u00ebmb\u00ebt ofrojn\u00eb stabilitet dhe leht\u00ebsi n\u00eb l\u00ebvizje.  <\/p>\n<h5><b>Karakteristika &amp; P\u00ebrfitime<\/b><\/h5>\n<ul>\n<li class=\"p1\"><span class=\"s1\"><b>Dizajn i mbyllur:<\/b><\/span> Ofron mbrojtje t\u00eb p\u00ebrmbajtjes nga faktor\u00ebt e jasht\u00ebm.<\/li>\n<li><strong data-start=\"965\" data-end=\"988\">Hapje an\u00ebsore: <\/strong>Ofron akses t\u00eb leht\u00eb n\u00eb p\u00ebrmbajtje, ideale p\u00ebr ngarkim\/shkarkim t\u00eb shpesht\u00eb, zgjedhje produktesh ose operacione picking.<\/li>\n<li class=\"p1\"><span class=\"s1\"><b>Konstruksion i fort\u00eb:<\/b><\/span> Ofron rezistenc\u00eb t\u00eb lart\u00eb n\u00eb mjedise profesionale k\u00ebrkuese.<\/li>\n<li class=\"p1\"><span class=\"s1\"><b>Kapacitet ngarkese:<\/b><\/span> Dinamik deri n\u00eb 400kg p\u00ebr p\u00ebrdorim t\u00eb sigurt n\u00eb mjedise profesionale.<\/li>\n<li class=\"p1\"><span class=\"s1\"><b>4 k\u00ebmb\u00eb:<\/b><\/span> Leht\u00ebsojn\u00eb l\u00ebvizjen me palet\u00eb ose pirun.<\/li>\n<\/ul>\n<h5><b>Specifikime Teknike<\/b><\/h5>\n<ul>\n<li class=\"p1\"><b>Dimensionet e jashtme:<\/b><span class=\"s1\"> 800 x 1200 x 800mm<\/span><\/li>\n<li class=\"p1\"><b>Ngarkes\u00eb dinamike:<\/b><span class=\"s1\"> 400kg<\/span><\/li>\n<li class=\"p1\"><b>Paketimi:<\/b><span class=\"s1\"> 1 cop\u00eb<\/span><\/li>\n<\/ul>\n<h5><b>Aplikimet<\/b><\/h5>\n<ul>\n<li class=\"p1\">Ruajtja dhe transporti i produkteve bujq\u00ebsore<\/li>\n<li class=\"p1\">Industrit\u00eb ushqimore dhe t\u00eb pijeve<\/li>\n<li class=\"p1\">Logjistika dhe qendrat e shp\u00ebrndarjes<\/li>\n<li class=\"p1\">Industria e leht\u00eb dhe produktet kimike<\/li>\n<\/ul>\n<p>&nbsp;<\/p>\n","protected":false},"excerpt":{"rendered":"<p><strong>Kodi:<\/strong> KSK1280-80DDL<br \/>\n<strong>Dimensionet e jashtme:<\/strong> 800x1200x800mm<br \/>\n<strong>Ngarkesa dinamike:<\/strong> 400kg<br \/>\n<strong>Kapak i pajtuesh\u00ebm: <\/strong><a href=\"https:\/\/packmarkt.com\/product\/%ce%ba%ce%b1%cf%80%ce%ac%ce%ba%ce%b9-%ce%b3%ce%b9%ce%b1-%cf%80%ce%b1%ce%bb%ce%b5%cf%84%ce%bf%ce%ba%ce%b9%ce%b2%cf%8e%cf%84%ce%b9%ce%bf-800x12000mm\/\">K9000K<\/a><br \/>\n<strong>Paketimi:<\/strong> 1 cop\u00eb<\/p>\n","protected":false},"featured_media":11516,"template":"","meta":[],"product_brand":[],"product_cat":[1360],"product_tag":[],"class_list":{"0":"post-38945","1":"product","2":"type-product","3":"status-publish","4":"has-post-thumbnail","6":"product_cat-kutia-per-paleta","7":"ts_product_brand-kayalar","9":"first","10":"instock","11":"taxable","12":"shipping-taxable","13":"purchasable","14":"product-type-simple"},"aioseo_notices":[],"_links":{"self":[{"href":"https:\/\/packmarkt.com\/sq\/wp-json\/wp\/v2\/product\/38945","targetHints":{"allow":["GET"]}}],"collection":[{"href":"https:\/\/packmarkt.com\/sq\/wp-json\/wp\/v2\/product"}],"about":[{"href":"https:\/\/packmarkt.com\/sq\/wp-json\/wp\/v2\/types\/product"}],"wp:featuredmedia":[{"embeddable":true,"href":"https:\/\/packmarkt.com\/sq\/wp-json\/wp\/v2\/media\/11516"}],"wp:attachment":[{"href":"https:\/\/packmarkt.com\/sq\/wp-json\/wp\/v2\/media?parent=38945"}],"wp:term":[{"taxonomy":"product_brand","embeddable":true,"href":"https:\/\/packmarkt.com\/sq\/wp-json\/wp\/v2\/product_brand?post=38945"},{"taxonomy":"product_cat","embeddable":true,"href":"https:\/\/packmarkt.com\/sq\/wp-json\/wp\/v2\/product_cat?post=38945"},{"taxonomy":"product_tag","embeddable":true,"href":"https:\/\/packmarkt.com\/sq\/wp-json\/wp\/v2\/product_tag?post=38945"}],"curies":[{"name":"wp","href":"https:\/\/api.w.org\/{rel}","templated":true}]}}