{"id":38917,"date":"2025-11-17T13:53:17","date_gmt":"2025-11-17T10:53:17","guid":{"rendered":"https:\/\/packmarkt.com\/product\/kuti-palete-e-mbyllur-me-3-rreshqitese-430-l-1000x1200x580-mm\/"},"modified":"2025-11-17T13:53:17","modified_gmt":"2025-11-17T10:53:17","slug":"kuti-palete-e-mbyllur-me-3-rreshqitese-430-l-1000x1200x580-mm","status":"publish","type":"product","link":"https:\/\/packmarkt.com\/sq\/produkt\/kuti-palete-e-mbyllur-me-3-rreshqitese-430-l-1000x1200x580-mm\/","title":{"rendered":"Kuti palete e mbyllur me 3 rr\u00ebshqit\u00ebse 430 L 1000x1200x580 mm"},"content":{"rendered":"<p class=\"p1\">Kutia e palet\u00ebs e tipit t\u00eb mbyllur me 3 rr\u00ebshqit\u00ebse TEK4400K-3SKIDS 1000x1200x580 mm \u00ebsht\u00eb nj\u00eb zgjidhje e fort\u00eb dhe e besueshme p\u00ebr ruajtjen dhe transportin e produkteve n\u00eb mjedise industriale dhe bujq\u00ebsore. Me nj\u00eb kapacitet prej 430 litrash dhe nj\u00eb dizajn t\u00eb mbyllur t\u00eb p\u00ebrforcuar, ajo mbron n\u00eb m\u00ebnyr\u00eb efektive p\u00ebrmbajtjen nga pluhuri dhe lag\u00ebshtia, nd\u00ebrsa 3 rr\u00ebshqit\u00ebset ofrojn\u00eb stabilitet dhe leht\u00ebsi n\u00eb transport. <\/p>\n<h5><b>Karakteristika &amp; P\u00ebrfitime<\/b><\/h5>\n<ul>\n<li class=\"p1\"><span class=\"s1\"><b>Kapacitet i madh:<\/b><\/span> 430 litra, ideal p\u00ebr produkte me shumic\u00eb ose voluminoze.<\/li>\n<li class=\"p1\"><span class=\"s1\"><b>Dizajn i mbyllur:<\/b><\/span> Mbrojtje nga pluhuri, lag\u00ebshtia dhe faktor\u00ebt e jasht\u00ebm.<\/li>\n<li class=\"p1\"><span class=\"s1\"><b>Konstruksion i fort\u00eb:<\/b><\/span> Pesha 29,65 kg p\u00ebr stabilitet maksimal.<\/li>\n<li class=\"p1\"><span class=\"s1\"><b>Kapaciteti i ngarkes\u00ebs:<\/b><\/span> Dinamik deri n\u00eb 300 kg dhe statik deri n\u00eb 3500 kg.<\/li>\n<li class=\"p1\"><span class=\"s1\"><b>3 shina:<\/b><\/span> Mb\u00ebshtetje e p\u00ebrforcuar p\u00ebr p\u00ebrdorim t\u00eb sigurt n\u00eb rafte dhe shirita transportues.<\/li>\n<\/ul>\n<h5><b>Specifikime Teknike<\/b><\/h5>\n<ul>\n<li><strong>Materiali:<\/strong> HDPE<\/li>\n<li class=\"p1\"><b>Dimensionet e jashtme:<\/b><span class=\"s1\"> 1000 x 1200 x 580mm<\/span><\/li>\n<li class=\"p1\"><b>Dimensionet e brendshme:<\/b><span class=\"s1\"> 915 x 1115 x 420mm<\/span><\/li>\n<li class=\"p1\"><b>Kapaciteti:<\/b><span class=\"s1\"> 430L<\/span><\/li>\n<li class=\"p1\"><b>Ngarkesa dinamike:<\/b><span class=\"s1\"> 300kg<\/span><\/li>\n<li class=\"p1\"><b>Ngarkesa statike:<\/b><span class=\"s1\"> 3000kg<\/span><\/li>\n<li class=\"p1\"><span class=\"s1\"><b>Pesha:<\/b><\/span> 29,65 kg<\/li>\n<li class=\"p1\"><b>Paketimi:<\/b><span class=\"s1\"> 1 cop\u00eb<\/span><\/li>\n<\/ul>\n<h5><b>Aplikimet<\/b><\/h5>\n<ul>\n<li class=\"p1\">Industrit\u00eb ushqimore dhe t\u00eb pijeve<\/li>\n<li class=\"p1\">Industria farmaceutike dhe kozmetike<\/li>\n<li class=\"p1\">Kooperativat bujq\u00ebsore dhe magazinat<\/li>\n<li class=\"p1\">Logjistika dhe shp\u00ebrndarjet<\/li>\n<\/ul>\n<p>&nbsp;<\/p>\n","protected":false},"excerpt":{"rendered":"<p><strong>Kodi:<\/strong> TEK4400K-3SKIDS<br \/>\n<strong>Materiali:<\/strong> HDPE<br \/>\n<strong>Dimensionet e jashtme:<\/strong> 1000x1200x580mm<br \/>\n<strong>Dimensionet e brendshme:<\/strong> 915x1115x420mm<br \/>\n<strong>Kapaciteti:<\/strong> 430L<br \/>\n<strong>Ngarkesa dinamike:<\/strong> 300kg<br \/>\n<strong>Ngarkesa statike:<\/strong> 3000kg<br \/>\n<strong>Pesha:<\/strong> 29,65 kg<br \/>\n<strong>Kapak i p\u00ebrshtatsh\u00ebm:<\/strong><a href=\"https:\/\/packmarkt.com\/sq\/produkt\/kapak-per-palete-kuti-1000x1200mm\/\"> TK12100<\/a><br \/>\n<strong>Paketimi:<\/strong> 1 cop\u00eb<\/p>\n","protected":false},"featured_media":11664,"template":"","meta":[],"product_brand":[],"product_cat":[1360],"product_tag":[],"class_list":{"0":"post-38917","1":"product","2":"type-product","3":"status-publish","4":"has-post-thumbnail","6":"product_cat-kutia-per-paleta","7":"ts_product_brand-kamasan","9":"first","10":"instock","11":"taxable","12":"shipping-taxable","13":"purchasable","14":"product-type-simple"},"aioseo_notices":[],"_links":{"self":[{"href":"https:\/\/packmarkt.com\/sq\/wp-json\/wp\/v2\/product\/38917","targetHints":{"allow":["GET"]}}],"collection":[{"href":"https:\/\/packmarkt.com\/sq\/wp-json\/wp\/v2\/product"}],"about":[{"href":"https:\/\/packmarkt.com\/sq\/wp-json\/wp\/v2\/types\/product"}],"wp:featuredmedia":[{"embeddable":true,"href":"https:\/\/packmarkt.com\/sq\/wp-json\/wp\/v2\/media\/11664"}],"wp:attachment":[{"href":"https:\/\/packmarkt.com\/sq\/wp-json\/wp\/v2\/media?parent=38917"}],"wp:term":[{"taxonomy":"product_brand","embeddable":true,"href":"https:\/\/packmarkt.com\/sq\/wp-json\/wp\/v2\/product_brand?post=38917"},{"taxonomy":"product_cat","embeddable":true,"href":"https:\/\/packmarkt.com\/sq\/wp-json\/wp\/v2\/product_cat?post=38917"},{"taxonomy":"product_tag","embeddable":true,"href":"https:\/\/packmarkt.com\/sq\/wp-json\/wp\/v2\/product_tag?post=38917"}],"curies":[{"name":"wp","href":"https:\/\/api.w.org\/{rel}","templated":true}]}}