{"id":38875,"date":"2025-11-14T16:56:23","date_gmt":"2025-11-14T13:56:23","guid":{"rendered":"https:\/\/packmarkt.com\/product\/kuti-palete-e-mbyllur-me-2-rreshqitese-340l-800x800x760mm\/"},"modified":"2025-11-14T16:56:23","modified_gmt":"2025-11-14T13:56:23","slug":"kuti-palete-e-mbyllur-me-2-rreshqitese-340l-800x800x760mm","status":"publish","type":"product","link":"https:\/\/packmarkt.com\/sq\/produkt\/kuti-palete-e-mbyllur-me-2-rreshqitese-340l-800x800x760mm\/","title":{"rendered":"Kuti palete e mbyllur me 2 rr\u00ebshqit\u00ebse 340L 800x800x760mm"},"content":{"rendered":"<p>Kutia e palet\u00ebs e tipit t\u00eb mbyllur me 2 rr\u00ebshqit\u00ebse TEK3200K-2SKIDS 800x800x885mm \u00ebsht\u00eb nj\u00eb zgjidhje e fort\u00eb dhe higjienike p\u00ebr ruajtjen dhe transportin e produkteve. Me nj\u00eb kapacitet prej 340 litrash dhe dizajn t\u00eb mbyllur, ajo mbron p\u00ebrmbajtjen nga pluhuri dhe lag\u00ebshtia, nd\u00ebrsa 2 rr\u00ebshqit\u00ebset ofrojn\u00eb stabilitet dhe leht\u00ebsi n\u00eb l\u00ebvizje. <\/p>\n<h5><b>Karakteristika &amp; P\u00ebrfitime<\/b><\/h5>\n<ul>\n<li class=\"p1\"><span class=\"s1\"><b>Kapacitet i mes\u00ebm:<\/b><\/span> 340 litra, ideal p\u00ebr aplikime profesionale.<\/li>\n<li class=\"p1\"><span class=\"s1\"><b>Konstruksion i fort\u00eb:<\/b><\/span> Pesha 16,92 kg p\u00ebr q\u00ebndrueshm\u00ebri dhe besueshm\u00ebri.<\/li>\n<li class=\"p1\"><span class=\"s1\"><b>Kapacitet ngarkese:<\/b><\/span> Dinamik deri n\u00eb 350 kg p\u00ebr p\u00ebrdorim t\u00eb sigurt.<\/li>\n<li class=\"p1\"><span class=\"s1\"><b>Dizajn i mbyllur:<\/b><\/span> Ofron mbrojtje nga pluhuri, lag\u00ebshtia dhe faktor\u00ebt e jasht\u00ebm.<\/li>\n<li class=\"p1\"><span class=\"s1\"><b>2 rr\u00ebshqit\u00ebse:<\/b><\/span> Mb\u00ebshtetje e p\u00ebrforcuar dhe transport i leht\u00eb me pirun ose palet\u00eb.<\/li>\n<\/ul>\n<h5><b>Specifikime Teknike<\/b><\/h5>\n<ul>\n<li><strong>Materiali:<\/strong> HDPE<\/li>\n<li class=\"p1\"><b>Dimensionet e jashtme:<\/b><span class=\"s1\"> 800 x 800 x 760 mm<\/span><\/li>\n<li class=\"p1\"><b>Dimensionet e brendshme:<\/b><span class=\"s1\"> 750 x 750 x 600 mm<\/span><\/li>\n<li class=\"p1\"><b>Kapaciteti:<\/b><span class=\"s1\"> 340L<\/span><\/li>\n<li class=\"p1\"><b>Ngarkesa dinamike:<\/b><span class=\"s1\"> 350 kg<\/span><\/li>\n<li class=\"p1\"><span class=\"s1\"><b>Pesha:<\/b><\/span> 16,92 kg<\/li>\n<li class=\"p1\"><b>Paketimi:<\/b><span class=\"s1\"> 1 cop\u00eb<\/span><\/li>\n<\/ul>\n<h5><b>Aplikimet<\/b><\/h5>\n<ul>\n<li class=\"p1\">Hotele, restorante dhe katering<\/li>\n<li class=\"p1\">Industrit\u00eb ushqimore dhe t\u00eb pijeve<\/li>\n<li class=\"p1\">Produkte bujq\u00ebsore dhe kooperativa<\/li>\n<li class=\"p1\">Depo dhe qendra logjistike<\/li>\n<\/ul>\n<p>&nbsp;<\/p>\n","protected":false},"excerpt":{"rendered":"<p><strong>Kodi:<\/strong> TEK3200K-2SKIDS<br \/>\n<strong>Materiali:<\/strong> HDPE<br \/>\n<strong>Dimensionet e jashtme:<\/strong> 800x800x760mm<br \/>\n<strong>Dimensionet e brendshme:<\/strong> 750x750x600mm<br \/>\n<strong>Kapaciteti:<\/strong> 340L<br \/>\n<strong>Ngarkesa dinamike:<\/strong> 350 kg<br \/>\n<strong>Pesha:<\/strong> 16,92 kg<br \/>\n<strong>Kapak i p\u00ebrshtatsh\u00ebm: <\/strong><a href=\"https:\/\/packmarkt.com\/product\/%ce%ba%ce%b1%cf%80%ce%ac%ce%ba%ce%b9-%ce%b3%ce%b9%ce%b1-%cf%80%ce%b1%ce%bb%ce%b5%cf%84%ce%bf%ce%ba%ce%b9%ce%b2%cf%8e%cf%84%ce%b9%ce%bf-800x800mm\/\">TK0880<\/a><br \/>\n<strong>Paketimi:<\/strong> 1 cop\u00eb<\/p>\n","protected":false},"featured_media":11570,"template":"","meta":[],"product_brand":[],"product_cat":[1360],"product_tag":[],"class_list":{"0":"post-38875","1":"product","2":"type-product","3":"status-publish","4":"has-post-thumbnail","6":"product_cat-kutia-per-paleta","7":"ts_product_brand-kamasan","9":"first","10":"instock","11":"taxable","12":"shipping-taxable","13":"purchasable","14":"product-type-simple"},"aioseo_notices":[],"_links":{"self":[{"href":"https:\/\/packmarkt.com\/sq\/wp-json\/wp\/v2\/product\/38875","targetHints":{"allow":["GET"]}}],"collection":[{"href":"https:\/\/packmarkt.com\/sq\/wp-json\/wp\/v2\/product"}],"about":[{"href":"https:\/\/packmarkt.com\/sq\/wp-json\/wp\/v2\/types\/product"}],"wp:featuredmedia":[{"embeddable":true,"href":"https:\/\/packmarkt.com\/sq\/wp-json\/wp\/v2\/media\/11570"}],"wp:attachment":[{"href":"https:\/\/packmarkt.com\/sq\/wp-json\/wp\/v2\/media?parent=38875"}],"wp:term":[{"taxonomy":"product_brand","embeddable":true,"href":"https:\/\/packmarkt.com\/sq\/wp-json\/wp\/v2\/product_brand?post=38875"},{"taxonomy":"product_cat","embeddable":true,"href":"https:\/\/packmarkt.com\/sq\/wp-json\/wp\/v2\/product_cat?post=38875"},{"taxonomy":"product_tag","embeddable":true,"href":"https:\/\/packmarkt.com\/sq\/wp-json\/wp\/v2\/product_tag?post=38875"}],"curies":[{"name":"wp","href":"https:\/\/api.w.org\/{rel}","templated":true}]}}