{"id":38870,"date":"2025-11-17T11:07:29","date_gmt":"2025-11-17T08:07:29","guid":{"rendered":"https:\/\/packmarkt.com\/product\/kuti-palete-e-mbyllur-me-4-kembe-324l-660x1000x695mm\/"},"modified":"2025-11-17T11:07:29","modified_gmt":"2025-11-17T08:07:29","slug":"kuti-palete-e-mbyllur-me-4-kembe-324l-660x1000x695mm","status":"publish","type":"product","link":"https:\/\/packmarkt.com\/sq\/produkt\/kuti-palete-e-mbyllur-me-4-kembe-324l-660x1000x695mm\/","title":{"rendered":"Kuti palete e mbyllur me 4 k\u00ebmb\u00eb 324L 660x1000x695mm"},"content":{"rendered":"<p class=\"p1\">Kutia e palet\u00ebs e tipit t\u00eb mbyllur me 4 k\u00ebmb\u00eb TEK2900K-4FEET 660x1000x695mm \u00ebsht\u00eb nj\u00eb zgjidhje fleksib\u00ebl dhe praktike p\u00ebr transportin dhe ruajtjen e produkteve n\u00eb shkall\u00eb t\u00eb vog\u00ebl. Me nj\u00eb kapacitet prej 324 litrash dhe dizajn t\u00eb mbyllur, ajo mbron p\u00ebrmbajtjen nga pluhuri dhe lag\u00ebshtia, nd\u00ebrsa konstruksioni i saj i leht\u00eb por i fort\u00eb e b\u00ebn at\u00eb ideal p\u00ebr aplikime profesionale fleksib\u00ebl. <\/p>\n<h5><b>Karakteristika &amp; P\u00ebrfitime<\/b><\/h5>\n<ul>\n<li class=\"p1\"><span class=\"s1\"><b>Kapacitet kompakt:<\/b><\/span> 324 litra, ideal p\u00ebr ngarkesa m\u00eb t\u00eb vogla.<\/li>\n<li class=\"p1\"><span class=\"s1\"><b>4 k\u00ebmb\u00eb:<\/b><\/span> Sigurojn\u00eb stabilitet dhe l\u00ebvizje t\u00eb leht\u00eb me palet\u00eb ose pirun.<\/li>\n<li class=\"p1\"><span class=\"s1\"><b>Konstruksion i leht\u00eb:<\/b><\/span> Pesha 11,80 kg p\u00ebr leht\u00ebsi n\u00eb trajtim.<\/li>\n<li class=\"p1\"><span class=\"s1\"><b>Kapaciteti i ngarkes\u00ebs:<\/b><\/span> Dinamik deri n\u00eb 250 kg p\u00ebr aplikime t\u00eb lehta.<\/li>\n<li class=\"p1\"><span class=\"s1\"><b>Dizajn i mbyllur:<\/b><\/span> Mbron p\u00ebrmbajtjen nga pluhuri dhe lag\u00ebshtia.<\/li>\n<\/ul>\n<h5><b>Specifikime Teknike<\/b><\/h5>\n<ul>\n<li><strong>Materiali:<\/strong> HDPE<\/li>\n<li class=\"p1\"><b>Dimensionet e jashtme:<\/b><span class=\"s1\"> 660 x 1000 x 695mm<\/span><\/li>\n<li class=\"p1\"><b>Dimensionet e brendshme:<\/b><span class=\"s1\"> 610 x 950 x 560mm<\/span><\/li>\n<li class=\"p1\"><b>Kapaciteti:<\/b><span class=\"s1\"> 324L<\/span><\/li>\n<li class=\"p1\"><b>Ngarkesa dinamike:<\/b><span class=\"s1\"> 250kg<\/span><\/li>\n<li class=\"p1\"><span class=\"s1\"><b>Pesha:<\/b><\/span> 11,80 kg<\/li>\n<li class=\"p1\"><b>Paketimi:<\/b><span class=\"s1\"> 1 cop\u00eb<\/span><\/li>\n<\/ul>\n<h5><b>Aplikimet<\/b><\/h5>\n<ul>\n<li class=\"p1\">Ambiente ushqimore dhe hotele<\/li>\n<li class=\"p1\">Depo dhe dyqane t\u00eb vogla<\/li>\n<li class=\"p1\">Produkte bujq\u00ebsore n\u00eb shkall\u00eb t\u00eb vog\u00ebl<\/li>\n<li class=\"p1\">Pun\u00ebtori dhe artizanate<\/li>\n<\/ul>\n","protected":false},"excerpt":{"rendered":"<p><strong>Kodi:<\/strong> TEK2900K-4FEET<br \/>\n<strong>Materiali:<\/strong> HDPE<br \/>\n<strong>Dimensionet e jashtme:<\/strong> <span class=\"s1\">660 x 1000 x 695mm<\/span><br \/>\n<strong>Dimensionet e brendshme:<\/strong> <span class=\"s1\">610 x 950 x 560mm<\/span><br \/>\n<strong>Kapaciteti:<\/strong> 324L<br \/>\n<strong>Ngarkesa dinamike:<\/strong> 250 kg<br \/>\n<strong>Pesha:<\/strong> 11,80 kg<br \/>\n<strong>Kapak i pajtuesh\u00ebm: <\/strong><a href=\"https:\/\/packmarkt.com\/product\/%ce%ba%ce%b1%cf%80%ce%ac%ce%ba%ce%b9-%ce%b3%ce%b9%ce%b1-%cf%80%ce%b1%ce%bb%ce%b5%cf%84%ce%bf%ce%ba%ce%b9%ce%b2%cf%8e%cf%84%ce%b9%ce%bf-670x1015mm\/\">TK1070<\/a><br \/>\n<strong>Paketimi:<\/strong> 1 cop\u00eb<\/p>\n","protected":false},"featured_media":11592,"template":"","meta":[],"product_brand":[],"product_cat":[1360],"product_tag":[],"class_list":{"0":"post-38870","1":"product","2":"type-product","3":"status-publish","4":"has-post-thumbnail","6":"product_cat-kutia-per-paleta","7":"ts_product_brand-kamasan","9":"first","10":"instock","11":"taxable","12":"shipping-taxable","13":"purchasable","14":"product-type-simple"},"aioseo_notices":[],"_links":{"self":[{"href":"https:\/\/packmarkt.com\/sq\/wp-json\/wp\/v2\/product\/38870","targetHints":{"allow":["GET"]}}],"collection":[{"href":"https:\/\/packmarkt.com\/sq\/wp-json\/wp\/v2\/product"}],"about":[{"href":"https:\/\/packmarkt.com\/sq\/wp-json\/wp\/v2\/types\/product"}],"wp:featuredmedia":[{"embeddable":true,"href":"https:\/\/packmarkt.com\/sq\/wp-json\/wp\/v2\/media\/11592"}],"wp:attachment":[{"href":"https:\/\/packmarkt.com\/sq\/wp-json\/wp\/v2\/media?parent=38870"}],"wp:term":[{"taxonomy":"product_brand","embeddable":true,"href":"https:\/\/packmarkt.com\/sq\/wp-json\/wp\/v2\/product_brand?post=38870"},{"taxonomy":"product_cat","embeddable":true,"href":"https:\/\/packmarkt.com\/sq\/wp-json\/wp\/v2\/product_cat?post=38870"},{"taxonomy":"product_tag","embeddable":true,"href":"https:\/\/packmarkt.com\/sq\/wp-json\/wp\/v2\/product_tag?post=38870"}],"curies":[{"name":"wp","href":"https:\/\/api.w.org\/{rel}","templated":true}]}}