{"id":38818,"date":"2025-11-17T10:21:32","date_gmt":"2025-11-17T07:21:32","guid":{"rendered":"https:\/\/packmarkt.com\/product\/kuti-paletash-e-shpuar-me-4-kembe-195l-610x810x515mm\/"},"modified":"2025-11-17T10:21:32","modified_gmt":"2025-11-17T07:21:32","slug":"kuti-paletash-e-shpuar-me-4-kembe-195l-610x810x515mm","status":"publish","type":"product","link":"https:\/\/packmarkt.com\/sq\/produkt\/kuti-paletash-e-shpuar-me-4-kembe-195l-610x810x515mm\/","title":{"rendered":"Kuti paletash e shpuar me 4 k\u00ebmb\u00eb 195L 610x810x515mm"},"content":{"rendered":"<p>Kutia e paletave e tipit t\u00eb shpuar me 4 k\u00ebmb\u00eb KOP2000A-4FEET 610x810x515mm \u00ebsht\u00eb nj\u00eb zgjidhje e q\u00ebndrueshme dhe fleksib\u00ebl p\u00ebr ruajtjen dhe transportin e produkteve. Me nj\u00eb kapacitet prej 195 litrash dhe dizajn ergonomik, siguron menaxhim t\u00eb leht\u00eb, q\u00ebndrueshm\u00ebri dhe ajrosje efikase t\u00eb p\u00ebrmbajtjes. <\/p>\n<h5><b>Karakteristika &amp; P\u00ebrfitime<\/b><\/h5>\n<ul>\n<li class=\"p1\"><span class=\"s1\"><b>Kapacitet kompakt:<\/b><\/span> 195 litra, ideal p\u00ebr ngarkesa m\u00eb t\u00eb vogla.<\/li>\n<li class=\"p1\"><span class=\"s1\"><b>4 k\u00ebmb\u00eb:<\/b><\/span> Sigurojn\u00eb stabilitet dhe l\u00ebvizje t\u00eb leht\u00eb me palet\u00eb ose pirun.<\/li>\n<li class=\"p1\"><span class=\"s1\"><b>Konstruksion i leht\u00eb:<\/b><\/span> Pesha 7,30 kg p\u00ebr leht\u00ebsi n\u00eb trajtim.<\/li>\n<li class=\"p1\"><span class=\"s1\"><b>Kapaciteti i ngarkes\u00ebs:<\/b><\/span> Dinamik deri n\u00eb 100 kg p\u00ebr aplikime t\u00eb lehta.<\/li>\n<li class=\"p1\"><span class=\"s1\"><b>Dizajn i perforuar:<\/b><\/span> Lejon qarkullimin e ajrit, duke reduktuar lag\u00ebshtin\u00eb.<\/li>\n<\/ul>\n<h5><b>Specifikime Teknike<\/b><\/h5>\n<ul>\n<li><strong>Materiali:<\/strong> HDPE<\/li>\n<li class=\"p1\"><b>Dimensionet e jashtme:<\/b><span class=\"s1\"> 610 x 810 x 515mm<\/span><\/li>\n<li class=\"p1\"><b>Dimensionet e brendshme:<\/b><span class=\"s1\"> 565 x 770 x 445mm<\/span><\/li>\n<li class=\"p1\"><b>Kapaciteti:<\/b><span class=\"s1\"> 195L<\/span><\/li>\n<li class=\"p1\"><b>Ngarkesa dinamike:<\/b><span class=\"s1\"> 100kg<\/span><\/li>\n<li class=\"p1\"><span class=\"s1\"><b>Pesha:<\/b><\/span> 7,30kg<\/li>\n<li class=\"p1\"><b>Paketimi:<\/b><span class=\"s1\"> 1 cop\u00eb<\/span><\/li>\n<\/ul>\n<h5><b>Aplikimet<\/b><\/h5>\n<ul>\n<li class=\"p1\">Ruajtja dhe transporti i produkteve bujq\u00ebsore<\/li>\n<li class=\"p1\">Industrit\u00eb ushqimore dhe t\u00eb pijeve<\/li>\n<li class=\"p1\">Logjistika dhe qendrat e shp\u00ebrndarjes<\/li>\n<li class=\"p1\">Industria e leht\u00eb dhe produktet kimike<\/li>\n<\/ul>\n","protected":false},"excerpt":{"rendered":"<p><strong>Kodi:<\/strong> KOP2000A-4FEET<br \/>\n<strong>Materiali:<\/strong> HDPE<br \/>\n<strong>Dimensionet e jashtme:<\/strong> 610x810x515mm<br \/>\n<strong>Dimensionet e brendshme:<\/strong> 565x770x445mm<br \/>\n<strong>Kapaciteti:<\/strong> 195L<br \/>\n<strong>Ngarkesa dinamike:<\/strong> 100kg<br \/>\n<strong>Pesha:<\/strong> 7,30kg<br \/>\n<strong>Kapak i p\u00ebrshtatsh\u00ebm: <\/strong><a href=\"https:\/\/packmarkt.com\/product\/%ce%ba%ce%b1%cf%80%ce%ac%ce%ba%ce%b9-%ce%b3%ce%b9%ce%b1-%cf%80%ce%b1%ce%bb%ce%b5%cf%84%ce%bf%ce%ba%ce%b9%ce%b2%cf%8e%cf%84%ce%b9%ce%bf-610x810mm\/\">TK0860<\/a><br \/>\n<strong>Paketimi:<\/strong> 1 cop\u00eb<\/p>\n","protected":false},"featured_media":11583,"template":"","meta":[],"product_brand":[],"product_cat":[1360],"product_tag":[],"class_list":{"0":"post-38818","1":"product","2":"type-product","3":"status-publish","4":"has-post-thumbnail","6":"product_cat-kutia-per-paleta","7":"ts_product_brand-kamasan","9":"first","10":"instock","11":"taxable","12":"shipping-taxable","13":"purchasable","14":"product-type-simple"},"aioseo_notices":[],"_links":{"self":[{"href":"https:\/\/packmarkt.com\/sq\/wp-json\/wp\/v2\/product\/38818","targetHints":{"allow":["GET"]}}],"collection":[{"href":"https:\/\/packmarkt.com\/sq\/wp-json\/wp\/v2\/product"}],"about":[{"href":"https:\/\/packmarkt.com\/sq\/wp-json\/wp\/v2\/types\/product"}],"wp:featuredmedia":[{"embeddable":true,"href":"https:\/\/packmarkt.com\/sq\/wp-json\/wp\/v2\/media\/11583"}],"wp:attachment":[{"href":"https:\/\/packmarkt.com\/sq\/wp-json\/wp\/v2\/media?parent=38818"}],"wp:term":[{"taxonomy":"product_brand","embeddable":true,"href":"https:\/\/packmarkt.com\/sq\/wp-json\/wp\/v2\/product_brand?post=38818"},{"taxonomy":"product_cat","embeddable":true,"href":"https:\/\/packmarkt.com\/sq\/wp-json\/wp\/v2\/product_cat?post=38818"},{"taxonomy":"product_tag","embeddable":true,"href":"https:\/\/packmarkt.com\/sq\/wp-json\/wp\/v2\/product_tag?post=38818"}],"curies":[{"name":"wp","href":"https:\/\/api.w.org\/{rel}","templated":true}]}}