{"id":38748,"date":"2025-11-20T17:48:54","date_gmt":"2025-11-20T14:48:54","guid":{"rendered":"https:\/\/packmarkt.com\/product\/palete-plastike-e-rende-e-shpuar-me-3-rreshqitese-600x800mm\/"},"modified":"2025-11-20T17:48:54","modified_gmt":"2025-11-20T14:48:54","slug":"palete-plastike-e-rende-e-shpuar-me-3-rreshqitese-600x800mm","status":"publish","type":"product","link":"https:\/\/packmarkt.com\/sq\/produkt\/palete-plastike-e-rende-e-shpuar-me-3-rreshqitese-600x800mm\/","title":{"rendered":"Palet\u00eb plastike e r\u00ebnd\u00eb, e shpuar, me 3 rr\u00ebshqit\u00ebse 600x800mm"},"content":{"rendered":"<p class=\"p1\">Paleta e r\u00ebnd\u00eb 600x800mm \u00ebsht\u00eb nj\u00eb zgjidhje jasht\u00ebzakonisht e q\u00ebndrueshme p\u00ebr aplikime k\u00ebrkuese transporti dhe magazinimi. E prodhuar nga material primar polietileni me densitet t\u00eb lart\u00eb (HDPE), ajo ofron besueshm\u00ebri, jet\u00ebgjat\u00ebsi dhe q\u00ebndrueshm\u00ebri superiore edhe n\u00eb kushte t\u00eb v\u00ebshtira. <\/p>\n<h5><b>Karakteristika &amp; P\u00ebrfitime<\/b><\/h5>\n<ul>\n<li class=\"p1\"><span class=\"s1\"><b>Konstruksion i r\u00ebnd\u00eb:<\/b><\/span> Ideale p\u00ebr p\u00ebrdorim intensiv dhe afatgjat\u00eb.<\/li>\n<li class=\"p1\"><span class=\"s1\"><b>Q\u00ebndrueshm\u00ebri e lart\u00eb:<\/b><\/span> Ngarkes\u00eb dinamike deri n\u00eb 500kg dhe statike deri n\u00eb 1500kg.<\/li>\n<li class=\"p1\"><strong>Rezistente:<\/strong> Projektuar p\u00ebr t&#8217;i b\u00ebr\u00eb ball\u00eb kushteve t\u00eb ndryshme mjedisore.<\/li>\n<li class=\"p1\"><span class=\"s1\"><b>Struktur\u00eb e fort\u00eb:<\/b><\/span> Pesha 5,00kg siguron stabilitet superior.<\/li>\n<\/ul>\n<h5><b>Specifikime Teknike<\/b><\/h5>\n<ul>\n<li class=\"p1\"><span class=\"s1\"><b>P\u00ebrmasat:<\/b><\/span> 600 x 800 x 140mm<\/li>\n<li class=\"p1\"><span class=\"s1\"><b>Pesha:<\/b><\/span> 5,35kg<\/li>\n<li class=\"p1\"><span class=\"s1\"><b>Materiali:<\/b><\/span> HDPE<\/li>\n<li class=\"p1\"><b>Ngarkes\u00eb dinamike:<\/b><span class=\"s1\"> 500kg<\/span><\/li>\n<li class=\"p1\"><b>Ngarkes\u00eb statike:<\/b><span class=\"s1\"> 1500kg<\/span><\/li>\n<li class=\"p1\"><b>Paketimi:<\/b><span class=\"s1\"> 1 cop\u00eb<\/span><\/li>\n<\/ul>\n<h5><b>Aplikimet<\/b><\/h5>\n<ul>\n<li class=\"p1\">Industrit\u00eb e ushqimit, pijeve dhe farmaceutike<\/li>\n<li class=\"p1\">Industrit\u00eb kimike dhe artizanati i r\u00ebnd\u00eb<\/li>\n<li class=\"p1\">Qendra logjistike dhe magazina<\/li>\n<li class=\"p1\">Zinxhir\u00eb supermarketesh dhe kooperativa bujq\u00ebsore<\/li>\n<\/ul>\n<p>&nbsp;<\/p>\n","protected":false},"excerpt":{"rendered":"<p><strong>Kodi:<\/strong> 0806GW<br \/>\n<strong>Materiali:<\/strong> HDPE<br \/>\n<strong>P\u00ebrmasat:<\/strong> 600 x 800 x 140mm<br \/>\n<strong>Pesha:<\/strong> 5,35kg<br \/>\n<strong>Ngarkesa dinamike:<\/strong> 500kg<br \/>\n<strong>Ngarkesa statike:<\/strong> 1500kg<br \/>\n<strong>Paketimi:<\/strong> 1 cop\u00eb<\/p>\n","protected":false},"featured_media":12392,"template":"","meta":[],"product_brand":[],"product_cat":[1370,1369],"product_tag":[],"class_list":{"0":"post-38748","1":"product","2":"type-product","3":"status-publish","4":"has-post-thumbnail","6":"product_cat-paleta-plastike","7":"product_cat-paleta","8":"ts_product_brand-dogan","10":"first","11":"instock","12":"taxable","13":"shipping-taxable","14":"product-type-simple"},"aioseo_notices":[],"_links":{"self":[{"href":"https:\/\/packmarkt.com\/sq\/wp-json\/wp\/v2\/product\/38748","targetHints":{"allow":["GET"]}}],"collection":[{"href":"https:\/\/packmarkt.com\/sq\/wp-json\/wp\/v2\/product"}],"about":[{"href":"https:\/\/packmarkt.com\/sq\/wp-json\/wp\/v2\/types\/product"}],"wp:featuredmedia":[{"embeddable":true,"href":"https:\/\/packmarkt.com\/sq\/wp-json\/wp\/v2\/media\/12392"}],"wp:attachment":[{"href":"https:\/\/packmarkt.com\/sq\/wp-json\/wp\/v2\/media?parent=38748"}],"wp:term":[{"taxonomy":"product_brand","embeddable":true,"href":"https:\/\/packmarkt.com\/sq\/wp-json\/wp\/v2\/product_brand?post=38748"},{"taxonomy":"product_cat","embeddable":true,"href":"https:\/\/packmarkt.com\/sq\/wp-json\/wp\/v2\/product_cat?post=38748"},{"taxonomy":"product_tag","embeddable":true,"href":"https:\/\/packmarkt.com\/sq\/wp-json\/wp\/v2\/product_tag?post=38748"}],"curies":[{"name":"wp","href":"https:\/\/api.w.org\/{rel}","templated":true}]}}