{"id":38700,"date":"2025-11-24T10:18:58","date_gmt":"2025-11-24T07:18:58","guid":{"rendered":"https:\/\/packmarkt.com\/product\/palete-plastike-e-rende-e-mbyllur-me-3-rreshqitese-1000x1200mm\/"},"modified":"2025-11-24T10:18:58","modified_gmt":"2025-11-24T07:18:58","slug":"palete-plastike-e-rende-e-mbyllur-me-3-rreshqitese-1000x1200mm","status":"publish","type":"product","link":"https:\/\/packmarkt.com\/sq\/produkt\/palete-plastike-e-rende-e-mbyllur-me-3-rreshqitese-1000x1200mm\/","title":{"rendered":"Palet\u00eb plastike e r\u00ebnd\u00eb, e mbyllur, me 3 rr\u00ebshqit\u00ebse 1000x1200mm"},"content":{"rendered":"<p class=\"p1\">Paleta p\u00ebr ngarkesa t\u00eb r\u00ebnda 1000x1200mm \u00ebsht\u00eb nj\u00eb zgjidhje e q\u00ebndrueshme dhe e besueshme p\u00ebr aplikime profesionale transporti dhe magazinimi. E prodhuar nga polietileni 100% i virgj\u00ebr (HDPE), i stabilizuar ndaj rrezeve UV, ajo ofron jet\u00ebgjat\u00ebsi t\u00eb madhe, stabilitet dhe rezistenc\u00eb n\u00eb kushte t\u00eb jashtme dhe sfiduese. <\/p>\n<h5><b>Karakteristika &amp; P\u00ebrfitime<\/b><\/h5>\n<ul>\n<li class=\"p1\"><span class=\"s1\"><b>Konstruksion i r\u00ebnd\u00eb:<\/b><\/span> I p\u00ebrshtatsh\u00ebm p\u00ebr p\u00ebrdorim intensiv dhe t\u00eb shpesht\u00eb.<\/li>\n<li class=\"p1\"><span class=\"s1\"><b>Q\u00ebndrueshm\u00ebri e lart\u00eb:<\/b><\/span> Ngarkes\u00eb dinamike deri n\u00eb 2000kg dhe statike deri n\u00eb 5000kg.<\/li>\n<li class=\"p1\"><span class=\"s1\"><b>Struktur\u00eb e fort\u00eb:<\/b><\/span> Pesha 23,52kg q\u00eb rrit stabilitetin dhe sigurin\u00eb.<\/li>\n<li class=\"p1\"><span class=\"s1\"><b>Mbrojtje n\u00eb kushte t\u00eb jashtme:<\/b><\/span> Stabilizim ndaj rrezeve UV p\u00ebr rezistenc\u00eb ndaj diellit dhe konsumit.<\/li>\n<li class=\"p1\"><span class=\"s1\"><b>HDPE i virgj\u00ebr:<\/b><\/span> Material me rezistenc\u00eb t\u00eb lart\u00eb ndaj lag\u00ebshtis\u00eb, kimikateve dhe sforcimeve mekanike.<\/li>\n<\/ul>\n<h5><b>Specifikime Teknike<\/b><\/h5>\n<ul>\n<li class=\"p1\"><span class=\"s1\"><b>Dimensionet:<\/b><\/span> 1000 x 1200 x 160 mm<\/li>\n<li class=\"p1\"><span class=\"s1\"><b>Pesha:<\/b><\/span> 23,52kg<\/li>\n<li class=\"p1\"><span class=\"s1\"><b>Materiali:<\/b><\/span> 100% HDPE i virgj\u00ebr, i stabilizuar ndaj UV<\/li>\n<li class=\"p1\"><b>Ngarkes\u00eb dinamike:<\/b><span class=\"s1\"> 2000kg<\/span><\/li>\n<li class=\"p1\"><b>Ngarkesa statike:<\/b><span class=\"s1\"> 5000 kg<\/span><\/li>\n<li class=\"p1\"><b>Paketimi:<\/b><span class=\"s1\"> 1 cop\u00eb<\/span><\/li>\n<\/ul>\n<h5><b>Aplikimet<\/b><\/h5>\n<ul>\n<li class=\"p1\">Industrit\u00eb e ushqimit, pijeve dhe farmaceutike<\/li>\n<li class=\"p1\">Industrit\u00eb kimike dhe artizanati i r\u00ebnd\u00eb<\/li>\n<li class=\"p1\">Logjistika dhe magazinat<\/li>\n<li class=\"p1\">Supermarkete dhe kooperativa bujq\u00ebsore<\/li>\n<\/ul>\n<p>&nbsp;<\/p>\n","protected":false},"excerpt":{"rendered":"<p><strong>Kodi:<\/strong> P100120KR<br \/>\n<strong>Materiali:<\/strong> Material 100% i virgj\u00ebr dhe i stabilizuar ndaj rrezeve UV<br \/>\n<strong>Dimensionet:<\/strong> 1000 x 1200 x 160mm<br \/>\n<strong>Pesha:<\/strong> 23,52kg<br \/>\n<strong>Ngarkes\u00eb dinamike:<\/strong> 2000kg<br \/>\n<strong>Ngarkes\u00eb statike:<\/strong> 5000kg<br \/>\n<strong>Paketimi:<\/strong> 1 cop\u00eb<\/p>\n","protected":false},"featured_media":12498,"template":"","meta":[],"product_brand":[],"product_cat":[1370,1369],"product_tag":[],"class_list":{"0":"post-38700","1":"product","2":"type-product","3":"status-publish","4":"has-post-thumbnail","6":"product_cat-paleta-plastike","7":"product_cat-paleta","8":"ts_product_brand-kamasan","10":"first","11":"instock","12":"taxable","13":"shipping-taxable","14":"purchasable","15":"product-type-simple"},"aioseo_notices":[],"_links":{"self":[{"href":"https:\/\/packmarkt.com\/sq\/wp-json\/wp\/v2\/product\/38700","targetHints":{"allow":["GET"]}}],"collection":[{"href":"https:\/\/packmarkt.com\/sq\/wp-json\/wp\/v2\/product"}],"about":[{"href":"https:\/\/packmarkt.com\/sq\/wp-json\/wp\/v2\/types\/product"}],"wp:featuredmedia":[{"embeddable":true,"href":"https:\/\/packmarkt.com\/sq\/wp-json\/wp\/v2\/media\/12498"}],"wp:attachment":[{"href":"https:\/\/packmarkt.com\/sq\/wp-json\/wp\/v2\/media?parent=38700"}],"wp:term":[{"taxonomy":"product_brand","embeddable":true,"href":"https:\/\/packmarkt.com\/sq\/wp-json\/wp\/v2\/product_brand?post=38700"},{"taxonomy":"product_cat","embeddable":true,"href":"https:\/\/packmarkt.com\/sq\/wp-json\/wp\/v2\/product_cat?post=38700"},{"taxonomy":"product_tag","embeddable":true,"href":"https:\/\/packmarkt.com\/sq\/wp-json\/wp\/v2\/product_tag?post=38700"}],"curies":[{"name":"wp","href":"https:\/\/api.w.org\/{rel}","templated":true}]}}