{"id":38576,"date":"2025-11-24T12:23:40","date_gmt":"2025-11-24T09:23:40","guid":{"rendered":"https:\/\/packmarkt.com\/product\/palete-plastike-e-tipit-te-lehte-e-mbyllur-me-blloqe-800x1200mm-hdpe\/"},"modified":"2025-11-24T12:23:40","modified_gmt":"2025-11-24T09:23:40","slug":"palete-plastike-e-tipit-te-lehte-e-mbyllur-me-blloqe-800x1200mm-hdpe","status":"publish","type":"product","link":"https:\/\/packmarkt.com\/sq\/produkt\/palete-plastike-e-tipit-te-lehte-e-mbyllur-me-blloqe-800x1200mm-hdpe\/","title":{"rendered":"Palet\u00eb plastike e tipit t\u00eb leht\u00eb, e mbyllur me blloqe 800x1200mm (HDPE)"},"content":{"rendered":"<p data-start=\"241\" data-end=\"578\">Paleta e tipit t\u00eb leht\u00eb 800x1200mm \u00ebsht\u00eb nj\u00eb zgjidhje praktike dhe cil\u00ebsore p\u00ebr aplikime transporti dhe magazinimi q\u00eb nuk k\u00ebrkojn\u00eb ngarkesa t\u00eb r\u00ebnda, por kan\u00eb nevoj\u00eb p\u00ebr nj\u00eb sip\u00ebrfaqe higjienike dhe mbrojtje UV. E prodhuar nga 100% HDPE i virgj\u00ebr, me sip\u00ebrfaqe kompakte (e mbyllur), \u00ebsht\u00eb e p\u00ebrshtatshme p\u00ebr kontakt me ushqime dhe produkte farmaceutike. <\/p>\n<h5><b>Karakteristika &amp; P\u00ebrfitime<\/b><\/h5>\n<ul>\n<li class=\"p1\"><span class=\"s1\"><b>Konstruksion i tipit t\u00eb leht\u00eb:<\/b><\/span> Ideale p\u00ebr aplikime me ngarkes\u00eb t\u00eb ul\u00ebt dhe pesh\u00eb t\u00eb kufizuar.<\/li>\n<li class=\"p1\"><span class=\"s1\"><b><strong data-start=\"366\" data-end=\"398\">E p\u00ebrshtatshme p\u00ebr p\u00ebrdorim t\u00eb leht\u00eb<\/strong>:<\/b><\/span> Ngarkes\u00eb dinamike deri n\u00eb 300kg dhe statike deri n\u00eb 1500kg.<\/li>\n<li><strong data-start=\"939\" data-end=\"970\">Sip\u00ebrfaqe kompakte:<\/strong> E p\u00ebrshtatshme p\u00ebr ambiente q\u00eb k\u00ebrkojn\u00eb past\u00ebrti dhe higjien\u00eb.<\/li>\n<li><span class=\"s1\"><b>Mbrojtje n\u00eb kushte t\u00eb jashtme:<\/b><\/span> Stabilizim ndaj rrezeve UV p\u00ebr rezistenc\u00eb ndaj diellit dhe konsumit.<\/li>\n<\/ul>\n<h5><b>Specifikime Teknike<\/b><\/h5>\n<ul>\n<li class=\"p1\"><span class=\"s1\"><b>Dimensionet:<\/b><\/span> 800 x 1200 x 130mm<\/li>\n<li class=\"p1\"><span class=\"s1\"><b>Pesha:<\/b><\/span> 6,26kg<\/li>\n<li class=\"p1\"><span class=\"s1\"><b>Materiali:<\/b><\/span> 100% HDPE i virgj\u00ebr, i stabilizuar ndaj UV<\/li>\n<li class=\"p1\"><b>Ngarkesa dinamike:<\/b><span class=\"s1\"> 300kg<\/span><\/li>\n<li class=\"p1\"><b>Ngarkes\u00eb statike:<\/b><span class=\"s1\"> 1500kg<\/span><\/li>\n<li class=\"p1\"><b>Paketimi:<\/b><span class=\"s1\"> 1 cop\u00eb<\/span><\/li>\n<\/ul>\n<h5><b>Aplikimet<\/b><\/h5>\n<ul>\n<li class=\"p1\">Eksporte dhe d\u00ebrgesa nj\u00ebp\u00ebrdorimshe me k\u00ebrkesa t\u00eb shtuara higjienike<\/li>\n<li class=\"p1\">Logjistik\u00eb dhe shp\u00ebrndarje produktesh<\/li>\n<li class=\"p1\">Magazinimi i ushqimeve dhe produkteve farmaceutike<\/li>\n<li class=\"p1\">Produkte bujq\u00ebsore dhe aplikime t\u00eb p\u00ebrkohshme<\/li>\n<\/ul>\n<p>&nbsp;<\/p>\n","protected":false},"excerpt":{"rendered":"<p><strong>Kodi:<\/strong> P80120TK<br \/>\n<strong>Materiali:<\/strong> 100% material i virgj\u00ebr dhe i stabilizuar ndaj rrezatimit UV<br \/>\n<strong>Dimensionet:<\/strong> 800 x 1200 x 130mm<br \/>\n<strong>Pesha:<\/strong> 6,26kg<br \/>\n<strong>Ngarkesa dinamike:<\/strong> 300kg<br \/>\n<strong>Ngarkesa statike:<\/strong> 1500kg<br \/>\n<strong>Paketimi:<\/strong> 1 cop\u00eb<\/p>\n","protected":false},"featured_media":12527,"template":"","meta":[],"product_brand":[],"product_cat":[1370,1369],"product_tag":[],"class_list":{"0":"post-38576","1":"product","2":"type-product","3":"status-publish","4":"has-post-thumbnail","6":"product_cat-paleta-plastike","7":"product_cat-paleta","8":"ts_product_brand-kamasan","10":"first","11":"instock","12":"taxable","13":"shipping-taxable","14":"purchasable","15":"product-type-simple"},"aioseo_notices":[],"_links":{"self":[{"href":"https:\/\/packmarkt.com\/sq\/wp-json\/wp\/v2\/product\/38576","targetHints":{"allow":["GET"]}}],"collection":[{"href":"https:\/\/packmarkt.com\/sq\/wp-json\/wp\/v2\/product"}],"about":[{"href":"https:\/\/packmarkt.com\/sq\/wp-json\/wp\/v2\/types\/product"}],"wp:featuredmedia":[{"embeddable":true,"href":"https:\/\/packmarkt.com\/sq\/wp-json\/wp\/v2\/media\/12527"}],"wp:attachment":[{"href":"https:\/\/packmarkt.com\/sq\/wp-json\/wp\/v2\/media?parent=38576"}],"wp:term":[{"taxonomy":"product_brand","embeddable":true,"href":"https:\/\/packmarkt.com\/sq\/wp-json\/wp\/v2\/product_brand?post=38576"},{"taxonomy":"product_cat","embeddable":true,"href":"https:\/\/packmarkt.com\/sq\/wp-json\/wp\/v2\/product_cat?post=38576"},{"taxonomy":"product_tag","embeddable":true,"href":"https:\/\/packmarkt.com\/sq\/wp-json\/wp\/v2\/product_tag?post=38576"}],"curies":[{"name":"wp","href":"https:\/\/api.w.org\/{rel}","templated":true}]}}