{"id":38498,"date":"2025-11-25T11:28:14","date_gmt":"2025-11-25T08:28:14","guid":{"rendered":"https:\/\/packmarkt.com\/product\/palete-plastike-e-mbyllur-e-rende-octopus-1100x1300mm\/"},"modified":"2025-11-25T11:28:14","modified_gmt":"2025-11-25T08:28:14","slug":"palete-plastike-e-mbyllur-e-rende-octopus-1100x1300mm","status":"publish","type":"product","link":"https:\/\/packmarkt.com\/sq\/produkt\/palete-plastike-e-mbyllur-e-rende-octopus-1100x1300mm\/","title":{"rendered":"Palet\u00eb plastike e mbyllur, e r\u00ebnd\u00eb Octopus 1100x1300mm"},"content":{"rendered":"<p class=\"p1\">Paleta e r\u00ebnd\u00eb <strong data-start=\"161\" data-end=\"172\">Octopus<\/strong> \u00ebsht\u00eb prodhuar nga plastik\u00eb me cil\u00ebsi t\u00eb lart\u00eb dhe ka nj\u00eb dizajn t\u00eb ve\u00e7ant\u00eb q\u00eb siguron shp\u00ebrndarje t\u00eb shk\u00eblqyer t\u00eb ngarkes\u00ebs dhe q\u00ebndrueshm\u00ebri maksimale. Dizajni unik i tipit <em data-start=\"343\" data-end=\"352\">octopus<\/em> ofron stabilitet dhe siguri n\u00eb transportin e ngarkesave t\u00eb r\u00ebnda, nd\u00ebrsa sip\u00ebrfaqja e saj e mbyllur e b\u00ebn at\u00eb ideale p\u00ebr aplikime higjienike n\u00eb industri si ushqimi dhe farmaceutika. E q\u00ebndrueshme, higjienike dhe miq\u00ebsore me mjedisin, ajo \u00ebsht\u00eb nj\u00eb zgjedhje ideale p\u00ebr proceset k\u00ebrkuese t\u00eb logjistik\u00ebs dhe magazinimit.  <\/p>\n<h5><b>Karakteristika &amp; P\u00ebrfitime<\/b><\/h5>\n<ul>\n<li><strong data-start=\"267\" data-end=\"296\">Dizajn i tipit Octopus:<\/strong> Ofron shp\u00ebrndarje dhe stabilitet t\u00eb shk\u00eblqyer t\u00eb ngarkes\u00ebs.<\/li>\n<li><strong data-start=\"412\" data-end=\"439\">Konstruksion i r\u00ebnd\u00eb:<\/strong> I p\u00ebrshtatsh\u00ebm p\u00ebr p\u00ebrdorim intensiv dhe t\u00eb shpesht\u00eb.<\/li>\n<li><strong data-start=\"352\" data-end=\"374\">Sip\u00ebrfaqe e mbyllur:<\/strong> Siguron higjien\u00eb t\u00eb lart\u00eb dhe pastrim t\u00eb leht\u00eb.<\/li>\n<li><strong data-start=\"482\" data-end=\"499\">Q\u00ebndrueshm\u00ebri e lart\u00eb:<\/strong> Ngarkes\u00eb dinamike deri n\u00eb 1500 kg dhe statike deri n\u00eb 4500 kg.<\/li>\n<li><strong data-start=\"778\" data-end=\"798\">HDPE primar:<\/strong> Material me q\u00ebndrueshm\u00ebri t\u00eb lart\u00eb ndaj lag\u00ebshtis\u00eb, kimikateve dhe stresit mekanik.<\/li>\n<\/ul>\n<h5><b>Specifikime Teknike<\/b><\/h5>\n<ul>\n<li class=\"p1\"><span class=\"s1\"><b>Dimensionet:<\/b><\/span> 1100 x 1300 x 150mm<\/li>\n<li class=\"p1\"><span class=\"s1\"><b>Materiali:<\/b><\/span> HDPE<\/li>\n<li class=\"p1\"><b>Ngarkes\u00eb dinamike:<\/b><span class=\"s1\"> 1500kg<\/span><\/li>\n<li class=\"p1\"><b>Ngarkes\u00eb statike:<\/b><span class=\"s1\"> 4500kg<\/span><\/li>\n<li class=\"p1\"><b>Paketimi:<\/b><span class=\"s1\"> 1 cop\u00eb<\/span><\/li>\n<\/ul>\n<h5><b>Aplikimet<\/b><\/h5>\n<ul>\n<li class=\"p1\">Industrit\u00eb e ushqimit, pijeve dhe farmaceutike<\/li>\n<li class=\"p1\">Industrit\u00eb kimike dhe artizanati i r\u00ebnd\u00eb<\/li>\n<li class=\"p1\">Logjistika dhe magazinat<\/li>\n<li class=\"p1\">Supermarkete dhe kooperativa bujq\u00ebsore<\/li>\n<\/ul>\n<p>&nbsp;<\/p>\n","protected":false},"excerpt":{"rendered":"<p><strong>Kodi:<\/strong> KPTK110130<br \/>\n<strong>Materiali:<\/strong> HDPE<br \/>\n<strong>Dimensionet:<\/strong> 1100x1300x150mm<br \/>\n<strong>Ngarkes\u00eb dinamike:<\/strong> 1500kg<br \/>\n<strong>Ngarkes\u00eb statike:<\/strong> 4500kg<br \/>\n<strong>Paketimi:<\/strong> 1 cop\u00eb<\/p>\n","protected":false},"featured_media":12623,"template":"","meta":[],"product_brand":[],"product_cat":[1370,1369],"product_tag":[],"class_list":{"0":"post-38498","1":"product","2":"type-product","3":"status-publish","4":"has-post-thumbnail","6":"product_cat-paleta-plastike","7":"product_cat-paleta","8":"ts_product_brand-kayalar","10":"first","11":"instock","12":"taxable","13":"shipping-taxable","14":"purchasable","15":"product-type-simple"},"aioseo_notices":[],"_links":{"self":[{"href":"https:\/\/packmarkt.com\/sq\/wp-json\/wp\/v2\/product\/38498","targetHints":{"allow":["GET"]}}],"collection":[{"href":"https:\/\/packmarkt.com\/sq\/wp-json\/wp\/v2\/product"}],"about":[{"href":"https:\/\/packmarkt.com\/sq\/wp-json\/wp\/v2\/types\/product"}],"wp:featuredmedia":[{"embeddable":true,"href":"https:\/\/packmarkt.com\/sq\/wp-json\/wp\/v2\/media\/12623"}],"wp:attachment":[{"href":"https:\/\/packmarkt.com\/sq\/wp-json\/wp\/v2\/media?parent=38498"}],"wp:term":[{"taxonomy":"product_brand","embeddable":true,"href":"https:\/\/packmarkt.com\/sq\/wp-json\/wp\/v2\/product_brand?post=38498"},{"taxonomy":"product_cat","embeddable":true,"href":"https:\/\/packmarkt.com\/sq\/wp-json\/wp\/v2\/product_cat?post=38498"},{"taxonomy":"product_tag","embeddable":true,"href":"https:\/\/packmarkt.com\/sq\/wp-json\/wp\/v2\/product_tag?post=38498"}],"curies":[{"name":"wp","href":"https:\/\/api.w.org\/{rel}","templated":true}]}}