{"id":38479,"date":"2025-11-25T14:04:59","date_gmt":"2025-11-25T11:04:59","guid":{"rendered":"https:\/\/packmarkt.com\/product\/kosh-riciklimi-plastik-alumini-70l\/"},"modified":"2025-11-25T14:04:59","modified_gmt":"2025-11-25T11:04:59","slug":"kosh-riciklimi-plastik-alumini-70l","status":"publish","type":"product","link":"https:\/\/packmarkt.com\/sq\/produkt\/kosh-riciklimi-plastik-alumini-70l\/","title":{"rendered":"Kosh riciklimi plastik alumini 70L"},"content":{"rendered":"<p><strong data-start=\"182\" data-end=\"229\">Koshi i riciklimit t\u00eb aluminit 70 litra<\/strong> p\u00ebrb\u00ebn zgjidhjen ideale p\u00ebr menaxhimin e materialeve t\u00eb riciklueshme fal\u00eb q\u00ebndrueshm\u00ebris\u00eb dhe dizajnit t\u00eb tij praktik. I prodhuar nga plastik\u00eb me cil\u00ebsi t\u00eb lart\u00eb, \u00ebsht\u00eb rezistent ndaj korrozionit dhe konsumit, duke ofruar p\u00ebrdorim afatgjat\u00eb. Kapaciteti i madh prej 70 litrash mund\u00ebson mbledhjen dhe ruajtjen e leht\u00eb t\u00eb paketimit t\u00eb aluminit, duke leht\u00ebsuar riciklimin dhe mbrojtjen e mjedisit.  <\/p>\n<p><strong>Karakteristika &amp; P\u00ebrfitime<\/strong><\/p>\n<ul>\n<li>Prodhuar nga <strong data-start=\"736\" data-end=\"776\">plastik\u00eb virgjine me cil\u00ebsi t\u00eb lart\u00eb<\/strong>.<\/li>\n<li>Ngjyra e tij nuk ndryshon dhe \u00ebsht\u00eb <strong data-start=\"821\" data-end=\"848\">rezistent ndaj thyerjeve<\/strong>.<\/li>\n<li>I p\u00ebrshtatsh\u00ebm p\u00ebr <strong data-start=\"869\" data-end=\"902\">p\u00ebrdorim t\u00eb brendsh\u00ebm dhe t\u00eb jasht\u00ebm<\/strong>, rezistent ndaj diellit dhe shiut.<\/li>\n<li><strong data-start=\"938\" data-end=\"963\">Sip\u00ebrfaqe antistatike<\/strong>, e leht\u00eb p\u00ebr t&#8217;u pastruar.<\/li>\n<li><strong data-start=\"993\" data-end=\"1010\">I personalizuesh\u00ebm<\/strong> me etiketa vet\u00ebngjit\u00ebse ose shenja t\u00eb ve\u00e7anta.<\/li>\n<li>Projektuar p\u00ebr p\u00ebrdorim n\u00eb <strong data-start=\"1496\" data-end=\"1593\">hotele, institucione publike, shkolla, spitale dhe ambiente t\u00eb tjera t\u00eb brendshme ose t\u00eb jashtme<\/strong>.<\/li>\n<\/ul>\n<p><strong>Specifikime Teknike<\/strong><\/p>\n<ul>\n<li><strong>Materiali i prodhimit:<\/strong> Plastik\u00eb (polietilen me densitet t\u00eb lart\u00eb \u2013 HDPE)<\/li>\n<li><strong>P\u00ebrmasat:<\/strong> 360x400x 720mm<\/li>\n<li><strong>Kapaciteti:<\/strong> 70L<\/li>\n<li><strong>Rezistenca:<\/strong> Rezistent ndaj rrezatimit UV, temperaturave ekstreme dhe kushteve atmosferike<\/li>\n<\/ul>\n<p><strong>Aplikimet<\/strong><\/p>\n<ul>\n<li>Hotele dhe akomodime turistike<\/li>\n<li>Institucione dhe organizata publike<\/li>\n<li>Shkolla dhe universitete<\/li>\n<li>Spitale dhe klinika<\/li>\n<li>Hap\u00ebsira publike, parqe dhe sheshe<\/li>\n<li>Zyra, qendra tregtare dhe ambiente t\u00eb brendshme\/t\u00eb jashtme.<\/li>\n<\/ul>\n<p><strong>Certifikime &amp; Standarde<\/strong><\/p>\n<ul>\n<li>Certifikuar sipas <strong>CE<\/strong>, <strong>ISO 9001:2008<\/strong>, <strong>ISO 14001<\/strong><\/li>\n<li>Prodhuar sipas standardit evropian <strong>TS EN 840<\/strong><\/li>\n<\/ul>\n<p><strong>P\u00ebrdorimi i koshave sipas legjislacionit t\u00eb mbetjeve<\/strong><\/p>\n<ul>\n<li><strong data-start=\"1662\" data-end=\"1677\">Kosh blu:<\/strong> Let\u00ebr<\/li>\n<li><strong data-start=\"1688\" data-end=\"1707\">Kosh jeshil:<\/strong> Xham<\/li>\n<li><strong data-start=\"1718\" data-end=\"1737\">Kosh i verdh\u00eb:<\/strong> Plastik\u00eb<\/li>\n<li><strong data-start=\"1751\" data-end=\"1766\">Kosh gri:<\/strong> Alumin<\/li>\n<li><strong data-start=\"1779\" data-end=\"1794\">Kosh kafe:<\/strong> Mbetje organike<\/li>\n<li><strong data-start=\"1820\" data-end=\"1837\">Kosh i zi:<\/strong> T\u00eb tjera (t\u00eb pa riciklueshme) mbeturina<\/li>\n<\/ul>\n","protected":false},"excerpt":{"rendered":"<p><strong>Kodi:<\/strong> PRD-493<br \/>\n<strong>Materiali i prodhimit:<\/strong> Plastik\u00eb (polietilen me densitet t\u00eb lart\u00eb \u2013 HDPE)<br \/>\n<strong>Dimensionet:<\/strong> 360x400x 720mm<br \/>\n<strong>Kapaciteti:<\/strong> 70L<br \/>\n<strong>Q\u00ebndrueshm\u00ebria:<\/strong> Rezistent ndaj rrezatimit UV, temperaturave ekstreme dhe kushteve t\u00eb motit<\/p>\n","protected":false},"featured_media":12644,"template":"","meta":[],"product_brand":[],"product_cat":[1286],"product_tag":[],"class_list":{"0":"post-38479","1":"product","2":"type-product","3":"status-publish","4":"has-post-thumbnail","6":"product_cat-koshat-e-mbeturinave","7":"ts_product_brand-kayalar","9":"first","10":"instock","11":"taxable","12":"shipping-taxable","13":"product-type-simple"},"aioseo_notices":[],"_links":{"self":[{"href":"https:\/\/packmarkt.com\/sq\/wp-json\/wp\/v2\/product\/38479","targetHints":{"allow":["GET"]}}],"collection":[{"href":"https:\/\/packmarkt.com\/sq\/wp-json\/wp\/v2\/product"}],"about":[{"href":"https:\/\/packmarkt.com\/sq\/wp-json\/wp\/v2\/types\/product"}],"wp:featuredmedia":[{"embeddable":true,"href":"https:\/\/packmarkt.com\/sq\/wp-json\/wp\/v2\/media\/12644"}],"wp:attachment":[{"href":"https:\/\/packmarkt.com\/sq\/wp-json\/wp\/v2\/media?parent=38479"}],"wp:term":[{"taxonomy":"product_brand","embeddable":true,"href":"https:\/\/packmarkt.com\/sq\/wp-json\/wp\/v2\/product_brand?post=38479"},{"taxonomy":"product_cat","embeddable":true,"href":"https:\/\/packmarkt.com\/sq\/wp-json\/wp\/v2\/product_cat?post=38479"},{"taxonomy":"product_tag","embeddable":true,"href":"https:\/\/packmarkt.com\/sq\/wp-json\/wp\/v2\/product_tag?post=38479"}],"curies":[{"name":"wp","href":"https:\/\/api.w.org\/{rel}","templated":true}]}}