{"id":37720,"date":"2025-12-24T14:46:59","date_gmt":"2025-12-24T11:46:59","guid":{"rendered":"https:\/\/packmarkt.com\/product\/ene-qeramike-stilton-230ml\/"},"modified":"2025-12-24T14:46:59","modified_gmt":"2025-12-24T11:46:59","slug":"ene-qeramike-stilton-230ml","status":"publish","type":"product","link":"https:\/\/packmarkt.com\/sq\/produkt\/ene-qeramike-stilton-230ml\/","title":{"rendered":"En\u00eb qeramike Stilton 230ml"},"content":{"rendered":"<p>En\u00eb qeramike me cil\u00ebsi t\u00eb lart\u00eb, t\u00eb disponueshme n\u00eb nj\u00eb shum\u00ebllojshm\u00ebri nuancash ngjyrash me glazur\u00eb. Projektuar p\u00ebr p\u00ebrdorim praktik dhe q\u00ebndrueshm\u00ebri, t\u00eb p\u00ebrshtatshme p\u00ebr servirje, prezantim dhe ruajtje ushqimesh.  Ideale p\u00ebr ambiente profesionale, si restorante dhe kafene, por edhe p\u00ebr p\u00ebrdorim sht\u00ebpiak.<\/p>\n<p><strong>Vetit\u00eb dhe P\u00ebrfitimet<\/strong><\/p>\n<ul>\n<li><strong>Shp\u00ebrndarje uniforme e nxeht\u00ebsis\u00eb:<\/strong> Mban temperatur\u00eb konstante, ideale p\u00ebr ruajtjen e freskis\u00eb s\u00eb ushqimeve.<\/li>\n<li><strong>Ruajtja e l\u00ebnd\u00ebve ushqyese:<\/strong> Kontribuon n\u00eb ruajtjen e vitaminave dhe mineraleve.<\/li>\n<li><strong>Jo-toksiciteti dhe siguria:<\/strong> Prodhuar nga materiale 100% natyrale, pa substanca t\u00eb d\u00ebmshme.<\/li>\n<li><strong>Harmoni estetike dhe tradit\u00eb:<\/strong> Sjell ngroht\u00ebsi dhe eleganc\u00eb n\u00eb servirje dhe ruajtje.<\/li>\n<li><strong>Nd\u00ebrgjegj\u00ebsim ekologjik:<\/strong> Materiale t\u00eb riciklueshme dhe t\u00eb q\u00ebndrueshme miq\u00ebsore me mjedisin.<\/li>\n<li><strong>Q\u00ebndrueshm\u00ebri dhe jet\u00ebgjat\u00ebsi:<\/strong> Ideale p\u00ebr p\u00ebrdorim t\u00eb vazhduesh\u00ebm, afatgjat\u00eb sht\u00ebpiak dhe profesional.<\/li>\n<\/ul>\n<p><strong>Specifikime Teknike<\/strong><\/p>\n<ul>\n<li><strong>Finitur\u00eb:<\/strong> glazur\u00eb e jashtme dhe e brendshme<\/li>\n<li><strong>P\u00ebrmasat:<\/strong> 8,9&#215;8,4 cm<\/li>\n<li><strong>Kapaciteti:<\/strong> 230 ml<\/li>\n<li><strong>Ngjyrat n\u00eb dispozicion:<\/strong> terakot\u00eb natyrale, e zez\u00eb mat, pat\u00ebllxhan, moka mat, e kuqe, e bardh\u00eb, portokalli, roz\u00eb, blu akuamarin\u00eb, e verdh\u00eb <\/li>\n<\/ul>\n<p><strong>Aplikimet<\/strong><\/p>\n<ul>\n<li>Servirje ushqimesh dhe \u00ebmb\u00eblsirash<\/li>\n<li>Prezantim i pjatave n\u00eb restorante, kafene dhe hotele<\/li>\n<li>P\u00ebrdorim n\u00eb sht\u00ebpi p\u00ebr tavolin\u00eb t\u00eb p\u00ebrditshme ose zyrtare<\/li>\n<li>En\u00eb dekorative dhe ruajt\u00ebse<\/li>\n<\/ul>\n<p>&nbsp;<\/p>\n","protected":false},"excerpt":{"rendered":"<p><strong>Kodi:<\/strong> STILTON<br \/>\n<strong>Finitur\u00eb:<\/strong> glazur\u00eb e jashtme dhe e brendshme<br \/>\n<strong>P\u00ebrmasat:<\/strong> 8,9&#215;8,4 cm<br \/>\n<strong>Kapaciteti:<\/strong> 230 ml<br \/>\n<strong>Ngjyrat n\u00eb dispozicion:<\/strong> terakot\u00eb natyrale, e zez\u00eb mat, pat\u00ebllxhan, moka mat, e kuqe, e bardh\u00eb, portokalli, roz\u00eb, blu akuamarin\u00eb, e verdh\u00eb <\/p>\n","protected":false},"featured_media":15477,"template":"","meta":[],"product_brand":[],"product_cat":[1298],"product_tag":[],"class_list":{"0":"post-37720","1":"product","2":"type-product","3":"status-publish","4":"has-post-thumbnail","6":"product_cat-seri-ceramic","7":"pa_finirisma-pilinou-standard-uniform","8":"ts_product_brand-regas","10":"first","11":"instock","12":"taxable","13":"shipping-taxable","14":"product-type-simple"},"aioseo_notices":[],"_links":{"self":[{"href":"https:\/\/packmarkt.com\/sq\/wp-json\/wp\/v2\/product\/37720","targetHints":{"allow":["GET"]}}],"collection":[{"href":"https:\/\/packmarkt.com\/sq\/wp-json\/wp\/v2\/product"}],"about":[{"href":"https:\/\/packmarkt.com\/sq\/wp-json\/wp\/v2\/types\/product"}],"wp:featuredmedia":[{"embeddable":true,"href":"https:\/\/packmarkt.com\/sq\/wp-json\/wp\/v2\/media\/15477"}],"wp:attachment":[{"href":"https:\/\/packmarkt.com\/sq\/wp-json\/wp\/v2\/media?parent=37720"}],"wp:term":[{"taxonomy":"product_brand","embeddable":true,"href":"https:\/\/packmarkt.com\/sq\/wp-json\/wp\/v2\/product_brand?post=37720"},{"taxonomy":"product_cat","embeddable":true,"href":"https:\/\/packmarkt.com\/sq\/wp-json\/wp\/v2\/product_cat?post=37720"},{"taxonomy":"product_tag","embeddable":true,"href":"https:\/\/packmarkt.com\/sq\/wp-json\/wp\/v2\/product_tag?post=37720"}],"curies":[{"name":"wp","href":"https:\/\/api.w.org\/{rel}","templated":true}]}}