{"id":37434,"date":"2025-12-08T16:42:35","date_gmt":"2025-12-08T13:42:35","guid":{"rendered":"https:\/\/packmarkt.com\/product\/kuti-plastike-e-mbyllur-me-rrota-500x700x560mm\/"},"modified":"2025-12-08T16:42:35","modified_gmt":"2025-12-08T13:42:35","slug":"kuti-plastike-e-mbyllur-me-rrota-500x700x560mm","status":"publish","type":"product","link":"https:\/\/packmarkt.com\/sq\/produkt\/kuti-plastike-e-mbyllur-me-rrota-500x700x560mm\/","title":{"rendered":"Kuti plastike e mbyllur me rrota 500x700x560mm"},"content":{"rendered":"<p>Kuti plastike e mbyllur, jasht\u00ebzakonisht e q\u00ebndrueshme dhe praktike, e p\u00ebrshtatshme p\u00ebr ruajtjen dhe transportin e objekteve q\u00eb k\u00ebrkojn\u00eb mbrojtje nga faktor\u00ebt e jasht\u00ebm. Ideale p\u00ebr p\u00ebrdorim profesional n\u00eb sektor\u00eb t\u00eb ndrysh\u00ebm. <strong data-start=\"398\" data-end=\"438\" data-is-only-node=\"\">Ka rrota p\u00ebr l\u00ebvizje t\u00eb leht\u00eb<\/strong>, duke e b\u00ebr\u00eb at\u00eb ve\u00e7an\u00ebrisht praktike n\u00eb mjedise pune ku k\u00ebrkohet transport i shpesht\u00eb i materialeve. <\/p>\n<p><strong>Karakteristika &amp; P\u00ebrfitime:<\/strong><\/p>\n<ul>\n<li><strong>Tip i mbyllur<\/strong>: Mbrojtje nga pluhuri, lag\u00ebshtia dhe rrjedhjet.<\/li>\n<li><strong>Konstruksion i fort\u00eb<\/strong>: I reziston p\u00ebrdorimit intensiv t\u00eb p\u00ebrditsh\u00ebm dhe ngarkesave t\u00eb r\u00ebnda.<\/li>\n<li><strong>Dizajn i p\u00ebrforcuar<\/strong>: I p\u00ebrshtatsh\u00ebm p\u00ebr k\u00ebrkesat profesionale.<\/li>\n<li><strong>Ka<\/strong> <strong>rrota<\/strong>: Sigurojn\u00eb l\u00ebvizje t\u00eb leht\u00eb dhe t\u00eb rehatshme.<\/li>\n<li><strong>Pastrim i leht\u00eb<\/strong>: Ideale p\u00ebr p\u00ebrdorim n\u00eb mjedise me k\u00ebrkesa t\u00eb larta higjienike.<\/li>\n<\/ul>\n<p><strong>Specifikime Teknike:<\/strong><\/p>\n<ul>\n<li><strong>Materiali:<\/strong> HDPE<\/li>\n<li><strong>Dimensionet e Jashtme<\/strong>: 500x700x560mm<\/li>\n<li><strong>Dimensionet e Brendshme<\/strong>: 465x660x435mm<\/li>\n<li><strong>Pesha<\/strong>: 6,74kg<\/li>\n<li><strong>Ngjyrat<\/strong>: gri<\/li>\n<\/ul>\n<p><strong>Aplikime:<\/strong><\/p>\n<ul>\n<li><strong>Magazina<\/strong> dhe <strong>logjistik\u00eb<\/strong><\/li>\n<li><strong>Pun\u00ebtori<\/strong> dhe <strong>profesione teknike<\/strong><\/li>\n<li><strong>Kantiere nd\u00ebrtimi<\/strong> dhe <strong>kompani nd\u00ebrtimi<\/strong><\/li>\n<li><strong>Puna bujq\u00ebsore<\/strong> dhe <strong>agrikulturore<\/strong><\/li>\n<li><strong>Dyqane <\/strong>dhe<strong> artizanate<\/strong><\/li>\n<li><strong>P\u00ebrdorim sht\u00ebpiak<\/strong> p\u00ebr ruajtje t\u00eb organizuar t\u00eb veglave ose sendeve<\/li>\n<\/ul>\n","protected":false},"excerpt":{"rendered":"<p><strong>Kodi:<\/strong> <span style=\"font-family: Verdana;\">KOD2501K-W<\/span><br \/>\n<strong>Materiali:<\/strong> HDPE<br \/>\n<strong>Dimensionet e jashtme:<\/strong> 500x700x560mm<br \/>\n<strong>Dimensionet e brendshme: <\/strong>465x660x435mm<br \/>\n<strong>Pesha: <\/strong>6,74kg<br \/>\n<strong>Ngjyra: <\/strong>gri<br \/>\n<strong>Kapak i pajtuesh\u00ebm: <\/strong><a href=\"https:\/\/packmarkt.com\/sq\/produkt\/kapak-plastik-per-kuti-500x700mm\/\">TK0750<\/a><br \/>\n<strong>Paketimi:<\/strong> 1 cop\u00eb<\/p>\n","protected":false},"featured_media":14491,"template":"","meta":[],"product_brand":[],"product_cat":[1326],"product_tag":[],"class_list":{"0":"post-37434","1":"product","2":"type-product","3":"status-publish","4":"has-post-thumbnail","6":"product_cat-kasa","8":"first","9":"instock","10":"taxable","11":"shipping-taxable","12":"purchasable","13":"product-type-simple"},"aioseo_notices":[],"_links":{"self":[{"href":"https:\/\/packmarkt.com\/sq\/wp-json\/wp\/v2\/product\/37434","targetHints":{"allow":["GET"]}}],"collection":[{"href":"https:\/\/packmarkt.com\/sq\/wp-json\/wp\/v2\/product"}],"about":[{"href":"https:\/\/packmarkt.com\/sq\/wp-json\/wp\/v2\/types\/product"}],"wp:featuredmedia":[{"embeddable":true,"href":"https:\/\/packmarkt.com\/sq\/wp-json\/wp\/v2\/media\/14491"}],"wp:attachment":[{"href":"https:\/\/packmarkt.com\/sq\/wp-json\/wp\/v2\/media?parent=37434"}],"wp:term":[{"taxonomy":"product_brand","embeddable":true,"href":"https:\/\/packmarkt.com\/sq\/wp-json\/wp\/v2\/product_brand?post=37434"},{"taxonomy":"product_cat","embeddable":true,"href":"https:\/\/packmarkt.com\/sq\/wp-json\/wp\/v2\/product_cat?post=37434"},{"taxonomy":"product_tag","embeddable":true,"href":"https:\/\/packmarkt.com\/sq\/wp-json\/wp\/v2\/product_tag?post=37434"}],"curies":[{"name":"wp","href":"https:\/\/api.w.org\/{rel}","templated":true}]}}