{"id":37392,"date":"2025-12-08T16:08:33","date_gmt":"2025-12-08T13:08:33","guid":{"rendered":"https:\/\/packmarkt.com\/product\/kapak-plastik-per-kuti-500x700mm\/"},"modified":"2025-12-08T16:08:33","modified_gmt":"2025-12-08T13:08:33","slug":"kapak-plastik-per-kuti-500x700mm","status":"publish","type":"product","link":"https:\/\/packmarkt.com\/sq\/produkt\/kapak-plastik-per-kuti-500x700mm\/","title":{"rendered":"Kapak plastik p\u00ebr kuti 500x700mm"},"content":{"rendered":"<p data-start=\"263\" data-end=\"657\">Kapaku plastik p\u00ebr kuti me dimensione 500x700mm \u00ebsht\u00eb zgjidhja ideale p\u00ebr mbrojtjen e plot\u00eb t\u00eb p\u00ebrmbajtjes nga faktor\u00ebt e jasht\u00ebm, si pluhuri, lag\u00ebshtia dhe rrjedhjet. \u00cbsht\u00eb prodhuar nga plastik\u00eb rezistente, me cil\u00ebsi t\u00eb lart\u00eb dhe \u00ebsht\u00eb projektuar p\u00ebr t&#8217;u p\u00ebrshtatur n\u00eb m\u00ebnyr\u00eb perfekte me kutin\u00eb, duke ofruar mbyllje t\u00eb sigurt dhe t\u00eb q\u00ebndrueshme gjat\u00eb transportit ose ruajtjes. <\/p>\n<p data-start=\"659\" data-end=\"981\">Dizajni i tij i p\u00ebrforcuar siguron rezistenc\u00eb t\u00eb lart\u00eb ndaj ngarkesave mekanike dhe p\u00ebrdorimit intensiv t\u00eb p\u00ebrditsh\u00ebm, duke ruajtur stabilitetin e tij edhe n\u00eb mjedise k\u00ebrkuese. \u00cbsht\u00eb i p\u00ebrshtatsh\u00ebm p\u00ebr aplikime profesionale n\u00eb magazina, kantiere nd\u00ebrtimi, punishte, pun\u00eb bujq\u00ebsore dhe mjedise t\u00eb tjera industriale ose tregtare. <\/p>\n<p data-start=\"983\" data-end=\"1139\">Kapaku pastrohet leht\u00ebsisht dhe lejon ruajtjen e arkave t\u00eb grumbulluara, duke kontribuar n\u00eb kursimin e hap\u00ebsir\u00ebs dhe organizimin e vendit t\u00eb pun\u00ebs.<\/p>\n","protected":false},"excerpt":{"rendered":"<p><strong>Kodi:<\/strong> TK0750<br \/>\n<strong>Materiali:<\/strong> HDPE<br \/>\n<strong>Dimensionet:<\/strong> 515x715x45mm<br \/>\n<strong>Pesha:<\/strong> 1,58kg<br \/>\n<strong>Ngjyra:<\/strong> gri<br \/>\n<strong>Kuti t\u00eb pajtueshme:<\/strong> KOD2301K, KOD2501K, KOD2501A<br \/>\n<strong>Paketimi:<\/strong> 1 cop\u00eb<\/p>\n","protected":false},"featured_media":14467,"template":"","meta":[],"product_brand":[],"product_cat":[1326],"product_tag":[],"class_list":{"0":"post-37392","1":"product","2":"type-product","3":"status-publish","4":"has-post-thumbnail","6":"product_cat-kasa","8":"first","9":"instock","10":"taxable","11":"shipping-taxable","12":"purchasable","13":"product-type-simple"},"aioseo_notices":[],"_links":{"self":[{"href":"https:\/\/packmarkt.com\/sq\/wp-json\/wp\/v2\/product\/37392","targetHints":{"allow":["GET"]}}],"collection":[{"href":"https:\/\/packmarkt.com\/sq\/wp-json\/wp\/v2\/product"}],"about":[{"href":"https:\/\/packmarkt.com\/sq\/wp-json\/wp\/v2\/types\/product"}],"wp:featuredmedia":[{"embeddable":true,"href":"https:\/\/packmarkt.com\/sq\/wp-json\/wp\/v2\/media\/14467"}],"wp:attachment":[{"href":"https:\/\/packmarkt.com\/sq\/wp-json\/wp\/v2\/media?parent=37392"}],"wp:term":[{"taxonomy":"product_brand","embeddable":true,"href":"https:\/\/packmarkt.com\/sq\/wp-json\/wp\/v2\/product_brand?post=37392"},{"taxonomy":"product_cat","embeddable":true,"href":"https:\/\/packmarkt.com\/sq\/wp-json\/wp\/v2\/product_cat?post=37392"},{"taxonomy":"product_tag","embeddable":true,"href":"https:\/\/packmarkt.com\/sq\/wp-json\/wp\/v2\/product_tag?post=37392"}],"curies":[{"name":"wp","href":"https:\/\/api.w.org\/{rel}","templated":true}]}}