{"id":37343,"date":"2025-12-03T14:57:12","date_gmt":"2025-12-03T11:57:12","guid":{"rendered":"https:\/\/packmarkt.com\/product\/kapak-plastik-per-arke-400x400mm\/"},"modified":"2025-12-03T14:57:12","modified_gmt":"2025-12-03T11:57:12","slug":"kapak-plastik-per-arke-400x400mm","status":"publish","type":"product","link":"https:\/\/packmarkt.com\/sq\/produkt\/kapak-plastik-per-arke-400x400mm\/","title":{"rendered":"Kapak plastik p\u00ebr ark\u00eb 400x400mm"},"content":{"rendered":"<p data-start=\"263\" data-end=\"657\">Kapaku plastik p\u00ebr ark\u00eb t\u00eb tipit t\u00eb mbyllur me dimensione 400x400mm p\u00ebrb\u00ebn zgjidhjen ideale p\u00ebr mbrojtjen absolute t\u00eb p\u00ebrmbajtjes nga faktor\u00ebt e jasht\u00ebm, si pluhuri, lag\u00ebshtia dhe rrjedhjet. \u00cbsht\u00eb prodhuar nga plastik\u00eb rezistente, me cil\u00ebsi t\u00eb lart\u00eb dhe \u00ebsht\u00eb projektuar t\u00eb p\u00ebrshtatet n\u00eb m\u00ebnyr\u00eb perfekte me ark\u00ebn, duke ofruar mbyllje t\u00eb sigurt dhe t\u00eb q\u00ebndrueshme gjat\u00eb transportit ose ruajtjes. <\/p>\n<p data-start=\"659\" data-end=\"981\">Dizajni i tij i p\u00ebrforcuar siguron rezistenc\u00eb t\u00eb lart\u00eb ndaj ngarkesave mekanike dhe p\u00ebrdorimit intensiv t\u00eb p\u00ebrditsh\u00ebm, duke ruajtur stabilitetin e tij edhe n\u00eb mjedise k\u00ebrkuese. \u00cbsht\u00eb i p\u00ebrshtatsh\u00ebm p\u00ebr aplikime profesionale n\u00eb magazina, kantiere nd\u00ebrtimi, punishte, pun\u00eb bujq\u00ebsore dhe mjedise t\u00eb tjera industriale ose tregtare. <\/p>\n<p data-start=\"983\" data-end=\"1139\">Kapaku pastrohet leht\u00ebsisht dhe lejon ruajtjen e arkave t\u00eb grumbulluara, duke kontribuar n\u00eb kursimin e hap\u00ebsir\u00ebs dhe organizimin e vendit t\u00eb pun\u00ebs.<\/p>\n","protected":false},"excerpt":{"rendered":"<p><strong>Kodi:<\/strong> TK4400<br \/>\n<strong>Materiali:<\/strong> HDPE<br \/>\n<strong>Dimensionet:<\/strong> 405x405x42mm<br \/>\n<strong>Pesha:<\/strong> 0,705kg<br \/>\n<strong>Ngjyra:<\/strong> gri<br \/>\n<strong>Arka t\u00eb P\u00ebrputhshme: <\/strong>SYL4412K, SYL4420K, SYL4432K<br \/>\n<strong>Paketimi:<\/strong> 1 cop\u00eb<\/p>\n","protected":false},"featured_media":14243,"template":"","meta":[],"product_brand":[],"product_cat":[1326],"product_tag":[],"class_list":{"0":"post-37343","1":"product","2":"type-product","3":"status-publish","4":"has-post-thumbnail","6":"product_cat-kasa","8":"first","9":"instock","10":"taxable","11":"shipping-taxable","12":"purchasable","13":"product-type-simple"},"aioseo_notices":[],"_links":{"self":[{"href":"https:\/\/packmarkt.com\/sq\/wp-json\/wp\/v2\/product\/37343","targetHints":{"allow":["GET"]}}],"collection":[{"href":"https:\/\/packmarkt.com\/sq\/wp-json\/wp\/v2\/product"}],"about":[{"href":"https:\/\/packmarkt.com\/sq\/wp-json\/wp\/v2\/types\/product"}],"wp:featuredmedia":[{"embeddable":true,"href":"https:\/\/packmarkt.com\/sq\/wp-json\/wp\/v2\/media\/14243"}],"wp:attachment":[{"href":"https:\/\/packmarkt.com\/sq\/wp-json\/wp\/v2\/media?parent=37343"}],"wp:term":[{"taxonomy":"product_brand","embeddable":true,"href":"https:\/\/packmarkt.com\/sq\/wp-json\/wp\/v2\/product_brand?post=37343"},{"taxonomy":"product_cat","embeddable":true,"href":"https:\/\/packmarkt.com\/sq\/wp-json\/wp\/v2\/product_cat?post=37343"},{"taxonomy":"product_tag","embeddable":true,"href":"https:\/\/packmarkt.com\/sq\/wp-json\/wp\/v2\/product_tag?post=37343"}],"curies":[{"name":"wp","href":"https:\/\/api.w.org\/{rel}","templated":true}]}}