{"id":37304,"date":"2025-12-03T17:33:00","date_gmt":"2025-12-03T14:33:00","guid":{"rendered":"https:\/\/packmarkt.com\/product\/baze-me-rrota-per-arka-400x600mm\/"},"modified":"2025-12-03T17:33:00","modified_gmt":"2025-12-03T14:33:00","slug":"baze-me-rrota-per-arka-400x600mm","status":"publish","type":"product","link":"https:\/\/packmarkt.com\/sq\/produkt\/baze-me-rrota-per-arka-400x600mm\/","title":{"rendered":"Baz\u00eb me rrota p\u00ebr arka 400x600mm"},"content":{"rendered":"<p>Baz\u00eb me rrota nga HDPE rezistent, ideale p\u00ebr transportin e arkave 400\u00d7600 mm. Ofron rezistenc\u00eb t\u00eb lart\u00eb deri n\u00eb 100 kg, stabilitet dhe rrotullim t\u00eb leht\u00eb fal\u00eb rrotave cil\u00ebsore. E prodhuar nga material 100% i virgj\u00ebr, i stabilizuar ndaj UV-s\u00eb dhe e disponueshme n\u00eb ngjyr\u00eb gri (RAL7046), ajo p\u00ebrb\u00ebn nj\u00eb zgjidhje t\u00eb besueshme p\u00ebr p\u00ebrdorim profesional.  <\/p>\n","protected":false},"excerpt":{"rendered":"<p><strong>Kodi:<\/strong> KMS-DOLLY6040A<br \/>\n<strong>P\u00ebrmasat:<\/strong> 410x610x170mm<br \/>\n<strong>Pesha: <\/strong>2,560 kg<br \/>\n<strong>Ngarkesa e dobishme:<\/strong> 100 kg<br \/>\n<strong>Ngjyra:<\/strong> gri<br \/>\n<strong>Paketimi:<\/strong> 1 cop\u00eb<\/p>\n","protected":false},"featured_media":14296,"template":"","meta":[],"product_brand":[],"product_cat":[1326],"product_tag":[],"class_list":{"0":"post-37304","1":"product","2":"type-product","3":"status-publish","4":"has-post-thumbnail","6":"product_cat-kasa","8":"first","9":"instock","10":"taxable","11":"shipping-taxable","12":"purchasable","13":"product-type-simple"},"aioseo_notices":[],"_links":{"self":[{"href":"https:\/\/packmarkt.com\/sq\/wp-json\/wp\/v2\/product\/37304","targetHints":{"allow":["GET"]}}],"collection":[{"href":"https:\/\/packmarkt.com\/sq\/wp-json\/wp\/v2\/product"}],"about":[{"href":"https:\/\/packmarkt.com\/sq\/wp-json\/wp\/v2\/types\/product"}],"wp:featuredmedia":[{"embeddable":true,"href":"https:\/\/packmarkt.com\/sq\/wp-json\/wp\/v2\/media\/14296"}],"wp:attachment":[{"href":"https:\/\/packmarkt.com\/sq\/wp-json\/wp\/v2\/media?parent=37304"}],"wp:term":[{"taxonomy":"product_brand","embeddable":true,"href":"https:\/\/packmarkt.com\/sq\/wp-json\/wp\/v2\/product_brand?post=37304"},{"taxonomy":"product_cat","embeddable":true,"href":"https:\/\/packmarkt.com\/sq\/wp-json\/wp\/v2\/product_cat?post=37304"},{"taxonomy":"product_tag","embeddable":true,"href":"https:\/\/packmarkt.com\/sq\/wp-json\/wp\/v2\/product_tag?post=37304"}],"curies":[{"name":"wp","href":"https:\/\/api.w.org\/{rel}","templated":true}]}}