{"id":37302,"date":"2025-12-04T14:47:34","date_gmt":"2025-12-04T11:47:34","guid":{"rendered":"https:\/\/packmarkt.com\/product\/arke-plastike-e-mbyllur-400x600x300-mm\/"},"modified":"2025-12-04T14:47:34","modified_gmt":"2025-12-04T11:47:34","slug":"arke-plastike-e-mbyllur-400x600x300-mm","status":"publish","type":"product","link":"https:\/\/packmarkt.com\/sq\/produkt\/arke-plastike-e-mbyllur-400x600x300-mm\/","title":{"rendered":"Ark\u00eb plastike e mbyllur 400x600x300 mm"},"content":{"rendered":"<p>Ark\u00eb plastike e tipit t\u00eb mbyllur, jasht\u00ebzakonisht e q\u00ebndrueshme dhe praktike, e p\u00ebrshtatshme p\u00ebr ruajtjen dhe transportin e sendeve q\u00eb k\u00ebrkojn\u00eb mbrojtje nga faktor\u00ebt e jasht\u00ebm. Ideale p\u00ebr p\u00ebrdorim profesional n\u00eb sektor\u00eb t\u00eb ndrysh\u00ebm. <\/p>\n<p><strong>Karakteristika &amp; P\u00ebrfitime:<\/strong><\/p>\n<ul>\n<li><strong>Tip i mbyllur<\/strong>: Mbrojtje nga pluhuri, lag\u00ebshtia dhe rrjedhjet.<\/li>\n<li><strong>Konstruksion i fort\u00eb<\/strong>: I reziston p\u00ebrdorimit intensiv t\u00eb p\u00ebrditsh\u00ebm dhe ngarkesave t\u00eb r\u00ebnda.<\/li>\n<li><strong>Dizajn i p\u00ebrforcuar<\/strong>: I p\u00ebrshtatsh\u00ebm p\u00ebr k\u00ebrkesat profesionale.<\/li>\n<li><strong>E palosshme<\/strong>: Kursen hap\u00ebsir\u00eb n\u00eb magazinim.<\/li>\n<li><strong>Pastrim i leht\u00eb<\/strong>: Ideale p\u00ebr p\u00ebrdorim n\u00eb mjedise me k\u00ebrkesa t\u00eb larta higjienike.<\/li>\n<\/ul>\n<p><strong>Specifikime Teknike:<\/strong><\/p>\n<ul>\n<li><strong>Materiali:<\/strong> PP<\/li>\n<li><strong>P\u00ebrmasat e jashtme<\/strong>: 400x600x300 mm<\/li>\n<li><strong>P\u00ebrmasat e brendshme<\/strong>: 370x570x290 mm<\/li>\n<li><strong>Pesha<\/strong>: 3,03 kg<\/li>\n<li><strong>Ngjyra<\/strong>: e kuqe<\/li>\n<\/ul>\n<p><strong>Aplikime:<\/strong><\/p>\n<ul>\n<li><strong>Magazina<\/strong> dhe <strong>logjistik\u00eb<\/strong><\/li>\n<li><strong>Pun\u00ebtori<\/strong> dhe <strong>profesione teknike<\/strong><\/li>\n<li><strong>Kantiere nd\u00ebrtimi<\/strong> dhe <strong>kompani nd\u00ebrtimi<\/strong><\/li>\n<li><strong>Puna bujq\u00ebsore<\/strong> dhe <strong>agrikulturore<\/strong><\/li>\n<li><strong>Dyqane <\/strong>dhe<strong> artizanate<\/strong><\/li>\n<li><strong>P\u00ebrdorim sht\u00ebpiak<\/strong> p\u00ebr ruajtje t\u00eb organizuar t\u00eb veglave ose sendeve<\/li>\n<\/ul>\n","protected":false},"excerpt":{"rendered":"<p><strong>Kodi:<\/strong> ET6430<br \/>\n<strong>Materiali:<\/strong> PP<br \/>\n<strong>P\u00ebrmasat e jashtme: <\/strong>400x600x300 mm<br \/>\n<strong>P\u00ebrmasat e brendshme: <\/strong>370x570x290 mm<br \/>\n<strong>Pesha: <\/strong>3,03 kg<br \/>\n<strong>Ngjyra: <\/strong>e kuqe<br \/>\n<strong>Kapak i pajtuesh\u00ebm: <\/strong><a href=\"https:\/\/packmarkt.com\/sq\/produkt\/kapak-plastik-per-arke-400x600mm\/\">TK6400<\/a><br \/>\n<strong>Paketimi:<\/strong> 1 cop\u00eb<\/p>\n","protected":false},"featured_media":14317,"template":"","meta":[],"product_brand":[],"product_cat":[1326],"product_tag":[],"class_list":{"0":"post-37302","1":"product","2":"type-product","3":"status-publish","4":"has-post-thumbnail","6":"product_cat-kasa","7":"ts_product_brand-kamasan","9":"first","10":"instock","11":"taxable","12":"shipping-taxable","13":"purchasable","14":"product-type-simple"},"aioseo_notices":[],"_links":{"self":[{"href":"https:\/\/packmarkt.com\/sq\/wp-json\/wp\/v2\/product\/37302","targetHints":{"allow":["GET"]}}],"collection":[{"href":"https:\/\/packmarkt.com\/sq\/wp-json\/wp\/v2\/product"}],"about":[{"href":"https:\/\/packmarkt.com\/sq\/wp-json\/wp\/v2\/types\/product"}],"wp:featuredmedia":[{"embeddable":true,"href":"https:\/\/packmarkt.com\/sq\/wp-json\/wp\/v2\/media\/14317"}],"wp:attachment":[{"href":"https:\/\/packmarkt.com\/sq\/wp-json\/wp\/v2\/media?parent=37302"}],"wp:term":[{"taxonomy":"product_brand","embeddable":true,"href":"https:\/\/packmarkt.com\/sq\/wp-json\/wp\/v2\/product_brand?post=37302"},{"taxonomy":"product_cat","embeddable":true,"href":"https:\/\/packmarkt.com\/sq\/wp-json\/wp\/v2\/product_cat?post=37302"},{"taxonomy":"product_tag","embeddable":true,"href":"https:\/\/packmarkt.com\/sq\/wp-json\/wp\/v2\/product_tag?post=37302"}],"curies":[{"name":"wp","href":"https:\/\/api.w.org\/{rel}","templated":true}]}}