{"id":37206,"date":"2025-12-05T09:50:12","date_gmt":"2025-12-05T06:50:12","guid":{"rendered":"https:\/\/packmarkt.com\/product\/kuti-plastike-konike-e-mbyllur-400x600x320mm\/"},"modified":"2025-12-05T09:50:12","modified_gmt":"2025-12-05T06:50:12","slug":"kuti-plastike-konike-e-mbyllur-400x600x320mm","status":"publish","type":"product","link":"https:\/\/packmarkt.com\/sq\/produkt\/kuti-plastike-konike-e-mbyllur-400x600x320mm\/","title":{"rendered":"Kuti plastike konike e mbyllur 400x600x320mm"},"content":{"rendered":"<p>Kuti plastike e tipit t\u00eb mbyllur, e fort\u00eb dhe praktike, e grumbullueshme dhe e futshme (nj\u00ebra brenda tjetr\u00ebs), e p\u00ebrshtatshme p\u00ebr ruajtjen dhe transportin e sendeve q\u00eb k\u00ebrkojn\u00eb mbrojtje nga faktor\u00ebt e jasht\u00ebm. Ideale p\u00ebr p\u00ebrdorim profesional n\u00eb sektor\u00eb t\u00eb ndrysh\u00ebm. <\/p>\n<p><strong>Karakteristika &amp; P\u00ebrfitime:<\/strong><\/p>\n<ul>\n<li><strong>Tip i mbyllur<\/strong>: Mbrojtje nga pluhuri, lag\u00ebshtia dhe rrjedhjet.<\/li>\n<li><strong>Konstruksion i fort\u00eb<\/strong>: I reziston p\u00ebrdorimit intensiv t\u00eb p\u00ebrditsh\u00ebm dhe ngarkesave t\u00eb r\u00ebnda.<\/li>\n<li><strong>Dizajn i p\u00ebrforcuar<\/strong>: I p\u00ebrshtatsh\u00ebm p\u00ebr k\u00ebrkesat profesionale.<\/li>\n<li><strong>E grumbullueshme &amp; e futshme (nj\u00ebra brenda tjetr\u00ebs)<\/strong>: Kursen hap\u00ebsir\u00eb n\u00eb ruajtje dhe transport, duke reduktuar hap\u00ebsir\u00ebn e nevojshme kur nuk p\u00ebrdoret plot\u00ebsisht.<\/li>\n<li><strong>Pastrim i leht\u00eb<\/strong>: Ideale p\u00ebr p\u00ebrdorim n\u00eb mjedise me k\u00ebrkesa t\u00eb larta higjienike.<\/li>\n<\/ul>\n<p><strong>Specifikime Teknike:<\/strong><\/p>\n<ul>\n<li><strong>Materiali:<\/strong> PP<\/li>\n<li><strong>P\u00ebrmasat e Jashtme<\/strong>: 400x600x320mm<\/li>\n<li><strong>P\u00ebrmasat e Brendshme<\/strong>: 360x550x315mm<\/li>\n<li><strong>Pesha<\/strong>: 2,28kg<\/li>\n<li><strong>Ngjyrat<\/strong>: blu<\/li>\n<\/ul>\n<p><strong>Aplikime:<\/strong><\/p>\n<ul>\n<li><strong>Magazina<\/strong> dhe <strong>logjistik\u00eb<\/strong><\/li>\n<li><strong>Pun\u00ebtori<\/strong> dhe <strong>profesione teknike<\/strong><\/li>\n<li><strong>Kantiere nd\u00ebrtimi<\/strong> dhe <strong>kompani nd\u00ebrtimi<\/strong><\/li>\n<li><strong>Puna bujq\u00ebsore<\/strong> dhe <strong>agrikulturore<\/strong><\/li>\n<li><strong>Dyqane <\/strong>dhe<strong> artizanate<\/strong><\/li>\n<li><strong>P\u00ebrdorim sht\u00ebpiak<\/strong> p\u00ebr ruajtje t\u00eb organizuar t\u00eb veglave ose sendeve<\/li>\n<\/ul>\n","protected":false},"excerpt":{"rendered":"<p><strong>Kodi:<\/strong> KNK6432K<br \/>\n<strong>Materiali:<\/strong> PP<br \/>\n<strong>P\u00ebrmasat e jashtme:<\/strong> 400x600x320mm<br \/>\n<strong>P\u00ebrmasat e brendshme:<\/strong> 360x550x315mm<br \/>\n<strong>Pesha:<\/strong> 2,28kg<br \/>\n<strong>Ngjyra:<\/strong> blu<br \/>\n<strong>Kapak i p\u00ebrshtatsh\u00ebm: <\/strong><a href=\"https:\/\/packmarkt.com\/sq\/produkt\/kapak-plastik-per-arke-400x600mm-2\/\">TK6402<\/a><br \/>\n<strong>Paketimi:<\/strong> 1 cop\u00eb<\/p>\n","protected":false},"featured_media":14389,"template":"","meta":[],"product_brand":[],"product_cat":[1326],"product_tag":[],"class_list":{"0":"post-37206","1":"product","2":"type-product","3":"status-publish","4":"has-post-thumbnail","6":"product_cat-kasa","7":"ts_product_brand-kamasan","9":"first","10":"instock","11":"taxable","12":"shipping-taxable","13":"purchasable","14":"product-type-simple"},"aioseo_notices":[],"_links":{"self":[{"href":"https:\/\/packmarkt.com\/sq\/wp-json\/wp\/v2\/product\/37206","targetHints":{"allow":["GET"]}}],"collection":[{"href":"https:\/\/packmarkt.com\/sq\/wp-json\/wp\/v2\/product"}],"about":[{"href":"https:\/\/packmarkt.com\/sq\/wp-json\/wp\/v2\/types\/product"}],"wp:featuredmedia":[{"embeddable":true,"href":"https:\/\/packmarkt.com\/sq\/wp-json\/wp\/v2\/media\/14389"}],"wp:attachment":[{"href":"https:\/\/packmarkt.com\/sq\/wp-json\/wp\/v2\/media?parent=37206"}],"wp:term":[{"taxonomy":"product_brand","embeddable":true,"href":"https:\/\/packmarkt.com\/sq\/wp-json\/wp\/v2\/product_brand?post=37206"},{"taxonomy":"product_cat","embeddable":true,"href":"https:\/\/packmarkt.com\/sq\/wp-json\/wp\/v2\/product_cat?post=37206"},{"taxonomy":"product_tag","embeddable":true,"href":"https:\/\/packmarkt.com\/sq\/wp-json\/wp\/v2\/product_tag?post=37206"}],"curies":[{"name":"wp","href":"https:\/\/api.w.org\/{rel}","templated":true}]}}