{"id":36189,"date":"2026-04-07T11:15:01","date_gmt":"2026-04-07T08:15:01","guid":{"rendered":"https:\/\/packmarkt.com\/product\/kavanoz-me-gryke-te-gjere-viola-peshe-e-lehte-200-ml\/"},"modified":"2026-04-16T12:07:22","modified_gmt":"2026-04-16T09:07:22","slug":"kavanoz-me-gryke-te-gjere-viola-peshe-e-lehte-200-ml","status":"publish","type":"product","link":"https:\/\/packmarkt.com\/sq\/produkt\/kavanoz-me-gryke-te-gjere-viola-peshe-e-lehte-200-ml\/","title":{"rendered":"Kavanoz me gryk\u00eb t\u00eb gjer\u00eb Viola Pesh\u00eb e Leht\u00eb 200 ml"},"content":{"rendered":"","protected":false},"excerpt":{"rendered":"<p><strong>Kodi:<\/strong> GX310003-679<br \/>\n<strong>Materiali: <\/strong>Qelq qelibar<br \/>\n<strong>Kapaciteti: <\/strong>200 ml<br \/>\n<strong>Lart\u00ebsia: <\/strong>102,5 mm<br \/>\n<strong>Diametri:<\/strong> 61,4 mm<br \/>\n<strong>Pesha: <\/strong>160 g<br \/>\n<strong>Gryka:<\/strong> 58\/400<br \/>\n<strong>Forma:<\/strong>E rrumbullak\u00ebt<\/p>\n","protected":false},"featured_media":36190,"template":"","meta":[],"product_brand":[],"product_cat":[1939],"product_tag":[],"class_list":{"0":"post-36189","1":"product","2":"type-product","3":"status-publish","4":"has-post-thumbnail","6":"product_cat-qese","7":"ts_product_brand-calaso","9":"first","10":"instock","11":"taxable","12":"shipping-taxable","13":"product-type-simple"},"aioseo_notices":[],"_links":{"self":[{"href":"https:\/\/packmarkt.com\/sq\/wp-json\/wp\/v2\/product\/36189","targetHints":{"allow":["GET"]}}],"collection":[{"href":"https:\/\/packmarkt.com\/sq\/wp-json\/wp\/v2\/product"}],"about":[{"href":"https:\/\/packmarkt.com\/sq\/wp-json\/wp\/v2\/types\/product"}],"wp:featuredmedia":[{"embeddable":true,"href":"https:\/\/packmarkt.com\/sq\/wp-json\/wp\/v2\/media\/36190"}],"wp:attachment":[{"href":"https:\/\/packmarkt.com\/sq\/wp-json\/wp\/v2\/media?parent=36189"}],"wp:term":[{"taxonomy":"product_brand","embeddable":true,"href":"https:\/\/packmarkt.com\/sq\/wp-json\/wp\/v2\/product_brand?post=36189"},{"taxonomy":"product_cat","embeddable":true,"href":"https:\/\/packmarkt.com\/sq\/wp-json\/wp\/v2\/product_cat?post=36189"},{"taxonomy":"product_tag","embeddable":true,"href":"https:\/\/packmarkt.com\/sq\/wp-json\/wp\/v2\/product_tag?post=36189"}],"curies":[{"name":"wp","href":"https:\/\/api.w.org\/{rel}","templated":true}]}}