{"id":36183,"date":"2026-04-07T11:15:00","date_gmt":"2026-04-07T08:15:00","guid":{"rendered":"https:\/\/packmarkt.com\/product\/kavanoz-me-gryke-te-gjere-viola-100-ml\/"},"modified":"2026-04-16T12:07:56","modified_gmt":"2026-04-16T09:07:56","slug":"kavanoz-me-gryke-te-gjere-viola-100-ml","status":"publish","type":"product","link":"https:\/\/packmarkt.com\/sq\/produkt\/kavanoz-me-gryke-te-gjere-viola-100-ml\/","title":{"rendered":"Kavanoz me gryk\u00eb t\u00eb gjer\u00eb Viola 100 ml"},"content":{"rendered":"","protected":false},"excerpt":{"rendered":"<p><strong>Kodi:<\/strong> SM210004-699<br \/>\n<strong>Materiali: <\/strong>Qelq qelibar kafe<br \/>\n<strong>Kapaciteti: <\/strong>100 ml<br \/>\n<strong>Lart\u00ebsia: <\/strong>85,1 mm<br \/>\n<strong>Diametri:<\/strong> 51,7 mm<br \/>\n<strong>Pesha: <\/strong>140 g<br \/>\n<strong>Gryka:<\/strong> 48\/400<br \/>\n<strong>Forma:<\/strong>E rrumbullak\u00ebt<\/p>\n","protected":false},"featured_media":36184,"template":"","meta":[],"product_brand":[],"product_cat":[1939],"product_tag":[],"class_list":{"0":"post-36183","1":"product","2":"type-product","3":"status-publish","4":"has-post-thumbnail","6":"product_cat-qese","7":"ts_product_brand-calaso","9":"first","10":"instock","11":"taxable","12":"shipping-taxable","13":"product-type-simple"},"aioseo_notices":[],"_links":{"self":[{"href":"https:\/\/packmarkt.com\/sq\/wp-json\/wp\/v2\/product\/36183","targetHints":{"allow":["GET"]}}],"collection":[{"href":"https:\/\/packmarkt.com\/sq\/wp-json\/wp\/v2\/product"}],"about":[{"href":"https:\/\/packmarkt.com\/sq\/wp-json\/wp\/v2\/types\/product"}],"wp:featuredmedia":[{"embeddable":true,"href":"https:\/\/packmarkt.com\/sq\/wp-json\/wp\/v2\/media\/36184"}],"wp:attachment":[{"href":"https:\/\/packmarkt.com\/sq\/wp-json\/wp\/v2\/media?parent=36183"}],"wp:term":[{"taxonomy":"product_brand","embeddable":true,"href":"https:\/\/packmarkt.com\/sq\/wp-json\/wp\/v2\/product_brand?post=36183"},{"taxonomy":"product_cat","embeddable":true,"href":"https:\/\/packmarkt.com\/sq\/wp-json\/wp\/v2\/product_cat?post=36183"},{"taxonomy":"product_tag","embeddable":true,"href":"https:\/\/packmarkt.com\/sq\/wp-json\/wp\/v2\/product_tag?post=36183"}],"curies":[{"name":"wp","href":"https:\/\/api.w.org\/{rel}","templated":true}]}}