{"id":36156,"date":"2026-04-07T11:15:05","date_gmt":"2026-04-07T08:15:05","guid":{"rendered":"https:\/\/packmarkt.com\/product\/kavanoz-me-qafe-te-gjere-viola-me-peshe-te-lehte-150-ml\/"},"modified":"2026-04-16T12:06:40","modified_gmt":"2026-04-16T09:06:40","slug":"kavanoz-me-qafe-te-gjere-viola-me-peshe-te-lehte-150-ml","status":"publish","type":"product","link":"https:\/\/packmarkt.com\/sq\/produkt\/kavanoz-me-qafe-te-gjere-viola-me-peshe-te-lehte-150-ml\/","title":{"rendered":"Kavanoz me qaf\u00eb t\u00eb gjer\u00eb Viola me pesh\u00eb t\u00eb leht\u00eb 150 ml"},"content":{"rendered":"","protected":false},"excerpt":{"rendered":"<p><strong>Kodi:<\/strong> GX310002-679<br \/>\n<strong>Materiali: <\/strong>Xham qelibar<br \/>\n<strong>Kapaciteti: <\/strong>150 ml<br \/>\n<strong>Lart\u00ebsia: <\/strong>93 mm<br \/>\n<strong>Diametri:<\/strong> 56,8 mm<br \/>\n<strong>Pesha: <\/strong>131 gr<br \/>\n<strong>Hapja:<\/strong> 53\/400<br \/>\n<strong>Forma: <\/strong>E rrumbullak\u00ebt<\/p>\n","protected":false},"featured_media":36157,"template":"","meta":[],"product_brand":[],"product_cat":[1939],"product_tag":[],"class_list":{"0":"post-36156","1":"product","2":"type-product","3":"status-publish","4":"has-post-thumbnail","6":"product_cat-qese","7":"ts_product_brand-calaso","9":"first","10":"instock","11":"taxable","12":"shipping-taxable","13":"product-type-simple"},"aioseo_notices":[],"_links":{"self":[{"href":"https:\/\/packmarkt.com\/sq\/wp-json\/wp\/v2\/product\/36156","targetHints":{"allow":["GET"]}}],"collection":[{"href":"https:\/\/packmarkt.com\/sq\/wp-json\/wp\/v2\/product"}],"about":[{"href":"https:\/\/packmarkt.com\/sq\/wp-json\/wp\/v2\/types\/product"}],"wp:featuredmedia":[{"embeddable":true,"href":"https:\/\/packmarkt.com\/sq\/wp-json\/wp\/v2\/media\/36157"}],"wp:attachment":[{"href":"https:\/\/packmarkt.com\/sq\/wp-json\/wp\/v2\/media?parent=36156"}],"wp:term":[{"taxonomy":"product_brand","embeddable":true,"href":"https:\/\/packmarkt.com\/sq\/wp-json\/wp\/v2\/product_brand?post=36156"},{"taxonomy":"product_cat","embeddable":true,"href":"https:\/\/packmarkt.com\/sq\/wp-json\/wp\/v2\/product_cat?post=36156"},{"taxonomy":"product_tag","embeddable":true,"href":"https:\/\/packmarkt.com\/sq\/wp-json\/wp\/v2\/product_tag?post=36156"}],"curies":[{"name":"wp","href":"https:\/\/api.w.org\/{rel}","templated":true}]}}