{"id":35170,"date":"2026-03-12T12:42:52","date_gmt":"2026-03-12T09:42:52","guid":{"rendered":"https:\/\/packmarkt.com\/product\/shishe-capella-60ml\/"},"modified":"2026-03-12T12:42:52","modified_gmt":"2026-03-12T09:42:52","slug":"shishe-capella-60ml","status":"publish","type":"product","link":"https:\/\/packmarkt.com\/sq\/produkt\/shishe-capella-60ml\/","title":{"rendered":"Shishe Capella 60ml"},"content":{"rendered":"<p>Shishja <strong data-start=\"45\" data-end=\"74\">p\u00ebr kozmetik\u00eb<\/strong> \u00ebsht\u00eb prodhuar nga <strong>Black <\/strong><strong data-start=\"100\" data-end=\"115\">glass<\/strong>, nj\u00eb qelq q\u00eb mbron n\u00eb m\u00ebnyr\u00eb efektive p\u00ebrmbajtjen nga drita, duke ruajtur freskin\u00eb, cil\u00ebsin\u00eb dhe karakteristikat natyrore t\u00eb l\u00ebngjeve.<\/p>\n<h5><b>Karakteristika &amp; P\u00ebrfitime<\/b><\/h5>\n<ul>\n<li>Prodhuar nga <strong>Black <\/strong><strong data-start=\"43\" data-end=\"58\">glass<\/strong>, i cili mbron n\u00eb m\u00ebnyr\u00eb efektive p\u00ebrmbajtjen nga drita, duke ruajtur freskin\u00eb, cil\u00ebsin\u00eb dhe karakteristikat natyrore t\u00eb l\u00ebngjeve.<\/li>\n<li>Dizajn elegant dhe praktik, i p\u00ebrshtatsh\u00ebm p\u00ebr p\u00ebrdorim personal dhe profesional.<\/li>\n<li>E disponueshme n\u00eb madh\u00ebsi t\u00eb ndryshme p\u00ebr \u00e7do nevoj\u00eb.<\/li>\n<\/ul>\n<h5><b>Specifikime Teknike<\/b><\/h5>\n<ul>\n<li><strong>Materiali: <\/strong>Xham i zi<\/li>\n<li><strong>Kapaciteti: <\/strong>60ml<\/li>\n<li><strong>Lart\u00ebsia: <\/strong>97,5 mm<\/li>\n<li><strong>Diametri: <\/strong>40,2 mm<\/li>\n<li><strong>Hapja:<\/strong> 20\/410<\/li>\n<li><strong>Forma: <\/strong>e rrumbullak\u00ebt<\/li>\n<\/ul>\n<h5><b>Aplikimet<\/b><\/h5>\n<ul>\n<li>Ideale p\u00ebr kozmetik\u00eb.<\/li>\n<li>E p\u00ebrshtatshme p\u00ebr p\u00ebrdorim profesional n\u00eb laborator\u00eb dhe dyqane kozmetike.<\/li>\n<li>Ideale p\u00ebr projekte kreative me theks n\u00eb cil\u00ebsi.<\/li>\n<\/ul>\n","protected":false},"excerpt":{"rendered":"<p><strong>Kodi:<\/strong> SM250006A-204<br \/>\n<strong>Materiali: <\/strong>Black glass<br \/>\n<strong>Kapaciteti: <\/strong>60ml<br \/>\n<strong>Lart\u00ebsia: <\/strong>97,5 mm<br \/>\n<strong>Diametri:<\/strong>40,2 mm<br \/>\n<strong>Hapja:<\/strong> 20\/410<br \/>\n<strong>Forma: <\/strong>e rrumbullak\u00ebt<\/p>\n","protected":false},"featured_media":22666,"template":"","meta":[],"product_brand":[],"product_cat":[1947],"product_tag":[],"class_list":{"0":"post-35170","1":"product","2":"type-product","3":"status-publish","4":"has-post-thumbnail","6":"product_cat-shishe-te-vogla-kozmetike","7":"ts_product_brand-miron","9":"first","10":"instock","11":"taxable","12":"shipping-taxable","13":"product-type-simple"},"aioseo_notices":[],"_links":{"self":[{"href":"https:\/\/packmarkt.com\/sq\/wp-json\/wp\/v2\/product\/35170","targetHints":{"allow":["GET"]}}],"collection":[{"href":"https:\/\/packmarkt.com\/sq\/wp-json\/wp\/v2\/product"}],"about":[{"href":"https:\/\/packmarkt.com\/sq\/wp-json\/wp\/v2\/types\/product"}],"wp:featuredmedia":[{"embeddable":true,"href":"https:\/\/packmarkt.com\/sq\/wp-json\/wp\/v2\/media\/22666"}],"wp:attachment":[{"href":"https:\/\/packmarkt.com\/sq\/wp-json\/wp\/v2\/media?parent=35170"}],"wp:term":[{"taxonomy":"product_brand","embeddable":true,"href":"https:\/\/packmarkt.com\/sq\/wp-json\/wp\/v2\/product_brand?post=35170"},{"taxonomy":"product_cat","embeddable":true,"href":"https:\/\/packmarkt.com\/sq\/wp-json\/wp\/v2\/product_cat?post=35170"},{"taxonomy":"product_tag","embeddable":true,"href":"https:\/\/packmarkt.com\/sq\/wp-json\/wp\/v2\/product_tag?post=35170"}],"curies":[{"name":"wp","href":"https:\/\/api.w.org\/{rel}","templated":true}]}}