{"id":34912,"date":"2026-03-17T11:55:27","date_gmt":"2026-03-17T08:55:27","guid":{"rendered":"https:\/\/packmarkt.com\/product\/kavanoz-vitamin-carina-300-ml\/"},"modified":"2026-03-17T11:55:27","modified_gmt":"2026-03-17T08:55:27","slug":"kavanoz-vitamin-carina-300-ml","status":"publish","type":"product","link":"https:\/\/packmarkt.com\/sq\/produkt\/kavanoz-vitamin-carina-300-ml\/","title":{"rendered":"Kavanoz Vitamin Carina 300 ml"},"content":{"rendered":"<p><strong data-start=\"45\" data-end=\"74\">Kavanozi p\u00ebr vitamina <\/strong>\u00ebsht\u00eb prodhuar nga <strong data-start=\"100\" data-end=\"115\">Black glass<\/strong>, nj\u00eb xham q\u00eb mbron n\u00eb m\u00ebnyr\u00eb efektive p\u00ebrmbajtjen nga drita, duke ruajtur freskin\u00eb, cil\u00ebsin\u00eb dhe <span class=\"BZ_Pyq_fadeIn\">karakteristikat <\/span><span class=\"BZ_Pyq_fadeIn\">ushqyese <\/span><span class=\"BZ_Pyq_fadeIn\">t\u00eb <\/span><span class=\"BZ_Pyq_fadeIn\">vitaminave.<\/span><\/p>\n<h5><b>Karakteristika &amp; P\u00ebrfitime<\/b><\/h5>\n<ul>\n<li><span class=\"BZ_Pyq_fadeIn\">Prodhuar <\/span><span class=\"BZ_Pyq_fadeIn\">nga <\/span><strong data-start=\"516\" data-end=\"531\"><span class=\"BZ_Pyq_fadeIn\">Black <\/span><span class=\"BZ_Pyq_fadeIn\">glass<\/span><\/strong><span class=\"BZ_Pyq_fadeIn\">,  <\/span><span class=\"BZ_Pyq_fadeIn\">i cili  <\/span><span class=\"BZ_Pyq_fadeIn\"> <\/span><span class=\"BZ_Pyq_fadeIn\">mbron  <\/span><span class=\"BZ_Pyq_fadeIn\">vitaminat  <\/span><span class=\"BZ_Pyq_fadeIn\"> <\/span><span class=\"BZ_Pyq_fadeIn\">nga  <\/span><span class=\"BZ_Pyq_fadeIn\">drita  <\/span><span class=\"BZ_Pyq_fadeIn\"> <\/span><span class=\"BZ_Pyq_fadeIn\">dhe  <\/span><span class=\"BZ_Pyq_fadeIn\">ndihmon  <\/span><span class=\"BZ_Pyq_fadeIn\">n\u00eb  <\/span><span class=\"BZ_Pyq_fadeIn\">ruajtjen  <\/span><span class=\"BZ_Pyq_fadeIn\">e  <\/span><span class=\"BZ_Pyq_fadeIn\">freskis\u00eb,  <\/span><span class=\"BZ_Pyq_fadeIn\">cil\u00ebsis\u00eb  <\/span><span class=\"BZ_Pyq_fadeIn\"> <\/span><span class=\"BZ_Pyq_fadeIn\">dhe  <\/span><span class=\"BZ_Pyq_fadeIn\">t\u00eb  <\/span><span class=\"BZ_Pyq_fadeIn\">gjitha  <\/span><span class=\"BZ_Pyq_fadeIn\">elementeve  <\/span><span class=\"BZ_Pyq_fadeIn\">t\u00eb  <\/span><span class=\"BZ_Pyq_fadeIn\">tyre ushqyese.<\/span><\/li>\n<li>Dizajn elegant dhe praktik, i p\u00ebrshtatsh\u00ebm p\u00ebr p\u00ebrdorim personal dhe profesional.<\/li>\n<li>N\u00eb dispozicion n\u00eb madh\u00ebsi t\u00eb ndryshme p\u00ebr \u00e7do nevoj\u00eb.<\/li>\n<\/ul>\n<h5><b>Specifikime Teknike<\/b><\/h5>\n<ul>\n<li><strong>Materiali: <\/strong>Black glass<\/li>\n<li><strong>Kapaciteti: <\/strong>300 ml<\/li>\n<li><strong>Lart\u00ebsia: <\/strong>130 mm<\/li>\n<li><strong>Diametri:<\/strong> 67,35 mm<\/li>\n<li><strong>Pesha: <\/strong>304 g<\/li>\n<li><strong>Hapja:<\/strong> 48\/400<\/li>\n<li><strong>Forma: <\/strong>e rrumbullak\u00ebt<\/li>\n<\/ul>\n<h5><b>Aplikimet<\/b><\/h5>\n<ul>\n<li><span class=\"BZ_Pyq_fadeIn\">Ideale <\/span><span class=\"BZ_Pyq_fadeIn\">p\u00ebr <\/span><span class=\"BZ_Pyq_fadeIn\">ruajtjen <\/span><span class=\"BZ_Pyq_fadeIn\">e vitaminave, <\/span><span class=\"BZ_Pyq_fadeIn\">suplementeve <\/span><span class=\"BZ_Pyq_fadeIn\">dhe <\/span><span class=\"BZ_Pyq_fadeIn\">ekstrakteve <\/span><span class=\"BZ_Pyq_fadeIn\">bimore.<\/span><\/li>\n<li><span class=\"BZ_Pyq_fadeIn\">E p\u00ebrshtatshme <\/span><span class=\"BZ_Pyq_fadeIn\">p\u00ebr <\/span><span class=\"BZ_Pyq_fadeIn\">p\u00ebrdorim <\/span><span class=\"BZ_Pyq_fadeIn\">profesional <\/span><span class=\"BZ_Pyq_fadeIn\">n\u00eb <\/span><span class=\"BZ_Pyq_fadeIn\">farmaci, <\/span><span class=\"BZ_Pyq_fadeIn\">laborator\u00eb <\/span><span class=\"BZ_Pyq_fadeIn\">ose <\/span><span class=\"BZ_Pyq_fadeIn\">dyqane <\/span><span class=\"BZ_Pyq_fadeIn\">suplementesh.<\/span><\/li>\n<li>Ideale p\u00ebr projekte kreative me theks n\u00eb cil\u00ebsi.<\/li>\n<\/ul>\n","protected":false},"excerpt":{"rendered":"<p><strong>Kodi:<\/strong> SM140010-204<br \/>\n<strong>Materiali: <\/strong>Black glass<br \/>\n<strong>Kapaciteti: <\/strong>300 ml<br \/>\n<strong>Lart\u00ebsia: <\/strong>130 mm<br \/>\n<strong>Diametri:<\/strong> 67,35 mm<br \/>\n<strong>Pesha: <\/strong>304 g<br \/>\n<strong>Hapja:<\/strong> 48\/400<br \/>\n<strong>Forma: <\/strong>e rrumbullak\u00ebt<\/p>\n","protected":false},"featured_media":22902,"template":"","meta":[],"product_brand":[],"product_cat":[1939],"product_tag":[],"class_list":{"0":"post-34912","1":"product","2":"type-product","3":"status-publish","4":"has-post-thumbnail","6":"product_cat-qese","7":"ts_product_brand-miron","9":"first","10":"instock","11":"taxable","12":"shipping-taxable","13":"product-type-simple"},"aioseo_notices":[],"_links":{"self":[{"href":"https:\/\/packmarkt.com\/sq\/wp-json\/wp\/v2\/product\/34912","targetHints":{"allow":["GET"]}}],"collection":[{"href":"https:\/\/packmarkt.com\/sq\/wp-json\/wp\/v2\/product"}],"about":[{"href":"https:\/\/packmarkt.com\/sq\/wp-json\/wp\/v2\/types\/product"}],"wp:featuredmedia":[{"embeddable":true,"href":"https:\/\/packmarkt.com\/sq\/wp-json\/wp\/v2\/media\/22902"}],"wp:attachment":[{"href":"https:\/\/packmarkt.com\/sq\/wp-json\/wp\/v2\/media?parent=34912"}],"wp:term":[{"taxonomy":"product_brand","embeddable":true,"href":"https:\/\/packmarkt.com\/sq\/wp-json\/wp\/v2\/product_brand?post=34912"},{"taxonomy":"product_cat","embeddable":true,"href":"https:\/\/packmarkt.com\/sq\/wp-json\/wp\/v2\/product_cat?post=34912"},{"taxonomy":"product_tag","embeddable":true,"href":"https:\/\/packmarkt.com\/sq\/wp-json\/wp\/v2\/product_tag?post=34912"}],"curies":[{"name":"wp","href":"https:\/\/api.w.org\/{rel}","templated":true}]}}