{"id":34864,"date":"2026-03-16T15:50:15","date_gmt":"2026-03-16T12:50:15","guid":{"rendered":"https:\/\/packmarkt.com\/product\/kavanoz-kozmetik-eris-30-ml\/"},"modified":"2026-03-16T15:50:15","modified_gmt":"2026-03-16T12:50:15","slug":"kavanoz-kozmetik-eris-30-ml","status":"publish","type":"product","link":"https:\/\/packmarkt.com\/sq\/produkt\/kavanoz-kozmetik-eris-30-ml\/","title":{"rendered":"Kavanoz Kozmetik Eris 30 ml"},"content":{"rendered":"<p>Kavanozi <strong data-start=\"45\" data-end=\"74\">p\u00ebr kozmetik\u00eb<\/strong> \u00ebsht\u00eb prodhuar nga <strong data-start=\"100\" data-end=\"115\">xhami i zi<\/strong>, nj\u00eb xham q\u00eb mbron n\u00eb m\u00ebnyr\u00eb efektive p\u00ebrmbajtjen nga drita, duke ruajtur freskin\u00eb, cil\u00ebsin\u00eb dhe karakteristikat natyrore t\u00eb produkteve.<\/p>\n<h5><b>Karakteristika &amp; P\u00ebrfitime<\/b><\/h5>\n<ul>\n<li>Prodhuar nga <strong data-start=\"43\" data-end=\"58\">xhami i zi<\/strong>, i cili mbron n\u00eb m\u00ebnyr\u00eb efektive p\u00ebrmbajtjen nga drita, duke ruajtur freskin\u00eb, cil\u00ebsin\u00eb dhe t\u00eb gjitha karakteristikat natyrore.<\/li>\n<li>Dizajn elegant dhe praktik, i p\u00ebrshtatsh\u00ebm p\u00ebr p\u00ebrdorim personal dhe profesional.<\/li>\n<li>N\u00eb dispozicion n\u00eb madh\u00ebsi t\u00eb ndryshme p\u00ebr \u00e7do nevoj\u00eb.<\/li>\n<\/ul>\n<h5><b>Specifikime Teknike<\/b><\/h5>\n<ul>\n<li><strong>Materiali: <\/strong>Xham i zi<\/li>\n<li><strong>Kapaciteti: <\/strong>30ml<\/li>\n<li><strong>Lart\u00ebsia: <\/strong>34 mm<\/li>\n<li><strong>Diametri:<\/strong> 54,5 mm<\/li>\n<li><strong>Pesha:<\/strong> 80 gr<\/li>\n<li><strong>Hapja:<\/strong> 45 special thread<\/li>\n<li><strong>Forma: <\/strong>e rrumbullak\u00ebt<\/li>\n<\/ul>\n<h5><b>Aplikimet<\/b><\/h5>\n<ul>\n<li>Ideal p\u00ebr kozmetik\u00eb.<\/li>\n<li>I p\u00ebrshtatsh\u00ebm p\u00ebr p\u00ebrdorim profesional n\u00eb laborator\u00eb dhe dyqane kozmetike.<\/li>\n<li>Ideal p\u00ebr projekte kreative me theks n\u00eb cil\u00ebsi.<\/li>\n<\/ul>\n","protected":false},"excerpt":{"rendered":"<p><strong>Kodi:<\/strong> HF13624-204<br \/>\n<strong>Materiali: <\/strong>Xham i zi<br \/>\n<strong>Kapaciteti: <\/strong>30 ml<br \/>\n<strong>Lart\u00ebsia: <\/strong>34 mm<br \/>\n<strong>Diametri:<\/strong> 54,5 mm<br \/>\n<strong>Pesha: <\/strong>80 gr<br \/>\n<strong>Hapja:<\/strong> 45 special thread<br \/>\n<strong>Forma: <\/strong>e rrumbullak\u00ebt<\/p>\n","protected":false},"featured_media":22855,"template":"","meta":[],"product_brand":[],"product_cat":[1939],"product_tag":[],"class_list":{"0":"post-34864","1":"product","2":"type-product","3":"status-publish","4":"has-post-thumbnail","6":"product_cat-qese","7":"ts_product_brand-miron","9":"first","10":"instock","11":"taxable","12":"shipping-taxable","13":"product-type-simple"},"aioseo_notices":[],"_links":{"self":[{"href":"https:\/\/packmarkt.com\/sq\/wp-json\/wp\/v2\/product\/34864","targetHints":{"allow":["GET"]}}],"collection":[{"href":"https:\/\/packmarkt.com\/sq\/wp-json\/wp\/v2\/product"}],"about":[{"href":"https:\/\/packmarkt.com\/sq\/wp-json\/wp\/v2\/types\/product"}],"wp:featuredmedia":[{"embeddable":true,"href":"https:\/\/packmarkt.com\/sq\/wp-json\/wp\/v2\/media\/22855"}],"wp:attachment":[{"href":"https:\/\/packmarkt.com\/sq\/wp-json\/wp\/v2\/media?parent=34864"}],"wp:term":[{"taxonomy":"product_brand","embeddable":true,"href":"https:\/\/packmarkt.com\/sq\/wp-json\/wp\/v2\/product_brand?post=34864"},{"taxonomy":"product_cat","embeddable":true,"href":"https:\/\/packmarkt.com\/sq\/wp-json\/wp\/v2\/product_cat?post=34864"},{"taxonomy":"product_tag","embeddable":true,"href":"https:\/\/packmarkt.com\/sq\/wp-json\/wp\/v2\/product_tag?post=34864"}],"curies":[{"name":"wp","href":"https:\/\/api.w.org\/{rel}","templated":true}]}}