{"id":34789,"date":"2026-03-17T13:51:18","date_gmt":"2026-03-17T10:51:18","guid":{"rendered":"https:\/\/packmarkt.com\/product\/vazo-apotekare-libra-500ml\/"},"modified":"2026-03-17T13:51:18","modified_gmt":"2026-03-17T10:51:18","slug":"vazo-apotekare-libra-500ml","status":"publish","type":"product","link":"https:\/\/packmarkt.com\/sq\/produkt\/vazo-apotekare-libra-500ml\/","title":{"rendered":"Vazo Apotekare Libra 500ml"},"content":{"rendered":"<p>Vazoja <strong data-start=\"45\" data-end=\"74\">p\u00ebr ila\u00e7e <\/strong>\u00ebsht\u00eb prodhuar nga <strong data-start=\"100\" data-end=\"115\">xham i zi<\/strong>, nj\u00eb xham q\u00eb mbron n\u00eb m\u00ebnyr\u00eb efektive p\u00ebrmbajtjen nga drita, duke ruajtur cil\u00ebsin\u00eb dhe efikasitetin e ila\u00e7eve.<\/p>\n<h5><b>Karakteristika &amp; P\u00ebrfitime<\/b><\/h5>\n<ul>\n<li><span class=\"BZ_Pyq_fadeIn\">Prodhuar <\/span><span class=\"BZ_Pyq_fadeIn\">nga <\/span><strong data-start=\"501\" data-end=\"516\"><span class=\"BZ_Pyq_fadeIn\">xham i <\/span><span class=\"BZ_Pyq_fadeIn\">zi<\/span><\/strong><span class=\"BZ_Pyq_fadeIn\">, <\/span><span class=\"BZ_Pyq_fadeIn\">q\u00eb <\/span><span class=\"BZ_Pyq_fadeIn\">mbron <\/span><span class=\"BZ_Pyq_fadeIn\"><span class=\"BZ_Pyq_fadeIn\">ila\u00e7et <\/span><span class=\"BZ_Pyq_fadeIn\">nga <\/span><span class=\"BZ_Pyq_fadeIn\"><span class=\"BZ_Pyq_fadeIn\">drita <\/span><span class=\"BZ_Pyq_fadeIn\">dhe <\/span><span class=\"BZ_Pyq_fadeIn\"><span class=\"BZ_Pyq_fadeIn\">d\u00ebmtimi.<\/span><\/span><\/span><\/span><\/li>\n<li>Dizajn elegant dhe praktik, i p\u00ebrshtatsh\u00ebm p\u00ebr <span class=\"BZ_Pyq_fadeIn\">farmaci, <\/span><span class=\"BZ_Pyq_fadeIn\">laborator\u00eb <\/span><span class=\"BZ_Pyq_fadeIn\">dhe <\/span><span class=\"BZ_Pyq_fadeIn\">p\u00ebrdorim <\/span><span class=\"BZ_Pyq_fadeIn\">profesional.<\/span><\/li>\n<li>N\u00eb dispozicion n\u00eb madh\u00ebsi t\u00eb ndryshme p\u00ebr \u00e7do nevoj\u00eb.<\/li>\n<\/ul>\n<h5><b>Specifikime Teknike<\/b><\/h5>\n<ul>\n<li><strong>Materiali: <\/strong>Xham i zi<\/li>\n<li><strong>Kapaciteti: <\/strong>500ml<\/li>\n<li><strong>Lart\u00ebsia: <\/strong>157,5 mm<\/li>\n<li><strong>Diametri:<\/strong> 86 mm<\/li>\n<li><strong>Hapja:<\/strong> e pal\u00ebmuar<\/li>\n<li><strong>Forma: <\/strong>e rrumbullak\u00ebt<\/li>\n<\/ul>\n<h5><b>Aplikimet<\/b><\/h5>\n<ul>\n<li><span class=\"BZ_Pyq_fadeIn\">Ideale <\/span><span class=\"BZ_Pyq_fadeIn\">p\u00ebr <\/span><span class=\"BZ_Pyq_fadeIn\">ila\u00e7e <\/span><span class=\"BZ_Pyq_fadeIn\">dhe <\/span><span class=\"BZ_Pyq_fadeIn\">p\u00ebrgatitje <\/span><span class=\"BZ_Pyq_fadeIn\">farmaceutike.<\/span><\/li>\n<li><span class=\"BZ_Pyq_fadeIn\">E p\u00ebrshtatshme <\/span><span class=\"BZ_Pyq_fadeIn\">p\u00ebr <\/span><span class=\"BZ_Pyq_fadeIn\">p\u00ebrdorim <\/span><span class=\"BZ_Pyq_fadeIn\">profesional <\/span><span class=\"BZ_Pyq_fadeIn\">n\u00eb <\/span><span class=\"BZ_Pyq_fadeIn\">farmaci, <\/span><span class=\"BZ_Pyq_fadeIn\">laborator\u00eb <\/span><span class=\"BZ_Pyq_fadeIn\">dhe <\/span><span class=\"BZ_Pyq_fadeIn\">klinika.<\/span><\/li>\n<li><span class=\"BZ_Pyq_fadeIn\">Ideale <\/span><span class=\"BZ_Pyq_fadeIn\">p\u00ebr <\/span><span class=\"BZ_Pyq_fadeIn\">ruajtjen <\/span><span class=\"BZ_Pyq_fadeIn\">e sigurt <\/span><span class=\"BZ_Pyq_fadeIn\">t\u00eb <\/span><span class=\"BZ_Pyq_fadeIn\">produkteve <\/span><span class=\"BZ_Pyq_fadeIn\">farmaceutike <\/span><span class=\"BZ_Pyq_fadeIn\">me <\/span><span class=\"BZ_Pyq_fadeIn\">theks <\/span><span class=\"BZ_Pyq_fadeIn\">n\u00eb <\/span><span class=\"BZ_Pyq_fadeIn\">mbrojtje, <\/span><span class=\"BZ_Pyq_fadeIn\">stabilitet <\/span><span class=\"BZ_Pyq_fadeIn\">dhe cil\u00ebsi.<\/span><\/li>\n<\/ul>\n","protected":false},"excerpt":{"rendered":"<p><strong>Kodi:<\/strong> SM241004-204<br \/>\n<strong>Materiali: <\/strong>Xham i zi<br \/>\n<strong>Kapaciteti: <\/strong>500ml<br \/>\n<strong>Lart\u00ebsia: <\/strong>157,5mm<br \/>\n<strong>Diametri:<\/strong> 86 mm<br \/>\n<strong>Hapja:<\/strong> e pal\u00ebmuar<br \/>\n<strong>Forma: <\/strong>e rrumbullak\u00ebt<\/p>\n","protected":false},"featured_media":22932,"template":"","meta":[],"product_brand":[],"product_cat":[1939],"product_tag":[],"class_list":{"0":"post-34789","1":"product","2":"type-product","3":"status-publish","4":"has-post-thumbnail","6":"product_cat-qese","7":"ts_product_brand-miron","9":"first","10":"instock","11":"taxable","12":"shipping-taxable","13":"product-type-simple"},"aioseo_notices":[],"_links":{"self":[{"href":"https:\/\/packmarkt.com\/sq\/wp-json\/wp\/v2\/product\/34789","targetHints":{"allow":["GET"]}}],"collection":[{"href":"https:\/\/packmarkt.com\/sq\/wp-json\/wp\/v2\/product"}],"about":[{"href":"https:\/\/packmarkt.com\/sq\/wp-json\/wp\/v2\/types\/product"}],"wp:featuredmedia":[{"embeddable":true,"href":"https:\/\/packmarkt.com\/sq\/wp-json\/wp\/v2\/media\/22932"}],"wp:attachment":[{"href":"https:\/\/packmarkt.com\/sq\/wp-json\/wp\/v2\/media?parent=34789"}],"wp:term":[{"taxonomy":"product_brand","embeddable":true,"href":"https:\/\/packmarkt.com\/sq\/wp-json\/wp\/v2\/product_brand?post=34789"},{"taxonomy":"product_cat","embeddable":true,"href":"https:\/\/packmarkt.com\/sq\/wp-json\/wp\/v2\/product_cat?post=34789"},{"taxonomy":"product_tag","embeddable":true,"href":"https:\/\/packmarkt.com\/sq\/wp-json\/wp\/v2\/product_tag?post=34789"}],"curies":[{"name":"wp","href":"https:\/\/api.w.org\/{rel}","templated":true}]}}