{"id":34639,"date":"2026-03-16T14:07:04","date_gmt":"2026-03-16T11:07:04","guid":{"rendered":"https:\/\/packmarkt.com\/product\/vazo-kozmetike-ceres-15ml\/"},"modified":"2026-03-16T14:07:04","modified_gmt":"2026-03-16T11:07:04","slug":"vazo-kozmetike-ceres-15ml","status":"publish","type":"product","link":"https:\/\/packmarkt.com\/sq\/produkt\/vazo-kozmetike-ceres-15ml\/","title":{"rendered":"Vazo Kozmetike Ceres 15ml"},"content":{"rendered":"<p>Vazoja <strong data-start=\"45\" data-end=\"74\">kozmetike <\/strong>\u00ebsht\u00eb prodhuar nga <strong data-start=\"100\" data-end=\"115\">xhami i zi<\/strong>, nj\u00eb xham q\u00eb mbron n\u00eb m\u00ebnyr\u00eb efektive p\u00ebrmbajtjen nga drita, duke ruajtur freskin\u00eb, cil\u00ebsin\u00eb dhe karakteristikat natyrale t\u00eb produkteve.<\/p>\n<h5><b>Karakteristika &amp; P\u00ebrfitime<\/b><\/h5>\n<ul>\n<li>Prodhuar nga <strong data-start=\"43\" data-end=\"58\">xhami i zi<\/strong>, i cili mbron n\u00eb m\u00ebnyr\u00eb efektive p\u00ebrmbajtjen nga drita, duke ruajtur freskin\u00eb, cil\u00ebsin\u00eb dhe t\u00eb gjitha karakteristikat natyrale.<\/li>\n<li>Dizajn elegant dhe praktik, i p\u00ebrshtatsh\u00ebm p\u00ebr p\u00ebrdorim personal dhe profesional.<\/li>\n<li>N\u00eb dispozicion n\u00eb madh\u00ebsi t\u00eb ndryshme p\u00ebr \u00e7do nevoj\u00eb.<\/li>\n<\/ul>\n<h5><b>Specifikime Teknike<\/b><\/h5>\n<ul>\n<li><strong>Materiali: <\/strong>Xham i zi<\/li>\n<li><strong>Kapaciteti: <\/strong>15ml<\/li>\n<li><strong>Lart\u00ebsia: <\/strong>29,4 mm<\/li>\n<li><strong>Diametri:<\/strong> 42,9 mm<\/li>\n<li><strong>Pesha: <\/strong>52 gr<\/li>\n<li><strong>Hapja:<\/strong> 37 special thread<\/li>\n<li><strong>Forma: <\/strong>e rrumbullak\u00ebt<\/li>\n<\/ul>\n<h5><b>Aplikimet<\/b><\/h5>\n<ul>\n<li>Ideale p\u00ebr kozmetik\u00eb.<\/li>\n<li>E p\u00ebrshtatshme p\u00ebr p\u00ebrdorim profesional n\u00eb laborator\u00eb dhe dyqane kozmetike.<\/li>\n<li>Ideale p\u00ebr projekte kreative me theks te cil\u00ebsia.<\/li>\n<\/ul>\n","protected":false},"excerpt":{"rendered":"<p><strong>Kodi:<\/strong> HF4244-204<br \/>\n<strong>Materiali: <\/strong>Xham i zi<br \/>\n<strong>Kapaciteti: <\/strong>15ml<br \/>\n<strong>Lart\u00ebsia: <\/strong>29,4 mm<br \/>\n<strong>Diametri:<\/strong> 42,9 mm<br \/>\n<strong>Pesha: <\/strong>52 gr<br \/>\n<strong>Hapja:<\/strong> 37 special thread<br \/>\n<strong>Forma: <\/strong>e rrumbullak\u00ebt<\/p>\n","protected":false},"featured_media":22839,"template":"","meta":[],"product_brand":[],"product_cat":[1939],"product_tag":[],"class_list":{"0":"post-34639","1":"product","2":"type-product","3":"status-publish","4":"has-post-thumbnail","6":"product_cat-qese","7":"ts_product_brand-miron","9":"first","10":"instock","11":"taxable","12":"shipping-taxable","13":"product-type-simple"},"aioseo_notices":[],"_links":{"self":[{"href":"https:\/\/packmarkt.com\/sq\/wp-json\/wp\/v2\/product\/34639","targetHints":{"allow":["GET"]}}],"collection":[{"href":"https:\/\/packmarkt.com\/sq\/wp-json\/wp\/v2\/product"}],"about":[{"href":"https:\/\/packmarkt.com\/sq\/wp-json\/wp\/v2\/types\/product"}],"wp:featuredmedia":[{"embeddable":true,"href":"https:\/\/packmarkt.com\/sq\/wp-json\/wp\/v2\/media\/22839"}],"wp:attachment":[{"href":"https:\/\/packmarkt.com\/sq\/wp-json\/wp\/v2\/media?parent=34639"}],"wp:term":[{"taxonomy":"product_brand","embeddable":true,"href":"https:\/\/packmarkt.com\/sq\/wp-json\/wp\/v2\/product_brand?post=34639"},{"taxonomy":"product_cat","embeddable":true,"href":"https:\/\/packmarkt.com\/sq\/wp-json\/wp\/v2\/product_cat?post=34639"},{"taxonomy":"product_tag","embeddable":true,"href":"https:\/\/packmarkt.com\/sq\/wp-json\/wp\/v2\/product_tag?post=34639"}],"curies":[{"name":"wp","href":"https:\/\/api.w.org\/{rel}","templated":true}]}}