{"id":34519,"date":"2026-03-17T17:16:10","date_gmt":"2026-03-17T14:16:10","guid":{"rendered":"https:\/\/packmarkt.com\/product\/kavanoz-me-gryke-te-gjere-saturn-100-ml\/"},"modified":"2026-03-17T17:16:10","modified_gmt":"2026-03-17T14:16:10","slug":"kavanoz-me-gryke-te-gjere-saturn-100-ml","status":"publish","type":"product","link":"https:\/\/packmarkt.com\/sq\/produkt\/kavanoz-me-gryke-te-gjere-saturn-100-ml\/","title":{"rendered":"Kavanoz me Gryk\u00eb t\u00eb Gjer\u00eb Saturn 100 ml"},"content":{"rendered":"<p><span class=\"BZ_Pyq_fadeIn\">Kavanozi <\/span><strong data-start=\"102\" data-end=\"128\"><span class=\"BZ_Pyq_fadeIn\">me <\/span><span class=\"BZ_Pyq_fadeIn\">gryk\u00eb <\/span><span class=\"BZ_Pyq_fadeIn\">t\u00eb <\/span><span class=\"BZ_Pyq_fadeIn\">gjer\u00eb<\/span><\/strong> <span class=\"BZ_Pyq_fadeIn\">\u00ebsht\u00eb <\/span><span class=\"BZ_Pyq_fadeIn\">prodhuar <\/span><span class=\"BZ_Pyq_fadeIn\">nga <\/span><strong data-start=\"154\" data-end=\"169\"><span class=\"BZ_Pyq_fadeIn\">xhami <\/span><span class=\"BZ_Pyq_fadeIn\">i zi<\/span><\/strong> <span class=\"BZ_Pyq_fadeIn\">,  <\/span><span class=\"BZ_Pyq_fadeIn\">i cili <\/span><span class=\"BZ_Pyq_fadeIn\"> <\/span><span class=\"BZ_Pyq_fadeIn\">mbron <\/span><span class=\"BZ_Pyq_fadeIn\">n\u00eb m\u00ebnyr\u00eb efektive <\/span><span class=\"BZ_Pyq_fadeIn\">p\u00ebrmbajtjen <\/span><span class=\"BZ_Pyq_fadeIn\"> <\/span><span class=\"BZ_Pyq_fadeIn\">nga <\/span><span class=\"BZ_Pyq_fadeIn\">drita, <\/span><span class=\"BZ_Pyq_fadeIn\"> <\/span><span class=\"BZ_Pyq_fadeIn\">duke ruajtur <\/span><span class=\"BZ_Pyq_fadeIn\">cil\u00ebsin\u00eb, <\/span><span class=\"BZ_Pyq_fadeIn\"> <\/span><span class=\"BZ_Pyq_fadeIn\">stabilitetin <\/span><span class=\"BZ_Pyq_fadeIn\"> <\/span><span class=\"BZ_Pyq_fadeIn\">dhe <\/span><span class=\"BZ_Pyq_fadeIn\">karakteristikat <\/span><span class=\"BZ_Pyq_fadeIn\">e saj. <\/span><span class=\"BZ_Pyq_fadeIn\"><\/span><\/p>\n<h5><b>Karakteristika &amp; P\u00ebrfitime<\/b><\/h5>\n<ul>\n<li><span class=\"BZ_Pyq_fadeIn\">Prodhuar <\/span><span class=\"BZ_Pyq_fadeIn\">nga <\/span><strong data-start=\"501\" data-end=\"516\"><span class=\"BZ_Pyq_fadeIn\">xhami <\/span><span class=\"BZ_Pyq_fadeIn\">i zi<\/span><\/strong><span class=\"BZ_Pyq_fadeIn\">, i cili ndihmon n\u00eb mbrojtjen e p\u00ebrmbajtjes nga ekspozimi ndaj drit\u00ebs.<\/span><\/li>\n<li><span class=\"BZ_Pyq_fadeIn\">Gryk\u00eb <\/span><span class=\"BZ_Pyq_fadeIn\">e gjer\u00eb <\/span><span class=\"BZ_Pyq_fadeIn\">p\u00ebr <\/span><span class=\"BZ_Pyq_fadeIn\">mbushje, <\/span><span class=\"BZ_Pyq_fadeIn\">akses <\/span><span class=\"BZ_Pyq_fadeIn\">dhe <\/span><span class=\"BZ_Pyq_fadeIn\">p\u00ebrdorim <\/span><span class=\"BZ_Pyq_fadeIn\">t\u00eb leht\u00eb.<\/span><\/li>\n<li><span class=\"BZ_Pyq_fadeIn\">Dizajn <\/span><span class=\"BZ_Pyq_fadeIn\">praktik <\/span><span class=\"BZ_Pyq_fadeIn\">dhe <\/span><span class=\"BZ_Pyq_fadeIn\">funksional <\/span><span class=\"BZ_Pyq_fadeIn\">i p\u00ebrshtatsh\u00ebm <\/span><span class=\"BZ_Pyq_fadeIn\">p\u00ebr <\/span><span class=\"BZ_Pyq_fadeIn\">p\u00ebrdorim <\/span><span class=\"BZ_Pyq_fadeIn\">personal <\/span><span class=\"BZ_Pyq_fadeIn\">dhe <\/span><span class=\"BZ_Pyq_fadeIn\">profesional.<\/span><\/li>\n<li>N\u00eb dispozicion n\u00eb madh\u00ebsi t\u00eb ndryshme p\u00ebr \u00e7do nevoj\u00eb.<\/li>\n<\/ul>\n<h5><b>Specifikime Teknike<\/b><\/h5>\n<ul>\n<li><strong>Materiali: <\/strong>Xham i zi<\/li>\n<li><strong>Kapaciteti: <\/strong>100ml<\/li>\n<li><strong>Lart\u00ebsia: <\/strong>84,4 mm<\/li>\n<li><strong>Diametri:<\/strong> 51,7 mm<\/li>\n<li><strong>Pesha: <\/strong>149 gr<\/li>\n<li><strong>Gryka:<\/strong> 48\/400<\/li>\n<li><strong>Forma: <\/strong>e rrumbullak\u00ebt<\/li>\n<\/ul>\n<h5><b>Aplikimet<\/b><\/h5>\n<ul>\n<li><span class=\"BZ_Pyq_fadeIn\">Ideal <\/span><span class=\"BZ_Pyq_fadeIn\">p\u00ebr <\/span><span class=\"BZ_Pyq_fadeIn\">kozmetik\u00eb, <\/span><span class=\"BZ_Pyq_fadeIn\">preparate, <\/span><span class=\"BZ_Pyq_fadeIn\">l\u00ebnd\u00eb <\/span><span class=\"BZ_Pyq_fadeIn\">t\u00eb para <\/span><span class=\"BZ_Pyq_fadeIn\">ose <\/span><span class=\"BZ_Pyq_fadeIn\">produkte <\/span><span class=\"BZ_Pyq_fadeIn\">t\u00eb tjera.<\/span><\/li>\n<li><span class=\"BZ_Pyq_fadeIn\">I p\u00ebrshtatsh\u00ebm <\/span><span class=\"BZ_Pyq_fadeIn\">p\u00ebr <\/span><span class=\"BZ_Pyq_fadeIn\">p\u00ebrdorim <\/span><span class=\"BZ_Pyq_fadeIn\">n\u00eb <\/span><span class=\"BZ_Pyq_fadeIn\">laborator\u00eb, <\/span><span class=\"BZ_Pyq_fadeIn\">dyqane <\/span><span class=\"BZ_Pyq_fadeIn\">ose <\/span><span class=\"BZ_Pyq_fadeIn\">mjedise <\/span><span class=\"BZ_Pyq_fadeIn\">sht\u00ebpiake.<\/span><\/li>\n<li><span class=\"BZ_Pyq_fadeIn\">Ideal <\/span><span class=\"BZ_Pyq_fadeIn\">p\u00ebr <\/span><span class=\"BZ_Pyq_fadeIn\">ruajtje <\/span><span class=\"BZ_Pyq_fadeIn\">t\u00eb sigurt <\/span><span class=\"BZ_Pyq_fadeIn\">dhe <\/span><span class=\"BZ_Pyq_fadeIn\">t\u00eb leht\u00eb <\/span><span class=\"BZ_Pyq_fadeIn\">me <\/span><span class=\"BZ_Pyq_fadeIn\">theks <\/span><span class=\"BZ_Pyq_fadeIn\">n\u00eb <\/span><span class=\"BZ_Pyq_fadeIn\">mbrojtje <\/span><span class=\"BZ_Pyq_fadeIn\">dhe <\/span><span class=\"BZ_Pyq_fadeIn\"><span class=\"BZ_Pyq_fadeIn\">cil\u00ebsi.<\/span><\/span><\/li>\n<\/ul>\n","protected":false},"excerpt":{"rendered":"<p><strong>Kodi:<\/strong> SM130017-204<br \/>\n<strong>Materiali: <\/strong>Xham i zi<br \/>\n<strong>Kapaciteti: <\/strong>100 ml<br \/>\n<strong>Lart\u00ebsia: <\/strong>84,4 mm<br \/>\n<strong>Diametri:<\/strong> 51,7 mm<br \/>\n<strong>Pesha: <\/strong>149 gr<br \/>\n<strong>Gryka:<\/strong> 48\/400<br \/>\n<strong>Forma: <\/strong>e rrumbullak\u00ebt<\/p>\n","protected":false},"featured_media":22953,"template":"","meta":[],"product_brand":[],"product_cat":[1939],"product_tag":[],"class_list":{"0":"post-34519","1":"product","2":"type-product","3":"status-publish","4":"has-post-thumbnail","6":"product_cat-qese","7":"ts_product_brand-miron","9":"first","10":"instock","11":"taxable","12":"shipping-taxable","13":"product-type-simple"},"aioseo_notices":[],"_links":{"self":[{"href":"https:\/\/packmarkt.com\/sq\/wp-json\/wp\/v2\/product\/34519","targetHints":{"allow":["GET"]}}],"collection":[{"href":"https:\/\/packmarkt.com\/sq\/wp-json\/wp\/v2\/product"}],"about":[{"href":"https:\/\/packmarkt.com\/sq\/wp-json\/wp\/v2\/types\/product"}],"wp:featuredmedia":[{"embeddable":true,"href":"https:\/\/packmarkt.com\/sq\/wp-json\/wp\/v2\/media\/22953"}],"wp:attachment":[{"href":"https:\/\/packmarkt.com\/sq\/wp-json\/wp\/v2\/media?parent=34519"}],"wp:term":[{"taxonomy":"product_brand","embeddable":true,"href":"https:\/\/packmarkt.com\/sq\/wp-json\/wp\/v2\/product_brand?post=34519"},{"taxonomy":"product_cat","embeddable":true,"href":"https:\/\/packmarkt.com\/sq\/wp-json\/wp\/v2\/product_cat?post=34519"},{"taxonomy":"product_tag","embeddable":true,"href":"https:\/\/packmarkt.com\/sq\/wp-json\/wp\/v2\/product_tag?post=34519"}],"curies":[{"name":"wp","href":"https:\/\/api.w.org\/{rel}","templated":true}]}}