{"id":34374,"date":"2026-03-13T16:23:28","date_gmt":"2026-03-13T13:23:28","guid":{"rendered":"https:\/\/packmarkt.com\/product\/shishe-dropper-orion-100-ml\/"},"modified":"2026-03-13T16:23:28","modified_gmt":"2026-03-13T13:23:28","slug":"shishe-dropper-orion-100-ml","status":"publish","type":"product","link":"https:\/\/packmarkt.com\/sq\/produkt\/shishe-dropper-orion-100-ml\/","title":{"rendered":"Shishe Dropper Orion 100 ml"},"content":{"rendered":"<p><span class=\"BZ_Pyq_fadeIn\">Shishja <\/span><span class=\"BZ_Pyq_fadeIn\">  <\/span><strong data-start=\"377\" data-end=\"394\"><span class=\"BZ_Pyq_fadeIn\">Dropper<\/span><\/strong> <span class=\"BZ_Pyq_fadeIn\"> \u00ebsht\u00eb <\/span><span class=\"BZ_Pyq_fadeIn\"> elegante <\/span><span class=\"BZ_Pyq_fadeIn\">dhe  <\/span><span class=\"BZ_Pyq_fadeIn\"> dhe praktike, <\/span><span class=\"BZ_Pyq_fadeIn\"> ideale <\/span><span class=\"BZ_Pyq_fadeIn\"> p\u00ebr <\/span><span class=\"BZ_Pyq_fadeIn\"> serume, <\/span><span class=\"BZ_Pyq_fadeIn\"> vajra <\/span><span class=\"BZ_Pyq_fadeIn\"> esencial\u00eb <\/span><span class=\"BZ_Pyq_fadeIn\">dhe  <\/span><span class=\"BZ_Pyq_fadeIn\"> dhe l\u00ebngje <\/span><span class=\"BZ_Pyq_fadeIn\"> kozmetike, <\/span><span class=\"BZ_Pyq_fadeIn\"> me <\/span><span class=\"BZ_Pyq_fadeIn\"> mbyllje <\/span><span class=\"BZ_Pyq_fadeIn\"> t\u00eb sigurt <\/span><span class=\"BZ_Pyq_fadeIn\">dhe  <\/span><span class=\"BZ_Pyq_fadeIn\"> dhe p\u00ebrdorim <\/span><span class=\"BZ_Pyq_fadeIn\"> fleksib\u00ebl.<\/span><\/p>\n<h5><b>Karakteristika &amp; P\u00ebrfitime<\/b><\/h5>\n<ul>\n<li>E prodhuar nga <strong data-start=\"43\" data-end=\"58\">xhami i zi<\/strong>, i cili mbron n\u00eb m\u00ebnyr\u00eb efektive p\u00ebrmbajtjen nga drita, duke ruajtur freskin\u00eb, cil\u00ebsin\u00eb dhe karakteristikat natyrore t\u00eb l\u00ebngjeve.<\/li>\n<li><span class=\"BZ_Pyq_fadeIn\">P\u00ebrputhshm\u00ebri <\/span><span class=\"BZ_Pyq_fadeIn\">me <\/span><strong data-start=\"1011\" data-end=\"1043\"><span class=\"BZ_Pyq_fadeIn\">pikatore, <\/span><span class=\"BZ_Pyq_fadeIn\">spraj <\/span><span class=\"BZ_Pyq_fadeIn\">ose <\/span><span class=\"BZ_Pyq_fadeIn\">derdh\u00ebs<\/span><\/strong> <span class=\"BZ_Pyq_fadeIn\">p\u00ebr <\/span><span class=\"BZ_Pyq_fadeIn\">aplikime <\/span><span class=\"BZ_Pyq_fadeIn\">t\u00eb ndryshme.<\/span><\/li>\n<li><span class=\"BZ_Pyq_fadeIn\">Posedon <\/span><strong data-start=\"1142\" data-end=\"1165\"><span class=\"BZ_Pyq_fadeIn\">unaz\u00eb <\/span><span class=\"BZ_Pyq_fadeIn\">tamper-<\/span><span class=\"BZ_Pyq_fadeIn\">evident<\/span><\/strong> <span class=\"BZ_Pyq_fadeIn\">p\u00ebr <\/span><span class=\"BZ_Pyq_fadeIn\">siguri <\/span><span class=\"BZ_Pyq_fadeIn\">dhe <\/span><span class=\"BZ_Pyq_fadeIn\">mbrojtje <\/span><span class=\"BZ_Pyq_fadeIn\">m\u00eb <\/span><span class=\"BZ_Pyq_fadeIn\">t\u00eb <\/span><span class=\"BZ_Pyq_fadeIn\">madhe t\u00eb p\u00ebrmbajtjes.<\/span><\/li>\n<li>Dizajn elegant dhe praktik, i p\u00ebrshtatsh\u00ebm p\u00ebr p\u00ebrdorim personal dhe profesional.<\/li>\n<li>E disponueshme n\u00eb madh\u00ebsi t\u00eb ndryshme p\u00ebr \u00e7do nevoj\u00eb.<\/li>\n<\/ul>\n<h5><b>Specifikime Teknike<\/b><\/h5>\n<ul>\n<li><strong>Materiali: <\/strong>Xham i zi<\/li>\n<li><strong>Kapaciteti:<\/strong> 100 ml<\/li>\n<li><strong>Lart\u00ebsia: <\/strong>125,5 mm<\/li>\n<li><strong>Diametri:<\/strong> 45 mm<\/li>\n<li><strong>Pesha: <\/strong>144 gr<\/li>\n<li><strong>Hapja:<\/strong> DIN18<\/li>\n<li><strong>Forma: <\/strong>e rrumbullak\u00ebt<\/li>\n<\/ul>\n<h5><b>Aplikimet<\/b><\/h5>\n<ul>\n<li><span class=\"BZ_Pyq_fadeIn\">Ideale <\/span><span class=\"BZ_Pyq_fadeIn\">p\u00ebr <\/span><strong data-start=\"1547\" data-end=\"1564\"><span class=\"BZ_Pyq_fadeIn\">vajra <\/span><span class=\"BZ_Pyq_fadeIn\">esencial\u00eb<\/span><\/strong><\/li>\n<li><span class=\"BZ_Pyq_fadeIn\">E p\u00ebrshtatshme <\/span><span class=\"BZ_Pyq_fadeIn\">p\u00ebr <\/span><strong data-start=\"1583\" data-end=\"1613\"><span class=\"BZ_Pyq_fadeIn\">serume <\/span><span class=\"BZ_Pyq_fadeIn\">dhe <\/span><span class=\"BZ_Pyq_fadeIn\">l\u00ebngje <\/span><span class=\"BZ_Pyq_fadeIn\">kozmetike<\/span><\/strong><\/li>\n<li><span class=\"BZ_Pyq_fadeIn\">P\u00ebrdorim <\/span><span class=\"BZ_Pyq_fadeIn\">n\u00eb <\/span><strong data-start=\"1627\" data-end=\"1667\"><span class=\"BZ_Pyq_fadeIn\">produkte <\/span><span class=\"BZ_Pyq_fadeIn\">farmaceutike <\/span><span class=\"BZ_Pyq_fadeIn\">dhe <\/span><span class=\"BZ_Pyq_fadeIn\">laborator\u00eb<\/span><\/strong><\/li>\n<li><span class=\"BZ_Pyq_fadeIn\">Ideale <\/span><span class=\"BZ_Pyq_fadeIn\">p\u00ebr <\/span><strong data-start=\"1684\" data-end=\"1735\"><span class=\"BZ_Pyq_fadeIn\">kozmetik\u00eb <\/span><span class=\"BZ_Pyq_fadeIn\">DIY <\/span><span class=\"BZ_Pyq_fadeIn\">dhe <\/span><span class=\"BZ_Pyq_fadeIn\">paketim <\/span><span class=\"BZ_Pyq_fadeIn\">t\u00eb <\/span><span class=\"BZ_Pyq_fadeIn\">mostrave t\u00eb vogla<\/span><\/strong><\/li>\n<\/ul>\n","protected":false},"excerpt":{"rendered":"<p><strong>Kodi:<\/strong> SM130001-204<br \/>\n<strong>Materiali: <\/strong>Xham i zi<br \/>\n<strong>Kapaciteti: <\/strong>100 ml<br \/>\n<strong>Lart\u00ebsia: <\/strong>125,5 mm<br \/>\n<strong>Diametri:<\/strong> 45 mm<br \/>\n<strong>Pesha: <\/strong>144 gr<br \/>\n<strong>Hapja:<\/strong> DIN18<br \/>\n<strong>Forma: <\/strong>e rrumbullak\u00ebt<\/p>\n","protected":false},"featured_media":22817,"template":"","meta":[],"product_brand":[],"product_cat":[1933],"product_tag":[],"class_list":{"0":"post-34374","1":"product","2":"type-product","3":"status-publish","4":"has-post-thumbnail","6":"product_cat-dropper","7":"ts_product_brand-miron","9":"first","10":"instock","11":"taxable","12":"shipping-taxable","13":"product-type-simple"},"aioseo_notices":[],"_links":{"self":[{"href":"https:\/\/packmarkt.com\/sq\/wp-json\/wp\/v2\/product\/34374","targetHints":{"allow":["GET"]}}],"collection":[{"href":"https:\/\/packmarkt.com\/sq\/wp-json\/wp\/v2\/product"}],"about":[{"href":"https:\/\/packmarkt.com\/sq\/wp-json\/wp\/v2\/types\/product"}],"wp:featuredmedia":[{"embeddable":true,"href":"https:\/\/packmarkt.com\/sq\/wp-json\/wp\/v2\/media\/22817"}],"wp:attachment":[{"href":"https:\/\/packmarkt.com\/sq\/wp-json\/wp\/v2\/media?parent=34374"}],"wp:term":[{"taxonomy":"product_brand","embeddable":true,"href":"https:\/\/packmarkt.com\/sq\/wp-json\/wp\/v2\/product_brand?post=34374"},{"taxonomy":"product_cat","embeddable":true,"href":"https:\/\/packmarkt.com\/sq\/wp-json\/wp\/v2\/product_cat?post=34374"},{"taxonomy":"product_tag","embeddable":true,"href":"https:\/\/packmarkt.com\/sq\/wp-json\/wp\/v2\/product_tag?post=34374"}],"curies":[{"name":"wp","href":"https:\/\/api.w.org\/{rel}","templated":true}]}}