{"id":34197,"date":"2026-03-18T16:40:40","date_gmt":"2026-03-18T13:40:40","guid":{"rendered":"https:\/\/packmarkt.com\/product\/kapese-me-vide-me-sigurese-kunder-hapjes-din18-ii-pehd-e-zeze-mat-pikatore-vertikale-natyrale-1-6-mm-orion\/"},"modified":"2026-03-18T16:40:40","modified_gmt":"2026-03-18T13:40:40","slug":"kapese-me-vide-me-sigurese-kunder-hapjes-din18-ii-pehd-e-zeze-mat-pikatore-vertikale-natyrale-1-6-mm-orion","status":"publish","type":"product","link":"https:\/\/packmarkt.com\/sq\/produkt\/kapese-me-vide-me-sigurese-kunder-hapjes-din18-ii-pehd-e-zeze-mat-pikatore-vertikale-natyrale-1-6-mm-orion\/","title":{"rendered":"Kap\u00ebse me vid\u00eb me sigures\u00eb kund\u00ebr hapjes DIN18, II, PEHD, e zez\u00eb mat, pikatore vertikale natyrale 1.6 mm (Orion)"},"content":{"rendered":"","protected":false},"excerpt":{"rendered":"<p><strong>Kodi:<\/strong> RGB02C2B003-200<br \/>\n<strong>Lart\u00ebsia: <\/strong>19.9 mm<br \/>\n<strong>Diametri: <\/strong>22 mm<br \/>\n<strong>Pesha:<\/strong> 3 gr<br \/>\n<strong>Fije:<\/strong> DIN18<br \/>\n<strong>Ngjyra: <\/strong>e zez\u00eb<br \/>\n<strong>Lloji i unaz\u00ebs s\u00eb siguris\u00eb: <\/strong>TypeI<br \/>\n<strong>Materiali i unaz\u00ebs s\u00eb siguris\u00eb: <\/strong>PEHD<br \/>\n<strong>Lloji i pikatores: <\/strong>S-TypeII<br \/>\n<strong>Materiali i derdh\u00ebsit: <\/strong>PELD<br \/>\n<strong>Ngjyra e derdh\u00ebsit: <\/strong>Natyral<\/p>\n","protected":false},"featured_media":23237,"template":"","meta":[],"product_brand":[],"product_cat":[1822],"product_tag":[],"class_list":{"0":"post-34197","1":"product","2":"type-product","3":"status-publish","4":"has-post-thumbnail","6":"product_cat-kapake","8":"first","9":"instock","10":"taxable","11":"shipping-taxable","12":"product-type-simple"},"aioseo_notices":[],"_links":{"self":[{"href":"https:\/\/packmarkt.com\/sq\/wp-json\/wp\/v2\/product\/34197","targetHints":{"allow":["GET"]}}],"collection":[{"href":"https:\/\/packmarkt.com\/sq\/wp-json\/wp\/v2\/product"}],"about":[{"href":"https:\/\/packmarkt.com\/sq\/wp-json\/wp\/v2\/types\/product"}],"wp:featuredmedia":[{"embeddable":true,"href":"https:\/\/packmarkt.com\/sq\/wp-json\/wp\/v2\/media\/23237"}],"wp:attachment":[{"href":"https:\/\/packmarkt.com\/sq\/wp-json\/wp\/v2\/media?parent=34197"}],"wp:term":[{"taxonomy":"product_brand","embeddable":true,"href":"https:\/\/packmarkt.com\/sq\/wp-json\/wp\/v2\/product_brand?post=34197"},{"taxonomy":"product_cat","embeddable":true,"href":"https:\/\/packmarkt.com\/sq\/wp-json\/wp\/v2\/product_cat?post=34197"},{"taxonomy":"product_tag","embeddable":true,"href":"https:\/\/packmarkt.com\/sq\/wp-json\/wp\/v2\/product_tag?post=34197"}],"curies":[{"name":"wp","href":"https:\/\/api.w.org\/{rel}","templated":true}]}}