{"id":34141,"date":"2026-03-18T16:40:40","date_gmt":"2026-03-18T13:40:40","guid":{"rendered":"https:\/\/packmarkt.com\/product\/kape-me-vide-me-sigurese-din18-iiid-pp-e-zeze-mat-pikatore-vertikale-natyrale-1-0mm-orion\/"},"modified":"2026-03-18T16:40:40","modified_gmt":"2026-03-18T13:40:40","slug":"kape-me-vide-me-sigurese-din18-iiid-pp-e-zeze-mat-pikatore-vertikale-natyrale-1-0mm-orion","status":"publish","type":"product","link":"https:\/\/packmarkt.com\/sq\/produkt\/kape-me-vide-me-sigurese-din18-iiid-pp-e-zeze-mat-pikatore-vertikale-natyrale-1-0mm-orion\/","title":{"rendered":"Kape me vid\u00eb me sigures\u00eb DIN18, IIID, PP, e zez\u00eb mat, pikatore vertikale natyrale 1.0mm (Orion)"},"content":{"rendered":"","protected":false},"excerpt":{"rendered":"<p><strong>Kodi:<\/strong> RGB02E2B002-200<br \/>\n<strong>Lart\u00ebsia <\/strong>21,5mm<br \/>\n<strong>Diametri: <\/strong>24,8mm<br \/>\n<strong>Pesha:<\/strong> 4 gr<br \/>\n<strong>Fije:<\/strong> DIN18<br \/>\n<strong>Materiali: <\/strong>PP<br \/>\n<strong>Ngjyra: <\/strong>e zez\u00eb<br \/>\n<strong>Lloji i unaz\u00ebs s\u00eb siguris\u00eb: <\/strong>TypeIIID<br \/>\n<strong>Materiali i unaz\u00ebs s\u00eb siguris\u00eb: <\/strong>PEHD<br \/>\n<strong>Lloji i pikatores: <\/strong>S-TypeI<br \/>\n<strong>Materiali i derdh\u00ebsit: <\/strong>PELD<br \/>\n<strong>Ngjyra e derdh\u00ebsit: <\/strong>Natyral<\/p>\n","protected":false},"featured_media":23229,"template":"","meta":[],"product_brand":[],"product_cat":[1822],"product_tag":[],"class_list":{"0":"post-34141","1":"product","2":"type-product","3":"status-publish","4":"has-post-thumbnail","6":"product_cat-kapake","8":"first","9":"instock","10":"taxable","11":"shipping-taxable","12":"product-type-simple"},"aioseo_notices":[],"_links":{"self":[{"href":"https:\/\/packmarkt.com\/sq\/wp-json\/wp\/v2\/product\/34141","targetHints":{"allow":["GET"]}}],"collection":[{"href":"https:\/\/packmarkt.com\/sq\/wp-json\/wp\/v2\/product"}],"about":[{"href":"https:\/\/packmarkt.com\/sq\/wp-json\/wp\/v2\/types\/product"}],"wp:featuredmedia":[{"embeddable":true,"href":"https:\/\/packmarkt.com\/sq\/wp-json\/wp\/v2\/media\/23229"}],"wp:attachment":[{"href":"https:\/\/packmarkt.com\/sq\/wp-json\/wp\/v2\/media?parent=34141"}],"wp:term":[{"taxonomy":"product_brand","embeddable":true,"href":"https:\/\/packmarkt.com\/sq\/wp-json\/wp\/v2\/product_brand?post=34141"},{"taxonomy":"product_cat","embeddable":true,"href":"https:\/\/packmarkt.com\/sq\/wp-json\/wp\/v2\/product_cat?post=34141"},{"taxonomy":"product_tag","embeddable":true,"href":"https:\/\/packmarkt.com\/sq\/wp-json\/wp\/v2\/product_tag?post=34141"}],"curies":[{"name":"wp","href":"https:\/\/api.w.org\/{rel}","templated":true}]}}