{"id":34128,"date":"2026-03-19T10:34:23","date_gmt":"2026-03-19T07:34:23","guid":{"rendered":"https:\/\/packmarkt.com\/product\/kapese-me-pikatore-d02-me-brinje-te-zeza-d18-te-b-bulb-tpes-b-0-7-maje-konike-1-0-ori15-grad-b-a01\/"},"modified":"2026-03-19T10:34:23","modified_gmt":"2026-03-19T07:34:23","slug":"kapese-me-pikatore-d02-me-brinje-te-zeza-d18-te-b-bulb-tpes-b-0-7-maje-konike-1-0-ori15-grad-b-a01","status":"publish","type":"product","link":"https:\/\/packmarkt.com\/sq\/produkt\/kapese-me-pikatore-d02-me-brinje-te-zeza-d18-te-b-bulb-tpes-b-0-7-maje-konike-1-0-ori15-grad-b-a01\/","title":{"rendered":"Kap\u00ebse me pikatore D02 me brinj\u00eb t\u00eb zeza, D18, TE-b, Bulb TPEs-b 0.7, Maj\u00eb konike 1.0, ORI15, Grad-b-A01"},"content":{"rendered":"","protected":false},"excerpt":{"rendered":"<p><strong>Kodi:<\/strong> SPB02C3A015-200<br \/>\n<strong>Ngjyra e gom\u00ebs: E zez\u00eb <\/strong><br \/>\n<strong>Sasia e doz\u00ebs p\u00ebr shtypje: 0,7<\/strong><br \/>\n<strong>Fije:<\/strong> DIN18<br \/>\n<strong>Diametri:<\/strong> 21,6 mm<br \/>\n<strong>Ngjyra: <\/strong>E zez\u00eb<br \/>\n<strong>Lloji i maj\u00ebs: <\/strong>Konike e drejt\u00eb<br \/>\n<strong>Diametri i maj\u00ebs: <\/strong>7,25<\/p>\n","protected":false},"featured_media":23285,"template":"","meta":[],"product_brand":[],"product_cat":[1822],"product_tag":[],"class_list":{"0":"post-34128","1":"product","2":"type-product","3":"status-publish","4":"has-post-thumbnail","6":"product_cat-kapake","7":"ts_product_brand-miron","9":"first","10":"instock","11":"taxable","12":"shipping-taxable","13":"product-type-simple"},"aioseo_notices":[],"_links":{"self":[{"href":"https:\/\/packmarkt.com\/sq\/wp-json\/wp\/v2\/product\/34128","targetHints":{"allow":["GET"]}}],"collection":[{"href":"https:\/\/packmarkt.com\/sq\/wp-json\/wp\/v2\/product"}],"about":[{"href":"https:\/\/packmarkt.com\/sq\/wp-json\/wp\/v2\/types\/product"}],"wp:featuredmedia":[{"embeddable":true,"href":"https:\/\/packmarkt.com\/sq\/wp-json\/wp\/v2\/media\/23285"}],"wp:attachment":[{"href":"https:\/\/packmarkt.com\/sq\/wp-json\/wp\/v2\/media?parent=34128"}],"wp:term":[{"taxonomy":"product_brand","embeddable":true,"href":"https:\/\/packmarkt.com\/sq\/wp-json\/wp\/v2\/product_brand?post=34128"},{"taxonomy":"product_cat","embeddable":true,"href":"https:\/\/packmarkt.com\/sq\/wp-json\/wp\/v2\/product_cat?post=34128"},{"taxonomy":"product_tag","embeddable":true,"href":"https:\/\/packmarkt.com\/sq\/wp-json\/wp\/v2\/product_tag?post=34128"}],"curies":[{"name":"wp","href":"https:\/\/api.w.org\/{rel}","templated":true}]}}