{"id":34067,"date":"2026-03-19T10:34:22","date_gmt":"2026-03-19T07:34:22","guid":{"rendered":"https:\/\/packmarkt.com\/product\/kapese-me-pikatore-18-415-pp-metal-e-bardhe-e-arte-llambe-nitril-pg-0-65-ml-maje-konike-e-drejte-virgo-30\/"},"modified":"2026-03-19T10:34:22","modified_gmt":"2026-03-19T07:34:22","slug":"kapese-me-pikatore-18-415-pp-metal-e-bardhe-e-arte-llambe-nitril-pg-0-65-ml-maje-konike-e-drejte-virgo-30","status":"publish","type":"product","link":"https:\/\/packmarkt.com\/sq\/produkt\/kapese-me-pikatore-18-415-pp-metal-e-bardhe-e-arte-llambe-nitril-pg-0-65-ml-maje-konike-e-drejte-virgo-30\/","title":{"rendered":"Kap\u00ebse me pikatore, 18\/415, PP\/metal, e bardh\u00eb\/e art\u00eb, llamb\u00eb nitril PG 0.65 ml, maj\u00eb konike, e drejt\u00eb (Virgo 30)"},"content":{"rendered":"","protected":false},"excerpt":{"rendered":"<p><strong>Kodi:<\/strong> VPB07A3A004-850<br \/>\n<strong>Materiali i llamb\u00ebs:<\/strong> NBR<br \/>\n<strong>Ngjyra e kapakut: <\/strong>E bardh\u00eb<br \/>\n<strong>Sasia e doz\u00ebs p\u00ebr pik\u00eb: <\/strong>0,65<br \/>\n<strong>Fije:<\/strong> 18\/415<br \/>\n<strong>Diametri:<\/strong> 21 mm<br \/>\n<strong>Materiali: <\/strong>Alumini<br \/>\n<strong>Ngjyra: <\/strong>E art\u00eb<br \/>\n<b>Gjat\u00ebsia e tubit: <\/b>68 mm<br \/>\n<b>Materiali i kapakut t\u00eb tubit: <\/b>Alumini<br \/>\n<strong>Lloji i maj\u00ebs: <\/strong>Konike e drejt\u00eb<br \/>\n<strong>Diametri i maj\u00ebs: <\/strong>7,25<\/p>\n","protected":false},"featured_media":23281,"template":"","meta":[],"product_brand":[],"product_cat":[1822],"product_tag":[],"class_list":{"0":"post-34067","1":"product","2":"type-product","3":"status-publish","4":"has-post-thumbnail","6":"product_cat-kapake","7":"ts_product_brand-miron","9":"first","10":"instock","11":"taxable","12":"shipping-taxable","13":"product-type-simple"},"aioseo_notices":[],"_links":{"self":[{"href":"https:\/\/packmarkt.com\/sq\/wp-json\/wp\/v2\/product\/34067","targetHints":{"allow":["GET"]}}],"collection":[{"href":"https:\/\/packmarkt.com\/sq\/wp-json\/wp\/v2\/product"}],"about":[{"href":"https:\/\/packmarkt.com\/sq\/wp-json\/wp\/v2\/types\/product"}],"wp:featuredmedia":[{"embeddable":true,"href":"https:\/\/packmarkt.com\/sq\/wp-json\/wp\/v2\/media\/23281"}],"wp:attachment":[{"href":"https:\/\/packmarkt.com\/sq\/wp-json\/wp\/v2\/media?parent=34067"}],"wp:term":[{"taxonomy":"product_brand","embeddable":true,"href":"https:\/\/packmarkt.com\/sq\/wp-json\/wp\/v2\/product_brand?post=34067"},{"taxonomy":"product_cat","embeddable":true,"href":"https:\/\/packmarkt.com\/sq\/wp-json\/wp\/v2\/product_cat?post=34067"},{"taxonomy":"product_tag","embeddable":true,"href":"https:\/\/packmarkt.com\/sq\/wp-json\/wp\/v2\/product_tag?post=34067"}],"curies":[{"name":"wp","href":"https:\/\/api.w.org\/{rel}","templated":true}]}}