{"id":34011,"date":"2026-03-19T10:34:23","date_gmt":"2026-03-19T07:34:23","guid":{"rendered":"https:\/\/packmarkt.com\/product\/kapak-me-pikatore-d02-i-zi-me-brinje-d18-te-b-llambe-tpes-b-1-0-maje-konike-1-0-grad-b-a02\/"},"modified":"2026-03-19T10:34:23","modified_gmt":"2026-03-19T07:34:23","slug":"kapak-me-pikatore-d02-i-zi-me-brinje-d18-te-b-llambe-tpes-b-1-0-maje-konike-1-0-grad-b-a02","status":"publish","type":"product","link":"https:\/\/packmarkt.com\/sq\/produkt\/kapak-me-pikatore-d02-i-zi-me-brinje-d18-te-b-llambe-tpes-b-1-0-maje-konike-1-0-grad-b-a02\/","title":{"rendered":"Kapak me pikatore D02 i zi me brinj\u00eb, D18, TE-b, Llamb\u00eb TPEs-b 1.0, Maj\u00eb konike 1.0, Grad-b-A02"},"content":{"rendered":"","protected":false},"excerpt":{"rendered":"<p><strong>Kodi:<\/strong> SPB02C3A022-200-PAR<br \/>\n<strong>Ngjyra e llamb\u00ebs: <\/strong>E zez\u00eb<br \/>\n<strong>Sasia e doz\u00ebs p\u00ebr pikim: <\/strong>1<br \/>\n<strong>Fije:<\/strong> DIN18<br \/>\n<strong>Diametri:<\/strong> 21,6 mm<br \/>\n<strong>Ngjyra: <\/strong>E zez\u00eb<br \/>\n<strong>Lloji i maj\u00ebs: <\/strong>Konike e drejt\u00eb<br \/>\n<strong>Diametri i maj\u00ebs: <\/strong>7,25<\/p>\n","protected":false},"featured_media":23288,"template":"","meta":[],"product_brand":[],"product_cat":[1822],"product_tag":[],"class_list":{"0":"post-34011","1":"product","2":"type-product","3":"status-publish","4":"has-post-thumbnail","6":"product_cat-kapake","7":"ts_product_brand-miron","9":"first","10":"instock","11":"taxable","12":"shipping-taxable","13":"product-type-simple"},"aioseo_notices":[],"_links":{"self":[{"href":"https:\/\/packmarkt.com\/sq\/wp-json\/wp\/v2\/product\/34011","targetHints":{"allow":["GET"]}}],"collection":[{"href":"https:\/\/packmarkt.com\/sq\/wp-json\/wp\/v2\/product"}],"about":[{"href":"https:\/\/packmarkt.com\/sq\/wp-json\/wp\/v2\/types\/product"}],"wp:featuredmedia":[{"embeddable":true,"href":"https:\/\/packmarkt.com\/sq\/wp-json\/wp\/v2\/media\/23288"}],"wp:attachment":[{"href":"https:\/\/packmarkt.com\/sq\/wp-json\/wp\/v2\/media?parent=34011"}],"wp:term":[{"taxonomy":"product_brand","embeddable":true,"href":"https:\/\/packmarkt.com\/sq\/wp-json\/wp\/v2\/product_brand?post=34011"},{"taxonomy":"product_cat","embeddable":true,"href":"https:\/\/packmarkt.com\/sq\/wp-json\/wp\/v2\/product_cat?post=34011"},{"taxonomy":"product_tag","embeddable":true,"href":"https:\/\/packmarkt.com\/sq\/wp-json\/wp\/v2\/product_tag?post=34011"}],"curies":[{"name":"wp","href":"https:\/\/api.w.org\/{rel}","templated":true}]}}