{"id":33968,"date":"2026-03-19T10:34:28","date_gmt":"2026-03-19T07:34:28","guid":{"rendered":"https:\/\/packmarkt.com\/product\/kapese-me-pikatore-me-buton-18-415-e-zeze-me-shkelqim-llambe-nitril-0-35ml-maje-sferike-e-drejte-virgo-30\/"},"modified":"2026-03-19T10:34:28","modified_gmt":"2026-03-19T07:34:28","slug":"kapese-me-pikatore-me-buton-18-415-e-zeze-me-shkelqim-llambe-nitril-0-35ml-maje-sferike-e-drejte-virgo-30","status":"publish","type":"product","link":"https:\/\/packmarkt.com\/sq\/produkt\/kapese-me-pikatore-me-buton-18-415-e-zeze-me-shkelqim-llambe-nitril-0-35ml-maje-sferike-e-drejte-virgo-30\/","title":{"rendered":"Kap\u00ebse me pikatore me buton 18\/415, e zez\u00eb me shk\u00eblqim, llamb\u00eb Nitril 0.35ml, maj\u00eb sferike, e drejt\u00eb (Virgo 30)"},"content":{"rendered":"","protected":false},"excerpt":{"rendered":"<p><strong>Kodi:<\/strong> VPB07A3A002-200<br \/>\n<strong>Pesha: <\/strong>14 g<br \/>\n<strong>Materiali i llamb\u00ebs: <\/strong>NBR<br \/>\n<strong>Ngjyra e llamb\u00ebs: <\/strong>E zez\u00eb<br \/>\n<strong>Sasia e doz\u00ebs p\u00ebr hedhje: <\/strong>0,35<br \/>\n<strong>Fije:<\/strong> 18\/415<br \/>\n<strong>Diametri:<\/strong> 25,45 mm<br \/>\n<strong>Materiali: <\/strong>PP<br \/>\n<strong>Ngjyra: <\/strong>E zez\u00eb<br \/>\n<strong>Lloji i unaz\u00ebs s\u00eb siguris\u00eb: <\/strong>Lloji II<br \/>\n<strong>Materiali i unaz\u00ebs s\u00eb siguris\u00eb: <\/strong>PEHD<br \/>\n<b>Gjat\u00ebsia e tubit: <\/b>70 mm<br \/>\n<b>Materiali i kapakut t\u00eb tubit: <\/b>PP<br \/>\n<strong>Lloji i maj\u00ebs:<\/strong> Sferike e drejt\u00eb<br \/>\n<strong>Diametri i maj\u00ebs: <\/strong>6,1<\/p>\n","protected":false},"featured_media":23314,"template":"","meta":[],"product_brand":[],"product_cat":[1822],"product_tag":[],"class_list":{"0":"post-33968","1":"product","2":"type-product","3":"status-publish","4":"has-post-thumbnail","6":"product_cat-kapake","7":"ts_product_brand-miron","9":"first","10":"instock","11":"taxable","12":"shipping-taxable","13":"product-type-simple"},"aioseo_notices":[],"_links":{"self":[{"href":"https:\/\/packmarkt.com\/sq\/wp-json\/wp\/v2\/product\/33968","targetHints":{"allow":["GET"]}}],"collection":[{"href":"https:\/\/packmarkt.com\/sq\/wp-json\/wp\/v2\/product"}],"about":[{"href":"https:\/\/packmarkt.com\/sq\/wp-json\/wp\/v2\/types\/product"}],"wp:featuredmedia":[{"embeddable":true,"href":"https:\/\/packmarkt.com\/sq\/wp-json\/wp\/v2\/media\/23314"}],"wp:attachment":[{"href":"https:\/\/packmarkt.com\/sq\/wp-json\/wp\/v2\/media?parent=33968"}],"wp:term":[{"taxonomy":"product_brand","embeddable":true,"href":"https:\/\/packmarkt.com\/sq\/wp-json\/wp\/v2\/product_brand?post=33968"},{"taxonomy":"product_cat","embeddable":true,"href":"https:\/\/packmarkt.com\/sq\/wp-json\/wp\/v2\/product_cat?post=33968"},{"taxonomy":"product_tag","embeddable":true,"href":"https:\/\/packmarkt.com\/sq\/wp-json\/wp\/v2\/product_tag?post=33968"}],"curies":[{"name":"wp","href":"https:\/\/api.w.org\/{rel}","templated":true}]}}