{"id":33922,"date":"2026-03-19T10:34:24","date_gmt":"2026-03-19T07:34:24","guid":{"rendered":"https:\/\/packmarkt.com\/product\/kapak-me-pikatore-i-sigurt-per-femije-dhe-me-deshmi-manipulimi-din18-ii-i-zi-llambe-tpe-doze-07-ml-maje-konike-orion-20-grad\/"},"modified":"2026-03-19T10:34:24","modified_gmt":"2026-03-19T07:34:24","slug":"kapak-me-pikatore-i-sigurt-per-femije-dhe-me-deshmi-manipulimi-din18-ii-i-zi-llambe-tpe-doze-07-ml-maje-konike-orion-20-grad","status":"publish","type":"product","link":"https:\/\/packmarkt.com\/sq\/produkt\/kapak-me-pikatore-i-sigurt-per-femije-dhe-me-deshmi-manipulimi-din18-ii-i-zi-llambe-tpe-doze-07-ml-maje-konike-orion-20-grad\/","title":{"rendered":"Kapak me pikatore, i sigurt p\u00ebr f\u00ebmij\u00eb dhe me d\u00ebshmi manipulimi, DIN18, II, i zi, llamb\u00eb TPE, doz\u00eb 0,7 ml, maj\u00eb konike (Orion 20) grad"},"content":{"rendered":"","protected":false},"excerpt":{"rendered":"<p><strong>Kodi:<\/strong> RGB02F3A013-200<br \/>\n<strong>Pesha: <\/strong>8 g<br \/>\n<strong>Materiali i llamb\u00ebs: <\/strong>TPE<br \/>\n<strong>Ngjyra e llamb\u00ebs: <\/strong>E zez\u00eb<br \/>\n<strong>Sasia e doz\u00ebs p\u00ebr pikim: <\/strong>0,7<br \/>\n<strong>Fije:<\/strong> DIN18<br \/>\n<strong>Diametri:<\/strong> 24,5 mm<br \/>\n<strong>Materiali: <\/strong>PP<br \/>\n<strong>Ngjyra: <\/strong>E zez\u00eb<br \/>\n<strong>Lloji i unaz\u00ebs s\u00eb siguris\u00eb: <\/strong>Lloji II<br \/>\n<strong>Materiali i unaz\u00ebs s\u00eb siguris\u00eb: <\/strong>PEHD<br \/>\n<b>Gjat\u00ebsia e tubit: <\/b>69 mm<br \/>\n<b>Materiali i kapakut t\u00eb tubit: <\/b>PP<br \/>\n<strong>Lloji i maj\u00ebs:<\/strong>Konike e drejt\u00eb<br \/>\n<strong>Diametri i maj\u00ebs: <\/strong>6,5<\/p>\n","protected":false},"featured_media":23303,"template":"","meta":[],"product_brand":[],"product_cat":[1822],"product_tag":[],"class_list":{"0":"post-33922","1":"product","2":"type-product","3":"status-publish","4":"has-post-thumbnail","6":"product_cat-kapake","7":"ts_product_brand-miron","9":"first","10":"instock","11":"taxable","12":"shipping-taxable","13":"product-type-simple"},"aioseo_notices":[],"_links":{"self":[{"href":"https:\/\/packmarkt.com\/sq\/wp-json\/wp\/v2\/product\/33922","targetHints":{"allow":["GET"]}}],"collection":[{"href":"https:\/\/packmarkt.com\/sq\/wp-json\/wp\/v2\/product"}],"about":[{"href":"https:\/\/packmarkt.com\/sq\/wp-json\/wp\/v2\/types\/product"}],"wp:featuredmedia":[{"embeddable":true,"href":"https:\/\/packmarkt.com\/sq\/wp-json\/wp\/v2\/media\/23303"}],"wp:attachment":[{"href":"https:\/\/packmarkt.com\/sq\/wp-json\/wp\/v2\/media?parent=33922"}],"wp:term":[{"taxonomy":"product_brand","embeddable":true,"href":"https:\/\/packmarkt.com\/sq\/wp-json\/wp\/v2\/product_brand?post=33922"},{"taxonomy":"product_cat","embeddable":true,"href":"https:\/\/packmarkt.com\/sq\/wp-json\/wp\/v2\/product_cat?post=33922"},{"taxonomy":"product_tag","embeddable":true,"href":"https:\/\/packmarkt.com\/sq\/wp-json\/wp\/v2\/product_tag?post=33922"}],"curies":[{"name":"wp","href":"https:\/\/api.w.org\/{rel}","templated":true}]}}