{"id":33883,"date":"2026-03-19T10:34:28","date_gmt":"2026-03-19T07:34:28","guid":{"rendered":"https:\/\/packmarkt.com\/product\/kapese-me-pikatore-me-sigurese-kunder-hapjes-din18-iii-e-zeze-me-brinje-llambe-tpe-doze-1-0-ml-maje-konike-orion-100\/"},"modified":"2026-03-19T10:34:28","modified_gmt":"2026-03-19T07:34:28","slug":"kapese-me-pikatore-me-sigurese-kunder-hapjes-din18-iii-e-zeze-me-brinje-llambe-tpe-doze-1-0-ml-maje-konike-orion-100","status":"publish","type":"product","link":"https:\/\/packmarkt.com\/sq\/produkt\/kapese-me-pikatore-me-sigurese-kunder-hapjes-din18-iii-e-zeze-me-brinje-llambe-tpe-doze-1-0-ml-maje-konike-orion-100\/","title":{"rendered":"Kap\u00ebse me pikatore me sigures\u00eb kund\u00ebr hapjes DIN18, III, e zez\u00eb, me brinj\u00eb, llamb\u00eb TPE, doz\u00eb 1.0 ml, maj\u00eb konike (Orion 100)"},"content":{"rendered":"","protected":false},"excerpt":{"rendered":"<p><strong>Kodi:<\/strong> RGB02D3A046-200<br \/>\n<strong>Pesha: <\/strong>10 gr<br \/>\n<strong>Materiali i llamb\u00ebs: <\/strong>TPE<br \/>\n<strong>Ngjyra e llamb\u00ebs: <\/strong>E zez\u00eb<br \/>\n<strong>Sasia e doz\u00ebs p\u00ebr pik\u00eb: <\/strong>1<br \/>\n<strong>Fije:<\/strong> DIN18<br \/>\n<strong>Diametri:<\/strong> 24.7 mm<br \/>\n<strong>Materiali: <\/strong>PP<br \/>\n<strong>Ngjyra: <\/strong>E zez\u00eb<br \/>\n<strong>Lloji i unaz\u00ebs s\u00eb siguris\u00eb: <\/strong>Lloji III<br \/>\n<strong>Materiali i unaz\u00ebs s\u00eb siguris\u00eb: <\/strong>PEHD<br \/>\n<b>Gjat\u00ebsia e tubit: <\/b>122 mm<br \/>\n<b>Materiali i kapakut t\u00eb tubit: <\/b>PP<br \/>\n<strong>Lloji i maj\u00ebs:<\/strong> Konike e drejt\u00eb<br \/>\n<strong>Diametri i maj\u00ebs: <\/strong>7.25<\/p>\n","protected":false},"featured_media":23312,"template":"","meta":[],"product_brand":[],"product_cat":[1822],"product_tag":[],"class_list":{"0":"post-33883","1":"product","2":"type-product","3":"status-publish","4":"has-post-thumbnail","6":"product_cat-kapake","7":"ts_product_brand-miron","9":"first","10":"instock","11":"taxable","12":"shipping-taxable","13":"product-type-simple"},"aioseo_notices":[],"_links":{"self":[{"href":"https:\/\/packmarkt.com\/sq\/wp-json\/wp\/v2\/product\/33883","targetHints":{"allow":["GET"]}}],"collection":[{"href":"https:\/\/packmarkt.com\/sq\/wp-json\/wp\/v2\/product"}],"about":[{"href":"https:\/\/packmarkt.com\/sq\/wp-json\/wp\/v2\/types\/product"}],"wp:featuredmedia":[{"embeddable":true,"href":"https:\/\/packmarkt.com\/sq\/wp-json\/wp\/v2\/media\/23312"}],"wp:attachment":[{"href":"https:\/\/packmarkt.com\/sq\/wp-json\/wp\/v2\/media?parent=33883"}],"wp:term":[{"taxonomy":"product_brand","embeddable":true,"href":"https:\/\/packmarkt.com\/sq\/wp-json\/wp\/v2\/product_brand?post=33883"},{"taxonomy":"product_cat","embeddable":true,"href":"https:\/\/packmarkt.com\/sq\/wp-json\/wp\/v2\/product_cat?post=33883"},{"taxonomy":"product_tag","embeddable":true,"href":"https:\/\/packmarkt.com\/sq\/wp-json\/wp\/v2\/product_tag?post=33883"}],"curies":[{"name":"wp","href":"https:\/\/api.w.org\/{rel}","templated":true}]}}