{"id":33880,"date":"2026-03-20T14:06:21","date_gmt":"2026-03-20T11:06:21","guid":{"rendered":"https:\/\/packmarkt.com\/product\/kapese-me-vide-me-vule-sigurie-pp28-iii-pehd-e-zeze-me-brinje-derdhes-peld-aquarius\/"},"modified":"2026-03-20T14:06:21","modified_gmt":"2026-03-20T11:06:21","slug":"kapese-me-vide-me-vule-sigurie-pp28-iii-pehd-e-zeze-me-brinje-derdhes-peld-aquarius","status":"publish","type":"product","link":"https:\/\/packmarkt.com\/sq\/produkt\/kapese-me-vide-me-vule-sigurie-pp28-iii-pehd-e-zeze-me-brinje-derdhes-peld-aquarius\/","title":{"rendered":"Kap\u00ebse me vid\u00eb me vul\u00eb sigurie PP28, III, PEHD, e zez\u00eb, me brinj\u00eb, derdh\u00ebs PELD (Aquarius)"},"content":{"rendered":"","protected":false},"excerpt":{"rendered":"<p><strong>Kodi:<\/strong> SPB43D2A001-200<br \/>\n<strong>Lart\u00ebsia <\/strong>23,5 mm<br \/>\n<strong>Diametri:<\/strong> 32,2 mm<br \/>\n<strong>Fileto:<\/strong> PP28<br \/>\n<strong>Materiali: <\/strong>PEHD<br \/>\n<strong>Lloji i unaz\u00ebs s\u00eb siguris\u00eb: <\/strong>TypeIII<br \/>\n<strong>Materiali i unaz\u00ebs s\u00eb siguris\u00eb: <\/strong>PEHD<br \/>\n<strong>Materiali i derdh\u00ebsit: <\/strong>PELD<br \/>\n<strong>Ngjyra e derdh\u00ebsit: <\/strong>Natyral<\/p>\n","protected":false},"featured_media":23329,"template":"","meta":[],"product_brand":[],"product_cat":[1822],"product_tag":[],"class_list":{"0":"post-33880","1":"product","2":"type-product","3":"status-publish","4":"has-post-thumbnail","6":"product_cat-kapake","8":"first","9":"instock","10":"taxable","11":"shipping-taxable","12":"product-type-simple"},"aioseo_notices":[],"_links":{"self":[{"href":"https:\/\/packmarkt.com\/sq\/wp-json\/wp\/v2\/product\/33880","targetHints":{"allow":["GET"]}}],"collection":[{"href":"https:\/\/packmarkt.com\/sq\/wp-json\/wp\/v2\/product"}],"about":[{"href":"https:\/\/packmarkt.com\/sq\/wp-json\/wp\/v2\/types\/product"}],"wp:featuredmedia":[{"embeddable":true,"href":"https:\/\/packmarkt.com\/sq\/wp-json\/wp\/v2\/media\/23329"}],"wp:attachment":[{"href":"https:\/\/packmarkt.com\/sq\/wp-json\/wp\/v2\/media?parent=33880"}],"wp:term":[{"taxonomy":"product_brand","embeddable":true,"href":"https:\/\/packmarkt.com\/sq\/wp-json\/wp\/v2\/product_brand?post=33880"},{"taxonomy":"product_cat","embeddable":true,"href":"https:\/\/packmarkt.com\/sq\/wp-json\/wp\/v2\/product_cat?post=33880"},{"taxonomy":"product_tag","embeddable":true,"href":"https:\/\/packmarkt.com\/sq\/wp-json\/wp\/v2\/product_tag?post=33880"}],"curies":[{"name":"wp","href":"https:\/\/api.w.org\/{rel}","templated":true}]}}