{"id":33856,"date":"2026-03-20T14:06:22","date_gmt":"2026-03-20T11:06:22","guid":{"rendered":"https:\/\/packmarkt.com\/product\/kapak-me-vide-din18-pp-i-zi-derdhes-i-bardhe-i-rregulluar-orion-50\/"},"modified":"2026-03-20T14:06:22","modified_gmt":"2026-03-20T11:06:22","slug":"kapak-me-vide-din18-pp-i-zi-derdhes-i-bardhe-i-rregulluar-orion-50","status":"publish","type":"product","link":"https:\/\/packmarkt.com\/sq\/produkt\/kapak-me-vide-din18-pp-i-zi-derdhes-i-bardhe-i-rregulluar-orion-50\/","title":{"rendered":"Kapak me vid\u00eb DIN18, PP, i zi, derdh\u00ebs i bardh\u00eb, i rregulluar (Orion 50)"},"content":{"rendered":"","protected":false},"excerpt":{"rendered":"<p><strong>Kodi:<\/strong> RGB02A2A001-200<br \/>\n<strong>Lart\u00ebsia <\/strong>25 mm<br \/>\n<strong>Diametri: <\/strong>36,5 mm<br \/>\n<strong>Pesha: <\/strong>9 gr<br \/>\n<strong>Filietimi:<\/strong> DIN18<br \/>\n<strong>Ngjyra:<\/strong> e zez\u00eb<br \/>\n<strong>Materiali i pikatores: <\/strong>PELD<br \/>\n<strong>Ngjyra e pikatores: <\/strong>E bardh\u00eb<\/p>\n","protected":false},"featured_media":23333,"template":"","meta":[],"product_brand":[],"product_cat":[1822],"product_tag":[],"class_list":{"0":"post-33856","1":"product","2":"type-product","3":"status-publish","4":"has-post-thumbnail","6":"product_cat-kapake","8":"first","9":"instock","10":"taxable","11":"shipping-taxable","12":"product-type-simple"},"aioseo_notices":[],"_links":{"self":[{"href":"https:\/\/packmarkt.com\/sq\/wp-json\/wp\/v2\/product\/33856","targetHints":{"allow":["GET"]}}],"collection":[{"href":"https:\/\/packmarkt.com\/sq\/wp-json\/wp\/v2\/product"}],"about":[{"href":"https:\/\/packmarkt.com\/sq\/wp-json\/wp\/v2\/types\/product"}],"wp:featuredmedia":[{"embeddable":true,"href":"https:\/\/packmarkt.com\/sq\/wp-json\/wp\/v2\/media\/23333"}],"wp:attachment":[{"href":"https:\/\/packmarkt.com\/sq\/wp-json\/wp\/v2\/media?parent=33856"}],"wp:term":[{"taxonomy":"product_brand","embeddable":true,"href":"https:\/\/packmarkt.com\/sq\/wp-json\/wp\/v2\/product_brand?post=33856"},{"taxonomy":"product_cat","embeddable":true,"href":"https:\/\/packmarkt.com\/sq\/wp-json\/wp\/v2\/product_cat?post=33856"},{"taxonomy":"product_tag","embeddable":true,"href":"https:\/\/packmarkt.com\/sq\/wp-json\/wp\/v2\/product_tag?post=33856"}],"curies":[{"name":"wp","href":"https:\/\/api.w.org\/{rel}","templated":true}]}}