{"id":33803,"date":"2026-03-20T14:06:22","date_gmt":"2026-03-20T11:06:22","guid":{"rendered":"https:\/\/packmarkt.com\/product\/kapak-me-vide-me-siguri-per-femije-dhe-deshmi-manipulimi-seria-ii-din18-pp-pehd-i-zi-derdhes-peld-orion\/"},"modified":"2026-03-20T14:06:22","modified_gmt":"2026-03-20T11:06:22","slug":"kapak-me-vide-me-siguri-per-femije-dhe-deshmi-manipulimi-seria-ii-din18-pp-pehd-i-zi-derdhes-peld-orion","status":"publish","type":"product","link":"https:\/\/packmarkt.com\/sq\/produkt\/kapak-me-vide-me-siguri-per-femije-dhe-deshmi-manipulimi-seria-ii-din18-pp-pehd-i-zi-derdhes-peld-orion\/","title":{"rendered":"Kapak me vid\u00eb me siguri p\u00ebr f\u00ebmij\u00eb dhe d\u00ebshmi manipulimi seria II, DIN18, PP\/PEHD, i zi, derdh\u00ebs PELD (Orion)"},"content":{"rendered":"","protected":false},"excerpt":{"rendered":"<p><strong>Kodi:<\/strong> RGB02F2A001-200<br \/>\n<strong>Lart\u00ebsia:<\/strong> 23,2 mm<br \/>\n<strong>Diametri:<\/strong> 24,5 mm<br \/>\n<strong>Pesha:<\/strong> 4 gr<br \/>\n<strong>Filietimi:<\/strong> DIN18<br \/>\n<strong>Ngjyra:<\/strong>e zez\u00eb<br \/>\n<strong>Lloji i unaz\u00ebs s\u00eb siguris\u00eb:<\/strong> TypeII<br \/>\n<strong>Materiali i unaz\u00ebs s\u00eb siguris\u00eb: <\/strong>PEHD<br \/>\n<strong>Materiali i derdh\u00ebsit: <\/strong>PELD<br \/>\n<strong>Ngjyra e derdh\u00ebsit: <\/strong>Natyrale<\/p>\n","protected":false},"featured_media":23335,"template":"","meta":[],"product_brand":[],"product_cat":[1822],"product_tag":[],"class_list":{"0":"post-33803","1":"product","2":"type-product","3":"status-publish","4":"has-post-thumbnail","6":"product_cat-kapake","8":"first","9":"instock","10":"taxable","11":"shipping-taxable","12":"product-type-simple"},"aioseo_notices":[],"_links":{"self":[{"href":"https:\/\/packmarkt.com\/sq\/wp-json\/wp\/v2\/product\/33803","targetHints":{"allow":["GET"]}}],"collection":[{"href":"https:\/\/packmarkt.com\/sq\/wp-json\/wp\/v2\/product"}],"about":[{"href":"https:\/\/packmarkt.com\/sq\/wp-json\/wp\/v2\/types\/product"}],"wp:featuredmedia":[{"embeddable":true,"href":"https:\/\/packmarkt.com\/sq\/wp-json\/wp\/v2\/media\/23335"}],"wp:attachment":[{"href":"https:\/\/packmarkt.com\/sq\/wp-json\/wp\/v2\/media?parent=33803"}],"wp:term":[{"taxonomy":"product_brand","embeddable":true,"href":"https:\/\/packmarkt.com\/sq\/wp-json\/wp\/v2\/product_brand?post=33803"},{"taxonomy":"product_cat","embeddable":true,"href":"https:\/\/packmarkt.com\/sq\/wp-json\/wp\/v2\/product_cat?post=33803"},{"taxonomy":"product_tag","embeddable":true,"href":"https:\/\/packmarkt.com\/sq\/wp-json\/wp\/v2\/product_tag?post=33803"}],"curies":[{"name":"wp","href":"https:\/\/api.w.org\/{rel}","templated":true}]}}