{"id":33795,"date":"2026-03-20T14:06:22","date_gmt":"2026-03-20T11:06:22","guid":{"rendered":"https:\/\/packmarkt.com\/product\/kapele-me-vide-me-vule-sigurie-din18-ii-pehd-e-zeze-me-brinje-derdhes-peld-orion\/"},"modified":"2026-03-20T14:06:22","modified_gmt":"2026-03-20T11:06:22","slug":"kapele-me-vide-me-vule-sigurie-din18-ii-pehd-e-zeze-me-brinje-derdhes-peld-orion","status":"publish","type":"product","link":"https:\/\/packmarkt.com\/sq\/produkt\/kapele-me-vide-me-vule-sigurie-din18-ii-pehd-e-zeze-me-brinje-derdhes-peld-orion\/","title":{"rendered":"Kapele me vid\u00eb me vul\u00eb sigurie, DIN18, II, PEHD, e zez\u00eb, me brinj\u00eb, derdh\u00ebs PELD (Orion)"},"content":{"rendered":"","protected":false},"excerpt":{"rendered":"<p><strong>Kodi:<\/strong> RGB02C2A001-200<br \/>\n<strong>Lart\u00ebsia: <\/strong>20,2 mm<br \/>\n<strong>Diametri: <\/strong>22 mm<br \/>\n<strong>Pesha:<\/strong> 3 gr<br \/>\n<strong>Fije:<\/strong> DIN18<br \/>\n<strong>Ngjyra:<\/strong>e zez\u00eb<br \/>\n<strong>Lloji i unaz\u00ebs s\u00eb siguris\u00eb: <\/strong>TypeIII<br \/>\n<strong>Materiali i unaz\u00ebs s\u00eb siguris\u00eb: <\/strong>PEHD<br \/>\n<strong>Materiali i pikatores: <\/strong>PELD<br \/>\n<strong>Ngjyra e pikatores: <\/strong>Natyral<\/p>\n","protected":false},"featured_media":23337,"template":"","meta":[],"product_brand":[],"product_cat":[1822],"product_tag":[],"class_list":{"0":"post-33795","1":"product","2":"type-product","3":"status-publish","4":"has-post-thumbnail","6":"product_cat-kapake","8":"first","9":"instock","10":"taxable","11":"shipping-taxable","12":"product-type-simple"},"aioseo_notices":[],"_links":{"self":[{"href":"https:\/\/packmarkt.com\/sq\/wp-json\/wp\/v2\/product\/33795","targetHints":{"allow":["GET"]}}],"collection":[{"href":"https:\/\/packmarkt.com\/sq\/wp-json\/wp\/v2\/product"}],"about":[{"href":"https:\/\/packmarkt.com\/sq\/wp-json\/wp\/v2\/types\/product"}],"wp:featuredmedia":[{"embeddable":true,"href":"https:\/\/packmarkt.com\/sq\/wp-json\/wp\/v2\/media\/23337"}],"wp:attachment":[{"href":"https:\/\/packmarkt.com\/sq\/wp-json\/wp\/v2\/media?parent=33795"}],"wp:term":[{"taxonomy":"product_brand","embeddable":true,"href":"https:\/\/packmarkt.com\/sq\/wp-json\/wp\/v2\/product_brand?post=33795"},{"taxonomy":"product_cat","embeddable":true,"href":"https:\/\/packmarkt.com\/sq\/wp-json\/wp\/v2\/product_cat?post=33795"},{"taxonomy":"product_tag","embeddable":true,"href":"https:\/\/packmarkt.com\/sq\/wp-json\/wp\/v2\/product_tag?post=33795"}],"curies":[{"name":"wp","href":"https:\/\/api.w.org\/{rel}","templated":true}]}}