{"id":33722,"date":"2026-03-20T14:06:22","date_gmt":"2026-03-20T11:06:22","guid":{"rendered":"https:\/\/packmarkt.com\/product\/kapak-me-gryke-derdhjeje-cpr-me-siguri-kunder-manipulimit-pp-ps-i-zi-derdhes-i-pa-mbushshem-per-pije-alkoolike-pollux\/"},"modified":"2026-03-20T14:06:22","modified_gmt":"2026-03-20T11:06:22","slug":"kapak-me-gryke-derdhjeje-cpr-me-siguri-kunder-manipulimit-pp-ps-i-zi-derdhes-i-pa-mbushshem-per-pije-alkoolike-pollux","status":"publish","type":"product","link":"https:\/\/packmarkt.com\/sq\/produkt\/kapak-me-gryke-derdhjeje-cpr-me-siguri-kunder-manipulimit-pp-ps-i-zi-derdhes-i-pa-mbushshem-per-pije-alkoolike-pollux\/","title":{"rendered":"Kapak me gryk\u00eb derdhjeje CPR, me siguri kund\u00ebr manipulimit, PP\/PS, i zi, derdh\u00ebs, i pa-mbushsh\u00ebm, p\u00ebr pije alkoolike (Pollux)"},"content":{"rendered":"","protected":false},"excerpt":{"rendered":"<p><strong>Kodi:<\/strong> TCB45B2A004-200<br \/>\n<strong>Lart\u00ebsia: <\/strong>47,4 mm<br \/>\n<strong>Diametri: <\/strong>32,7 mm<br \/>\n<strong>Pesha: <\/strong>14 gr<br \/>\n<strong>Materiali i pikatores: <\/strong>PS<br \/>\n<strong>Ngjyra e pikatores: <\/strong>Natyrale<\/p>\n","protected":false},"featured_media":23347,"template":"","meta":[],"product_brand":[],"product_cat":[1822],"product_tag":[],"class_list":{"0":"post-33722","1":"product","2":"type-product","3":"status-publish","4":"has-post-thumbnail","6":"product_cat-kapake","8":"first","9":"instock","10":"taxable","11":"shipping-taxable","12":"product-type-simple"},"aioseo_notices":[],"_links":{"self":[{"href":"https:\/\/packmarkt.com\/sq\/wp-json\/wp\/v2\/product\/33722","targetHints":{"allow":["GET"]}}],"collection":[{"href":"https:\/\/packmarkt.com\/sq\/wp-json\/wp\/v2\/product"}],"about":[{"href":"https:\/\/packmarkt.com\/sq\/wp-json\/wp\/v2\/types\/product"}],"wp:featuredmedia":[{"embeddable":true,"href":"https:\/\/packmarkt.com\/sq\/wp-json\/wp\/v2\/media\/23347"}],"wp:attachment":[{"href":"https:\/\/packmarkt.com\/sq\/wp-json\/wp\/v2\/media?parent=33722"}],"wp:term":[{"taxonomy":"product_brand","embeddable":true,"href":"https:\/\/packmarkt.com\/sq\/wp-json\/wp\/v2\/product_brand?post=33722"},{"taxonomy":"product_cat","embeddable":true,"href":"https:\/\/packmarkt.com\/sq\/wp-json\/wp\/v2\/product_cat?post=33722"},{"taxonomy":"product_tag","embeddable":true,"href":"https:\/\/packmarkt.com\/sq\/wp-json\/wp\/v2\/product_tag?post=33722"}],"curies":[{"name":"wp","href":"https:\/\/api.w.org\/{rel}","templated":true}]}}