{"id":33709,"date":"2026-03-20T15:37:18","date_gmt":"2026-03-20T12:37:18","guid":{"rendered":"https:\/\/packmarkt.com\/product\/kapese-roll-on-din18-urea-aksesor-i-zi-sfere-celiku-inoks-kapak-i-zi-orion\/"},"modified":"2026-03-20T15:37:18","modified_gmt":"2026-03-20T12:37:18","slug":"kapese-roll-on-din18-urea-aksesor-i-zi-sfere-celiku-inoks-kapak-i-zi-orion","status":"publish","type":"product","link":"https:\/\/packmarkt.com\/sq\/produkt\/kapese-roll-on-din18-urea-aksesor-i-zi-sfere-celiku-inoks-kapak-i-zi-orion\/","title":{"rendered":"Kap\u00ebse Roll-on DIN18, Urea, aksesor i zi, sfer\u00eb \u00e7eliku inoks, kapak i zi (Orion)"},"content":{"rendered":"","protected":false},"excerpt":{"rendered":"<p><strong>Kodi:<\/strong> EGB02A2C002-200<br \/>\n<strong>Lart\u00ebsia <\/strong>31 mm<br \/>\n<strong>Pesha: <\/strong>14 gr<br \/>\n<strong>Ngjyra: <\/strong>E zez\u00eb<br \/>\n<strong>Materiali i brendsh\u00ebm: <\/strong>PE<br \/>\n<strong>Diametri i sfer\u00ebs: <\/strong>10,1<\/p>\n","protected":false},"featured_media":23378,"template":"","meta":[],"product_brand":[],"product_cat":[1822],"product_tag":[],"class_list":{"0":"post-33709","1":"product","2":"type-product","3":"status-publish","4":"has-post-thumbnail","6":"product_cat-kapake","7":"ts_product_brand-miron","9":"first","10":"instock","11":"taxable","12":"shipping-taxable","13":"product-type-simple"},"aioseo_notices":[],"_links":{"self":[{"href":"https:\/\/packmarkt.com\/sq\/wp-json\/wp\/v2\/product\/33709","targetHints":{"allow":["GET"]}}],"collection":[{"href":"https:\/\/packmarkt.com\/sq\/wp-json\/wp\/v2\/product"}],"about":[{"href":"https:\/\/packmarkt.com\/sq\/wp-json\/wp\/v2\/types\/product"}],"wp:featuredmedia":[{"embeddable":true,"href":"https:\/\/packmarkt.com\/sq\/wp-json\/wp\/v2\/media\/23378"}],"wp:attachment":[{"href":"https:\/\/packmarkt.com\/sq\/wp-json\/wp\/v2\/media?parent=33709"}],"wp:term":[{"taxonomy":"product_brand","embeddable":true,"href":"https:\/\/packmarkt.com\/sq\/wp-json\/wp\/v2\/product_brand?post=33709"},{"taxonomy":"product_cat","embeddable":true,"href":"https:\/\/packmarkt.com\/sq\/wp-json\/wp\/v2\/product_cat?post=33709"},{"taxonomy":"product_tag","embeddable":true,"href":"https:\/\/packmarkt.com\/sq\/wp-json\/wp\/v2\/product_tag?post=33709"}],"curies":[{"name":"wp","href":"https:\/\/api.w.org\/{rel}","templated":true}]}}