{"id":33669,"date":"2026-03-20T15:37:18","date_gmt":"2026-03-20T12:37:18","guid":{"rendered":"https:\/\/packmarkt.com\/product\/kapak-roll-on-din18-pp-pershtates-natyral-topth-plastik-mat-i-bardhe-kapak-i-zi-orion\/"},"modified":"2026-04-07T15:09:45","modified_gmt":"2026-04-07T12:09:45","slug":"kapak-roll-on-din18-pp-pershtates-natyral-topth-plastik-mat-i-bardhe-kapak-i-zi-orion","status":"publish","type":"product","link":"https:\/\/packmarkt.com\/sq\/produkt\/kapak-roll-on-din18-pp-pershtates-natyral-topth-plastik-mat-i-bardhe-kapak-i-zi-orion\/","title":{"rendered":"Kapak Roll-on DIN18, PP, p\u00ebrshtat\u00ebs natyral, topth plastik mat i bardh\u00eb, kapak i zi (Orion)"},"content":{"rendered":"","protected":false},"excerpt":{"rendered":"<p><strong>Kodi:<\/strong> EGB02A2C005-200<br \/>\n<strong>Lart\u00ebsia <\/strong>30,8 mm<br \/>\n<strong>Pesha: <\/strong>7 gr<br \/>\n<strong>Materiali: <\/strong>Nitrile PP<br \/>\n<strong>Ngjyra: <\/strong>E zez\u00eb<br \/>\n<strong>Materiali i brendsh\u00ebm: <\/strong>PE<br \/>\n<strong>Diametri i topthit: <\/strong>10,1<\/p>\n","protected":false},"featured_media":23367,"template":"","meta":[],"product_brand":[],"product_cat":[1822],"product_tag":[],"class_list":{"0":"post-33669","1":"product","2":"type-product","3":"status-publish","4":"has-post-thumbnail","6":"product_cat-kapake","7":"ts_product_brand-miron","9":"first","10":"instock","11":"taxable","12":"shipping-taxable","13":"product-type-simple"},"aioseo_notices":[],"_links":{"self":[{"href":"https:\/\/packmarkt.com\/sq\/wp-json\/wp\/v2\/product\/33669","targetHints":{"allow":["GET"]}}],"collection":[{"href":"https:\/\/packmarkt.com\/sq\/wp-json\/wp\/v2\/product"}],"about":[{"href":"https:\/\/packmarkt.com\/sq\/wp-json\/wp\/v2\/types\/product"}],"wp:featuredmedia":[{"embeddable":true,"href":"https:\/\/packmarkt.com\/sq\/wp-json\/wp\/v2\/media\/23367"}],"wp:attachment":[{"href":"https:\/\/packmarkt.com\/sq\/wp-json\/wp\/v2\/media?parent=33669"}],"wp:term":[{"taxonomy":"product_brand","embeddable":true,"href":"https:\/\/packmarkt.com\/sq\/wp-json\/wp\/v2\/product_brand?post=33669"},{"taxonomy":"product_cat","embeddable":true,"href":"https:\/\/packmarkt.com\/sq\/wp-json\/wp\/v2\/product_cat?post=33669"},{"taxonomy":"product_tag","embeddable":true,"href":"https:\/\/packmarkt.com\/sq\/wp-json\/wp\/v2\/product_tag?post=33669"}],"curies":[{"name":"wp","href":"https:\/\/api.w.org\/{rel}","templated":true}]}}