{"id":30020,"date":"2026-03-30T15:20:54","date_gmt":"2026-03-30T12:20:54","guid":{"rendered":"https:\/\/packmarkt.com\/product\/kapese-me-fileto-clio-168-45-400-llamarine-e-zeze-shtrese-e-brendshme-vjollce-saturn-50-100\/"},"modified":"2026-03-30T15:20:54","modified_gmt":"2026-03-30T12:20:54","slug":"kapese-me-fileto-clio-168-45-400-llamarine-e-zeze-shtrese-e-brendshme-vjollce-saturn-50-100","status":"publish","type":"product","link":"https:\/\/packmarkt.com\/sq\/produkt\/kapese-me-fileto-clio-168-45-400-llamarine-e-zeze-shtrese-e-brendshme-vjollce-saturn-50-100\/","title":{"rendered":"Kap\u00ebse me fileto Clio 168, 45\/400, llamarin\u00eb, e zez\u00eb, shtres\u00eb e brendshme vjollc\u00eb (Saturn 50\/100)"},"content":{"rendered":"","protected":false},"excerpt":{"rendered":"<p><strong>Kodi:<\/strong> CAB27A1A002-200<br \/>\n<strong>Lart\u00ebsia: <\/strong>11,6 mm<br \/>\n<strong>Diametri: <\/strong>44,8 mm<br \/>\n<strong>Hapja:<\/strong> 45\/400<br \/>\n<strong>Materiali: <\/strong>Llamarin\u00eb<br \/>\n<strong>Trash\u00ebsia e materialit t\u00eb vulosjes: <\/strong>1,1<\/p>\n","protected":false},"featured_media":27219,"template":"","meta":[],"product_brand":[],"product_cat":[1822],"product_tag":[],"class_list":{"0":"post-30020","1":"product","2":"type-product","3":"status-publish","4":"has-post-thumbnail","6":"product_cat-kapake","7":"ts_product_brand-miron","9":"first","10":"instock","11":"taxable","12":"shipping-taxable","13":"product-type-simple"},"aioseo_notices":[],"_links":{"self":[{"href":"https:\/\/packmarkt.com\/sq\/wp-json\/wp\/v2\/product\/30020","targetHints":{"allow":["GET"]}}],"collection":[{"href":"https:\/\/packmarkt.com\/sq\/wp-json\/wp\/v2\/product"}],"about":[{"href":"https:\/\/packmarkt.com\/sq\/wp-json\/wp\/v2\/types\/product"}],"wp:featuredmedia":[{"embeddable":true,"href":"https:\/\/packmarkt.com\/sq\/wp-json\/wp\/v2\/media\/27219"}],"wp:attachment":[{"href":"https:\/\/packmarkt.com\/sq\/wp-json\/wp\/v2\/media?parent=30020"}],"wp:term":[{"taxonomy":"product_brand","embeddable":true,"href":"https:\/\/packmarkt.com\/sq\/wp-json\/wp\/v2\/product_brand?post=30020"},{"taxonomy":"product_cat","embeddable":true,"href":"https:\/\/packmarkt.com\/sq\/wp-json\/wp\/v2\/product_cat?post=30020"},{"taxonomy":"product_tag","embeddable":true,"href":"https:\/\/packmarkt.com\/sq\/wp-json\/wp\/v2\/product_tag?post=30020"}],"curies":[{"name":"wp","href":"https:\/\/api.w.org\/{rel}","templated":true}]}}