{"id":30002,"date":"2026-03-30T15:20:56","date_gmt":"2026-03-30T12:20:56","guid":{"rendered":"https:\/\/packmarkt.com\/product\/kapese-me-vide-din18-urea-e-zeze-gjysme-shkelqyese-me-futje-vjollce-phan-orion\/"},"modified":"2026-03-30T15:20:56","modified_gmt":"2026-03-30T12:20:56","slug":"kapese-me-vide-din18-urea-e-zeze-gjysme-shkelqyese-me-futje-vjollce-phan-orion","status":"publish","type":"product","link":"https:\/\/packmarkt.com\/sq\/produkt\/kapese-me-vide-din18-urea-e-zeze-gjysme-shkelqyese-me-futje-vjollce-phan-orion\/","title":{"rendered":"Kap\u00ebse me vid\u00eb DIN18, Urea, e zez\u00eb, gjysm\u00eb-shk\u00eblqyese, me futje vjollc\u00eb Phan (Orion)"},"content":{"rendered":"","protected":false},"excerpt":{"rendered":"<p><strong>Kodi:<\/strong> EGB02A1A001-200<br \/>\n<strong>Lart\u00ebsia:<\/strong> 19.5 mm<br \/>\n<strong>Diametri:<\/strong> 22.5 mm<br \/>\n<strong>Pesha:<\/strong> 5 gr<br \/>\n<strong>Hapja:<\/strong> DIN18<br \/>\n<strong>Materiali:<\/strong> UREA<br \/>\n<strong>Ngjyra:<\/strong> e zez\u00eb<br \/>\n<strong>Materiali i vulosjes: <\/strong>PHAN<br \/>\n<strong>Trash\u00ebsia e materialit t\u00eb vulosjes:<\/strong> 2<\/p>\n","protected":false},"featured_media":27239,"template":"","meta":[],"product_brand":[],"product_cat":[1822],"product_tag":[],"class_list":{"0":"post-30002","1":"product","2":"type-product","3":"status-publish","4":"has-post-thumbnail","6":"product_cat-kapake","7":"ts_product_brand-miron","9":"first","10":"instock","11":"taxable","12":"shipping-taxable","13":"product-type-simple"},"aioseo_notices":[],"_links":{"self":[{"href":"https:\/\/packmarkt.com\/sq\/wp-json\/wp\/v2\/product\/30002","targetHints":{"allow":["GET"]}}],"collection":[{"href":"https:\/\/packmarkt.com\/sq\/wp-json\/wp\/v2\/product"}],"about":[{"href":"https:\/\/packmarkt.com\/sq\/wp-json\/wp\/v2\/types\/product"}],"wp:featuredmedia":[{"embeddable":true,"href":"https:\/\/packmarkt.com\/sq\/wp-json\/wp\/v2\/media\/27239"}],"wp:attachment":[{"href":"https:\/\/packmarkt.com\/sq\/wp-json\/wp\/v2\/media?parent=30002"}],"wp:term":[{"taxonomy":"product_brand","embeddable":true,"href":"https:\/\/packmarkt.com\/sq\/wp-json\/wp\/v2\/product_brand?post=30002"},{"taxonomy":"product_cat","embeddable":true,"href":"https:\/\/packmarkt.com\/sq\/wp-json\/wp\/v2\/product_cat?post=30002"},{"taxonomy":"product_tag","embeddable":true,"href":"https:\/\/packmarkt.com\/sq\/wp-json\/wp\/v2\/product_tag?post=30002"}],"curies":[{"name":"wp","href":"https:\/\/api.w.org\/{rel}","templated":true}]}}