{"id":29911,"date":"2026-03-30T15:20:56","date_gmt":"2026-03-30T12:20:56","guid":{"rendered":"https:\/\/packmarkt.com\/product\/kapese-me-vide-me-sigurese-per-femije-dhe-kunder-manipulimit-pp28-iii-pp-pehd-e-zeze-me-shtrese-phan-vjollce-aquarius\/"},"modified":"2026-03-30T15:20:56","modified_gmt":"2026-03-30T12:20:56","slug":"kapese-me-vide-me-sigurese-per-femije-dhe-kunder-manipulimit-pp28-iii-pp-pehd-e-zeze-me-shtrese-phan-vjollce-aquarius","status":"publish","type":"product","link":"https:\/\/packmarkt.com\/sq\/produkt\/kapese-me-vide-me-sigurese-per-femije-dhe-kunder-manipulimit-pp28-iii-pp-pehd-e-zeze-me-shtrese-phan-vjollce-aquarius\/","title":{"rendered":"Kap\u00ebse me vid\u00eb me sigures\u00eb p\u00ebr f\u00ebmij\u00eb dhe kund\u00ebr manipulimit PP28, III, PP\/PEHD, e zez\u00eb, me shtres\u00eb Phan vjollc\u00eb (Aquarius)"},"content":{"rendered":"","protected":false},"excerpt":{"rendered":"<p><strong>Kodi:<\/strong> RGB02G1A001-200<br \/>\n<strong>Lart\u00ebsia <\/strong>24.7 mm<br \/>\n<strong>Diametri: <\/strong>34.4 mm<br \/>\n<strong>Pesha: <\/strong>7 gr<br \/>\n<strong>Hapja:<\/strong> PP28<br \/>\n<strong>Materiali: <\/strong>PP<br \/>\n<strong>Ngjyra:<\/strong> e zez\u00eb<br \/>\n<strong>Lloji i unaz\u00ebs s\u00eb siguris\u00eb: <\/strong>TypeIII<br \/>\n<strong>Materiali i unaz\u00ebs s\u00eb siguris\u00eb: <\/strong>PEHD<br \/>\n<strong>Materiali i vulosjes: <\/strong>PHAN<br \/>\n<strong>Trash\u00ebsia e materialit t\u00eb vulosjes: <\/strong>2<\/p>\n","protected":false},"featured_media":27244,"template":"","meta":[],"product_brand":[],"product_cat":[1822],"product_tag":[],"class_list":{"0":"post-29911","1":"product","2":"type-product","3":"status-publish","4":"has-post-thumbnail","6":"product_cat-kapake","7":"ts_product_brand-miron","9":"first","10":"instock","11":"taxable","12":"shipping-taxable","13":"product-type-simple"},"aioseo_notices":[],"_links":{"self":[{"href":"https:\/\/packmarkt.com\/sq\/wp-json\/wp\/v2\/product\/29911","targetHints":{"allow":["GET"]}}],"collection":[{"href":"https:\/\/packmarkt.com\/sq\/wp-json\/wp\/v2\/product"}],"about":[{"href":"https:\/\/packmarkt.com\/sq\/wp-json\/wp\/v2\/types\/product"}],"wp:featuredmedia":[{"embeddable":true,"href":"https:\/\/packmarkt.com\/sq\/wp-json\/wp\/v2\/media\/27244"}],"wp:attachment":[{"href":"https:\/\/packmarkt.com\/sq\/wp-json\/wp\/v2\/media?parent=29911"}],"wp:term":[{"taxonomy":"product_brand","embeddable":true,"href":"https:\/\/packmarkt.com\/sq\/wp-json\/wp\/v2\/product_brand?post=29911"},{"taxonomy":"product_cat","embeddable":true,"href":"https:\/\/packmarkt.com\/sq\/wp-json\/wp\/v2\/product_cat?post=29911"},{"taxonomy":"product_tag","embeddable":true,"href":"https:\/\/packmarkt.com\/sq\/wp-json\/wp\/v2\/product_tag?post=29911"}],"curies":[{"name":"wp","href":"https:\/\/api.w.org\/{rel}","templated":true}]}}