{"id":29873,"date":"2026-03-30T15:20:56","date_gmt":"2026-03-30T12:20:56","guid":{"rendered":"https:\/\/packmarkt.com\/product\/kapese-me-vide-me-sigurese-kunder-hapjes-31-5-iii-pp-e-zeze-shtrese-phan-vjollce-castor\/"},"modified":"2026-03-30T15:20:56","modified_gmt":"2026-03-30T12:20:56","slug":"kapese-me-vide-me-sigurese-kunder-hapjes-31-5-iii-pp-e-zeze-shtrese-phan-vjollce-castor","status":"publish","type":"product","link":"https:\/\/packmarkt.com\/sq\/produkt\/kapese-me-vide-me-sigurese-kunder-hapjes-31-5-iii-pp-e-zeze-shtrese-phan-vjollce-castor\/","title":{"rendered":"Kap\u00ebse me vid\u00eb me sigures\u00eb kund\u00ebr hapjes 31.5, III, PP, e zez\u00eb, shtres\u00eb Phan vjollc\u00eb (Castor)"},"content":{"rendered":"","protected":false},"excerpt":{"rendered":"<p><strong>Kodi:<\/strong> RGB02E1A001-200<br \/>\n<strong>Lart\u00ebsia <\/strong>22,5 mm<br \/>\n<strong>Diametri: <\/strong>35 mm<br \/>\n<strong>Pesha: <\/strong>6 gr<br \/>\n<strong>Hapja:<\/strong> 31,5 STD<br \/>\n<strong>Materiali: <\/strong>PP<br \/>\n<strong>Ngjyra:<\/strong> e zez\u00eb<br \/>\n<strong>Lloji i unaz\u00ebs s\u00eb siguris\u00eb: <\/strong>TypeIII<br \/>\n<strong>Materiali i unaz\u00ebs s\u00eb siguris\u00eb: <\/strong>PELD<br \/>\n<strong>Materiali i vulosjes: <\/strong>PHAN<br \/>\n<strong>Trash\u00ebsia e materialit t\u00eb vulosjes: <\/strong>2<\/p>\n","protected":false},"featured_media":27247,"template":"","meta":[],"product_brand":[],"product_cat":[1822],"product_tag":[],"class_list":{"0":"post-29873","1":"product","2":"type-product","3":"status-publish","4":"has-post-thumbnail","6":"product_cat-kapake","7":"ts_product_brand-miron","9":"first","10":"instock","11":"taxable","12":"shipping-taxable","13":"product-type-simple"},"aioseo_notices":[],"_links":{"self":[{"href":"https:\/\/packmarkt.com\/sq\/wp-json\/wp\/v2\/product\/29873","targetHints":{"allow":["GET"]}}],"collection":[{"href":"https:\/\/packmarkt.com\/sq\/wp-json\/wp\/v2\/product"}],"about":[{"href":"https:\/\/packmarkt.com\/sq\/wp-json\/wp\/v2\/types\/product"}],"wp:featuredmedia":[{"embeddable":true,"href":"https:\/\/packmarkt.com\/sq\/wp-json\/wp\/v2\/media\/27247"}],"wp:attachment":[{"href":"https:\/\/packmarkt.com\/sq\/wp-json\/wp\/v2\/media?parent=29873"}],"wp:term":[{"taxonomy":"product_brand","embeddable":true,"href":"https:\/\/packmarkt.com\/sq\/wp-json\/wp\/v2\/product_brand?post=29873"},{"taxonomy":"product_cat","embeddable":true,"href":"https:\/\/packmarkt.com\/sq\/wp-json\/wp\/v2\/product_cat?post=29873"},{"taxonomy":"product_tag","embeddable":true,"href":"https:\/\/packmarkt.com\/sq\/wp-json\/wp\/v2\/product_tag?post=29873"}],"curies":[{"name":"wp","href":"https:\/\/api.w.org\/{rel}","templated":true}]}}