{"id":29870,"date":"2026-03-30T11:27:20","date_gmt":"2026-03-30T08:27:20","guid":{"rendered":"https:\/\/packmarkt.com\/product\/kapak-me-pompe-per-locion-extended-nozzle-24-410-pp-i-zi-i-lemuar-doze-050-ml-kapese-sigurie-virgo-draco-200\/"},"modified":"2026-04-06T13:28:54","modified_gmt":"2026-04-06T10:28:54","slug":"kapak-me-pompe-per-locion-extended-nozzle-24-410-pp-i-zi-i-lemuar-doze-050-ml-kapese-sigurie-virgo-draco-200","status":"publish","type":"product","link":"https:\/\/packmarkt.com\/sq\/produkt\/kapak-me-pompe-per-locion-extended-nozzle-24-410-pp-i-zi-i-lemuar-doze-050-ml-kapese-sigurie-virgo-draco-200\/","title":{"rendered":"Kapak me pomp\u00eb p\u00ebr locion Extended Nozzle, 24\/410, PP, i zi, i l\u00ebmuar, doz\u00eb 0,50 ml, kap\u00ebse sigurie (Virgo\/Draco 200)"},"content":{"rendered":"","protected":false},"excerpt":{"rendered":"<p><strong>Kodi:<\/strong>ABB15A3C004-200<br \/>\n<strong>Lart\u00ebsia <\/strong>55,7 mm<br \/>\n<strong>Diametri: <\/strong>29,3 mm<br \/>\n<strong>Pesha: <\/strong>17 g<br \/>\n<strong>Materiali: <\/strong>PP H<br \/>\n<strong>Ngjyra:<\/strong>e zez\u00eb<br \/>\n<strong>Dozatori: <\/strong>0,5 ml<br \/>\n<strong>Qafa: <\/strong>24\/410<br \/>\n<strong>Gjat\u00ebsia e tubit: <\/strong>115 mm<br \/>\n<strong>Materiali i tubit: <\/strong>LDPE<\/p>\n","protected":false},"featured_media":27187,"template":"","meta":[],"product_brand":[],"product_cat":[1822],"product_tag":[],"class_list":{"0":"post-29870","1":"product","2":"type-product","3":"status-publish","4":"has-post-thumbnail","6":"product_cat-kapake","7":"ts_product_brand-miron","9":"first","10":"instock","11":"taxable","12":"shipping-taxable","13":"product-type-simple"},"aioseo_notices":[],"_links":{"self":[{"href":"https:\/\/packmarkt.com\/sq\/wp-json\/wp\/v2\/product\/29870","targetHints":{"allow":["GET"]}}],"collection":[{"href":"https:\/\/packmarkt.com\/sq\/wp-json\/wp\/v2\/product"}],"about":[{"href":"https:\/\/packmarkt.com\/sq\/wp-json\/wp\/v2\/types\/product"}],"wp:featuredmedia":[{"embeddable":true,"href":"https:\/\/packmarkt.com\/sq\/wp-json\/wp\/v2\/media\/27187"}],"wp:attachment":[{"href":"https:\/\/packmarkt.com\/sq\/wp-json\/wp\/v2\/media?parent=29870"}],"wp:term":[{"taxonomy":"product_brand","embeddable":true,"href":"https:\/\/packmarkt.com\/sq\/wp-json\/wp\/v2\/product_brand?post=29870"},{"taxonomy":"product_cat","embeddable":true,"href":"https:\/\/packmarkt.com\/sq\/wp-json\/wp\/v2\/product_cat?post=29870"},{"taxonomy":"product_tag","embeddable":true,"href":"https:\/\/packmarkt.com\/sq\/wp-json\/wp\/v2\/product_tag?post=29870"}],"curies":[{"name":"wp","href":"https:\/\/api.w.org\/{rel}","templated":true}]}}