{"id":29858,"date":"2026-03-30T15:20:54","date_gmt":"2026-03-30T12:20:54","guid":{"rendered":"https:\/\/packmarkt.com\/product\/kapese-me-vide-clio-285-28-410-alumini-e-zeze-me-mbushje-te-bardhe\/"},"modified":"2026-03-30T15:20:54","modified_gmt":"2026-03-30T12:20:54","slug":"kapese-me-vide-clio-285-28-410-alumini-e-zeze-me-mbushje-te-bardhe","status":"publish","type":"product","link":"https:\/\/packmarkt.com\/sq\/produkt\/kapese-me-vide-clio-285-28-410-alumini-e-zeze-me-mbushje-te-bardhe\/","title":{"rendered":"Kap\u00ebse me vid\u00eb Clio 285, 28\/410, alumini, e zez\u00eb, me mbushje t\u00eb bardh\u00eb"},"content":{"rendered":"","protected":false},"excerpt":{"rendered":"<p><strong>Kodi:<\/strong> CAB18A1A001-200<br \/>\n<strong>Lart\u00ebsia <\/strong>18,5 mm<br \/>\n<strong>Diametri: <\/strong>31 mm<br \/>\n<strong>Pesha: <\/strong>5 gr<br \/>\n<strong>Hapja:<\/strong> 28\/410<br \/>\n<strong>Materiali: <\/strong>Alumini<br \/>\n<strong>Ngjyra:<\/strong> e zez\u00eb<br \/>\n<strong>Materiali i vulosjes: <\/strong>LDPE\/EPE<br \/>\n<strong>Trash\u00ebsia e materialit t\u00eb vulosjes: <\/strong>1,5<\/p>\n","protected":false},"featured_media":27217,"template":"","meta":[],"product_brand":[],"product_cat":[1822],"product_tag":[],"class_list":{"0":"post-29858","1":"product","2":"type-product","3":"status-publish","4":"has-post-thumbnail","6":"product_cat-kapake","7":"ts_product_brand-miron","9":"first","10":"instock","11":"taxable","12":"shipping-taxable","13":"product-type-simple"},"aioseo_notices":[],"_links":{"self":[{"href":"https:\/\/packmarkt.com\/sq\/wp-json\/wp\/v2\/product\/29858","targetHints":{"allow":["GET"]}}],"collection":[{"href":"https:\/\/packmarkt.com\/sq\/wp-json\/wp\/v2\/product"}],"about":[{"href":"https:\/\/packmarkt.com\/sq\/wp-json\/wp\/v2\/types\/product"}],"wp:featuredmedia":[{"embeddable":true,"href":"https:\/\/packmarkt.com\/sq\/wp-json\/wp\/v2\/media\/27217"}],"wp:attachment":[{"href":"https:\/\/packmarkt.com\/sq\/wp-json\/wp\/v2\/media?parent=29858"}],"wp:term":[{"taxonomy":"product_brand","embeddable":true,"href":"https:\/\/packmarkt.com\/sq\/wp-json\/wp\/v2\/product_brand?post=29858"},{"taxonomy":"product_cat","embeddable":true,"href":"https:\/\/packmarkt.com\/sq\/wp-json\/wp\/v2\/product_cat?post=29858"},{"taxonomy":"product_tag","embeddable":true,"href":"https:\/\/packmarkt.com\/sq\/wp-json\/wp\/v2\/product_tag?post=29858"}],"curies":[{"name":"wp","href":"https:\/\/api.w.org\/{rel}","templated":true}]}}