{"id":29846,"date":"2026-03-30T11:27:20","date_gmt":"2026-03-30T08:27:20","guid":{"rendered":"https:\/\/packmarkt.com\/product\/kapese-me-pompe-per-locion-cremosa-24-410-pp-e-zeze-mat-doze-028-ml-me-bllokim-me-rrotullim-virgo-50\/"},"modified":"2026-03-30T11:27:20","modified_gmt":"2026-03-30T08:27:20","slug":"kapese-me-pompe-per-locion-cremosa-24-410-pp-e-zeze-mat-doze-028-ml-me-bllokim-me-rrotullim-virgo-50","status":"publish","type":"product","link":"https:\/\/packmarkt.com\/sq\/produkt\/kapese-me-pompe-per-locion-cremosa-24-410-pp-e-zeze-mat-doze-028-ml-me-bllokim-me-rrotullim-virgo-50\/","title":{"rendered":"Kap\u00ebse me pomp\u00eb p\u00ebr locion Cremosa 24\/410, PP, e zez\u00eb, mat, doz\u00eb 0,28 ml, me bllokim me rrotullim (Virgo 50)"},"content":{"rendered":"","protected":false},"excerpt":{"rendered":"<p><strong>Kodi:<\/strong>ABB15A3C031-201<br \/>\n<strong>Lart\u00ebsia: <\/strong>72,4 mm<br \/>\n<strong>Diametri: <\/strong>30,5 mm<br \/>\n<strong>Pesha: <\/strong>17 gr<br \/>\n<strong>Dozator: <\/strong>0,28 ml<br \/>\n<strong>Gryka: <\/strong>24\/410<br \/>\n<strong>Gjat\u00ebsia e tubit: <\/strong>115 mm<br \/>\n<strong>Materiali i tubit: <\/strong>LDPE<\/p>\n","protected":false},"featured_media":27197,"template":"","meta":[],"product_brand":[],"product_cat":[1822],"product_tag":[],"class_list":{"0":"post-29846","1":"product","2":"type-product","3":"status-publish","4":"has-post-thumbnail","6":"product_cat-kapake","7":"ts_product_brand-miron","9":"first","10":"instock","11":"taxable","12":"shipping-taxable","13":"product-type-simple"},"aioseo_notices":[],"_links":{"self":[{"href":"https:\/\/packmarkt.com\/sq\/wp-json\/wp\/v2\/product\/29846","targetHints":{"allow":["GET"]}}],"collection":[{"href":"https:\/\/packmarkt.com\/sq\/wp-json\/wp\/v2\/product"}],"about":[{"href":"https:\/\/packmarkt.com\/sq\/wp-json\/wp\/v2\/types\/product"}],"wp:featuredmedia":[{"embeddable":true,"href":"https:\/\/packmarkt.com\/sq\/wp-json\/wp\/v2\/media\/27197"}],"wp:attachment":[{"href":"https:\/\/packmarkt.com\/sq\/wp-json\/wp\/v2\/media?parent=29846"}],"wp:term":[{"taxonomy":"product_brand","embeddable":true,"href":"https:\/\/packmarkt.com\/sq\/wp-json\/wp\/v2\/product_brand?post=29846"},{"taxonomy":"product_cat","embeddable":true,"href":"https:\/\/packmarkt.com\/sq\/wp-json\/wp\/v2\/product_cat?post=29846"},{"taxonomy":"product_tag","embeddable":true,"href":"https:\/\/packmarkt.com\/sq\/wp-json\/wp\/v2\/product_tag?post=29846"}],"curies":[{"name":"wp","href":"https:\/\/api.w.org\/{rel}","templated":true}]}}